{"id":72784,"date":"2024-05-29T11:14:29","date_gmt":"2024-05-29T11:14:29","guid":{"rendered":"https:\/\/skinstudio.ee\/?post_type=product&#038;p=72784"},"modified":"2026-04-03T09:35:19","modified_gmt":"2026-04-03T09:35:19","slug":"ultralight-mineral-spf-25","status":"publish","type":"product","link":"https:\/\/skinstudio.ee\/lv\/catalog\/cellderma-lv\/ultralight-mineral-spf-25\/","title":{"rendered":"Ultralight Mineral SPF 25"},"content":{"rendered":"<p data-start=\"2616\" data-end=\"2879\">Ultralight Mineral SPF 25 ir \u012bpa\u0161i viegls saules aizsargkr\u0113ms bez to\u0146a, kas paredz\u0113ts ikdienas aizsardz\u012bbai pret UVA un UVB starojumu. Formula nodro\u0161ina uzticamu fotoaizsardz\u012bbu, nep\u0101rslogojot \u0101du un neradot smaguma saj\u016btu, t\u0101p\u0113c ir piem\u0113rota ikdienas lieto\u0161anai.<\/p>\n<p data-start=\"2881\" data-end=\"3167\">Kr\u0113ms vienm\u0113r\u012bgi kl\u0101jas, \u0101tri ies\u016bcas un neatst\u0101j baltu nos\u0113dumu. Tas pal\u012bdz aizsarg\u0101t \u0101du no fotonoveco\u0161an\u0101s, samazina pigment\u0101cijas risku un regul\u0101ri lietojot uztur \u0101das vesel\u012bgu izskatu. \u012apa\u0161i piem\u0113rots \u0101dai ar noslieci uz iekaisumiem un izsitumiem, ar\u012b p\u0113c kosm\u0113tiskaj\u0101m proced\u016br\u0101m.<\/p>\n<p data-start=\"3169\" data-end=\"3193\"><strong data-start=\"3169\" data-end=\"3193\">Akt\u012bv\u0101s sast\u0101vda\u013cas:<\/strong><\/p>\n<ul>\n<li data-start=\"3195\" data-end=\"3576\"><strong data-start=\"3195\" data-end=\"3235\">Cinka oks\u012bds (miner\u0101lais UV filtrs):<\/strong> nodro\u0161ina pla\u0161a spektra aizsardz\u012bbu pret UVA un UVB stariem un pal\u012bdz nov\u0113rst fotoboj\u0101jumus.<\/li>\n<li data-start=\"3195\" data-end=\"3576\"><strong data-start=\"3331\" data-end=\"3363\">Ethylhexyl Methoxycinnamate:<\/strong> pastiprina saules aizsardz\u012bbas efektu un palielina fotoprotekcijas l\u012bmeni.<\/li>\n<li data-start=\"3195\" data-end=\"3576\"><strong data-start=\"3441\" data-end=\"3487\">Za\u013c\u0101s t\u0113jas ekstrakts (Camellia Sinensis):<\/strong> nodro\u0161ina antioksidantu aizsardz\u012bbu un pal\u012bdz pasarg\u0101t \u0101du no apk\u0101rt\u0113j\u0101s vides ietekmes.<\/li>\n<\/ul>\n<p data-start=\"3578\" data-end=\"3732\">Kr\u0113ms ir piem\u0113rots ikdienas lieto\u0161anai, ar\u012b jut\u012bgai un problem\u0101tiskai \u0101dai. Viegl\u0101 tekst\u016bra padara to komfortablu lieto\u0161anai k\u0101 dienas kr\u0113mu un zem grima.<\/p>\n<p data-start=\"3734\" data-end=\"3752\"><strong data-start=\"3734\" data-end=\"3746\">Tilpums:<\/strong> 60 ml<\/p>\n","protected":false},"excerpt":{"rendered":"<p data-start=\"1074\" data-end=\"1129\">Miner\u0101lais saules aizsargkr\u0113ms ar \u012bpa\u0161i vieglu tekst\u016bru<\/p>\n<h2 data-start=\"1131\" data-end=\"1181\"><strong data-start=\"1131\" data-end=\"1181\">\u012apa\u0161\u012bbas CELLDERMA &#8211; Ultralight Mineral SPF 25<\/strong><\/h2>\n<p data-start=\"1183\" data-end=\"1441\">\u2714\ufe0f Nodro\u0161ina uzticamu aizsardz\u012bbu pret UVA un UVB stariem<br data-start=\"1240\" data-end=\"1243\" \/>\u2714\ufe0f Piem\u0113rots jut\u012bgai un iekaisu\u0161ai \u0101dai<br data-start=\"1282\" data-end=\"1285\" \/>\u2714\ufe0f Nesatur toni un neatst\u0101j baltu nos\u0113dumu<br data-start=\"1327\" data-end=\"1330\" \/>\u2714\ufe0f Nov\u0113r\u0161 fotonoveco\u0161anos un pigment\u0101cijas veido\u0161anos<br data-start=\"1383\" data-end=\"1386\" \/>\u2714\ufe0f Viegl\u0101 tekst\u016bra ir komfortabla ikdienas lieto\u0161anai<\/p>\n","protected":false},"featured_media":61526,"template":"","meta":[],"pwb-brand":[1209],"product_brand":[],"product_cat":[745,731,747],"product_tag":[],"giftcard-category":[],"class_list":{"0":"post-72784","1":"product","2":"type-product","3":"status-publish","4":"has-post-thumbnail","6":"pwb-brand-cellderma-lv","7":"product_cat-jutigai-adai","8":"product_cat-spf-aizsardziba","9":"product_cat-taukainai-adai","11":"first","12":"instock","13":"taxable","14":"shipping-taxable","15":"purchasable","16":"product-type-simple"},"acf":[],"brands":[{"id":1209,"name":"CellDerma","slug":"cellderma-lv"}],"_links":{"self":[{"href":"https:\/\/skinstudio.ee\/lv\/wp-json\/wp\/v2\/product\/72784","targetHints":{"allow":["GET"]}}],"collection":[{"href":"https:\/\/skinstudio.ee\/lv\/wp-json\/wp\/v2\/product"}],"about":[{"href":"https:\/\/skinstudio.ee\/lv\/wp-json\/wp\/v2\/types\/product"}],"version-history":[{"count":2,"href":"https:\/\/skinstudio.ee\/lv\/wp-json\/wp\/v2\/product\/72784\/revisions"}],"predecessor-version":[{"id":72833,"href":"https:\/\/skinstudio.ee\/lv\/wp-json\/wp\/v2\/product\/72784\/revisions\/72833"}],"wp:featuredmedia":[{"embeddable":true,"href":"https:\/\/skinstudio.ee\/lv\/wp-json\/wp\/v2\/media\/61526"}],"wp:attachment":[{"href":"https:\/\/skinstudio.ee\/lv\/wp-json\/wp\/v2\/media?parent=72784"}],"wp:term":[{"taxonomy":"pwb-brand","embeddable":true,"href":"https:\/\/skinstudio.ee\/lv\/wp-json\/wp\/v2\/pwb-brand?post=72784"},{"taxonomy":"product_brand","embeddable":true,"href":"https:\/\/skinstudio.ee\/lv\/wp-json\/wp\/v2\/product_brand?post=72784"},{"taxonomy":"product_cat","embeddable":true,"href":"https:\/\/skinstudio.ee\/lv\/wp-json\/wp\/v2\/product_cat?post=72784"},{"taxonomy":"product_tag","embeddable":true,"href":"https:\/\/skinstudio.ee\/lv\/wp-json\/wp\/v2\/product_tag?post=72784"},{"taxonomy":"giftcard-category","embeddable":true,"href":"https:\/\/skinstudio.ee\/lv\/wp-json\/wp\/v2\/giftcard-category?post=72784"}],"curies":[{"name":"wp","href":"https:\/\/api.w.org\/{rel}","templated":true}]}}