{"id":72790,"date":"2024-05-29T11:05:47","date_gmt":"2024-05-29T11:05:47","guid":{"rendered":"https:\/\/skinstudio.ee\/?post_type=product&#038;p=72790"},"modified":"2026-04-03T09:35:19","modified_gmt":"2026-04-03T09:35:19","slug":"perfect-lips","status":"publish","type":"product","link":"https:\/\/skinstudio.ee\/lv\/catalog\/cellderma-lv\/perfect-lips\/","title":{"rendered":"Perfect Lips"},"content":{"rendered":"<p data-start=\"2401\" data-end=\"2617\">Perfect Lips ir profesion\u0101ls atjaunojo\u0161s l\u016bpu kop\u0161anas l\u012bdzeklis ar vieglu, caursp\u012bd\u012bgu un nelip\u012bgu tekst\u016bru. Tas intens\u012bvi mitrina, m\u012bkstina un pal\u012bdz atjaunot l\u016bpu \u0101du, atgrie\u017eot gludumu, komfortu un koptu izskatu.<\/p>\n<p data-start=\"2619\" data-end=\"2884\">Formula pal\u012bdz mazin\u0101t sausumu, lob\u012b\u0161anos un savilkuma saj\u016btu, padarot l\u016bpas glud\u0101kas, pabarot\u0101kas un vizu\u0101li kopt\u0101kas. L\u012bdzeklis ir ide\u0101li piem\u0113rots ikdienas lieto\u0161anai, k\u0101 ar\u012b pirms un p\u0113c injekciju proced\u016br\u0101m, pal\u012bdzot pa\u0101trin\u0101t atjauno\u0161anos un uzlabot komfortu.<\/p>\n<p data-start=\"2886\" data-end=\"2910\"><strong data-start=\"2886\" data-end=\"2910\">Akt\u012bv\u0101s sast\u0101vda\u013cas:<\/strong><\/p>\n<ul>\n<li data-start=\"2912\" data-end=\"3200\"><strong data-start=\"2912\" data-end=\"2924\">Pept\u012bdi:<\/strong> pal\u012bdz uztur\u0113t l\u016bpu tvirtumu un veicina glud\u0101ku un kopt\u0101ku izskatu.<\/li>\n<li data-start=\"2912\" data-end=\"3200\"><strong data-start=\"2995\" data-end=\"3009\">Piensk\u0101be:<\/strong> maigi atjauno l\u016bpu virsmu un pal\u012bdz samazin\u0101t lob\u012b\u0161anos.<\/li>\n<li data-start=\"2912\" data-end=\"3200\"><strong data-start=\"3069\" data-end=\"3105\">Aizsarg\u0101jo\u0161s barojo\u0161s komplekss:<\/strong> pal\u012bdz saglab\u0101t mitrumu, aizsarg\u0101 l\u016bpas no sausuma un veicina \u0101tr\u0101ku atjauno\u0161anos un komfortu.<\/li>\n<\/ul>\n<p data-start=\"3202\" data-end=\"3341\">L\u012bdzeklis ir piem\u0113rots ikdienas lieto\u0161anai un \u012bpa\u0161i ieteicams saus\u0101m, jut\u012bg\u0101m un boj\u0101t\u0101m l\u016bp\u0101m, k\u0101 ar\u012b atjauno\u0161an\u0101s period\u0101 p\u0113c proced\u016br\u0101m.<\/p>\n<p data-start=\"3343\" data-end=\"3361\"><strong data-start=\"3343\" data-end=\"3355\">Tilpums:<\/strong> 15 ml<\/p>\n","protected":false},"excerpt":{"rendered":"<p data-start=\"1033\" data-end=\"1098\">Atjaunojo\u0161s l\u016bpu kop\u0161anas l\u012bdzeklis ar pept\u012bdiem un hialuronsk\u0101bi<\/p>\n<h2 data-start=\"1100\" data-end=\"1137\"><strong data-start=\"1100\" data-end=\"1137\">\u012apa\u0161\u012bbas CELLDERMA &#8211; Perfect Lips<\/strong><\/h2>\n<p data-start=\"1139\" data-end=\"1420\">\u2714\ufe0f Intens\u012bvi mitrina un atjauno l\u016bpu \u0101du<br data-start=\"1179\" data-end=\"1182\" \/>\u2714\ufe0f Stimul\u0113 kolag\u0113na sint\u0113zi, pateicoties pretnoveco\u0161an\u0101s pept\u012bdiem<br data-start=\"1248\" data-end=\"1251\" \/>\u2714\ufe0f Nov\u0113r\u0161 sausumu, lob\u012b\u0161anos un savilkuma saj\u016btu<br data-start=\"1299\" data-end=\"1302\" \/>\u2714\ufe0f Padara l\u016bpas gludas, m\u012bkstas un vizu\u0101li koptas<br data-start=\"1351\" data-end=\"1354\" \/>\u2714\ufe0f Ide\u0101li piem\u0113rots lieto\u0161anai pirms un p\u0113c injekciju proced\u016br\u0101m<\/p>\n","protected":false},"featured_media":72791,"template":"","meta":[],"pwb-brand":[1209],"product_brand":[],"product_cat":[759],"product_tag":[],"giftcard-category":[],"class_list":{"0":"post-72790","1":"product","2":"type-product","3":"status-publish","4":"has-post-thumbnail","6":"pwb-brand-cellderma-lv","7":"product_cat-lupu-kopsana","9":"first","10":"outofstock","11":"taxable","12":"shipping-taxable","13":"purchasable","14":"product-type-simple"},"acf":[],"brands":[{"id":1209,"name":"CellDerma","slug":"cellderma-lv"}],"_links":{"self":[{"href":"https:\/\/skinstudio.ee\/lv\/wp-json\/wp\/v2\/product\/72790","targetHints":{"allow":["GET"]}}],"collection":[{"href":"https:\/\/skinstudio.ee\/lv\/wp-json\/wp\/v2\/product"}],"about":[{"href":"https:\/\/skinstudio.ee\/lv\/wp-json\/wp\/v2\/types\/product"}],"version-history":[{"count":2,"href":"https:\/\/skinstudio.ee\/lv\/wp-json\/wp\/v2\/product\/72790\/revisions"}],"predecessor-version":[{"id":72839,"href":"https:\/\/skinstudio.ee\/lv\/wp-json\/wp\/v2\/product\/72790\/revisions\/72839"}],"wp:featuredmedia":[{"embeddable":true,"href":"https:\/\/skinstudio.ee\/lv\/wp-json\/wp\/v2\/media\/72791"}],"wp:attachment":[{"href":"https:\/\/skinstudio.ee\/lv\/wp-json\/wp\/v2\/media?parent=72790"}],"wp:term":[{"taxonomy":"pwb-brand","embeddable":true,"href":"https:\/\/skinstudio.ee\/lv\/wp-json\/wp\/v2\/pwb-brand?post=72790"},{"taxonomy":"product_brand","embeddable":true,"href":"https:\/\/skinstudio.ee\/lv\/wp-json\/wp\/v2\/product_brand?post=72790"},{"taxonomy":"product_cat","embeddable":true,"href":"https:\/\/skinstudio.ee\/lv\/wp-json\/wp\/v2\/product_cat?post=72790"},{"taxonomy":"product_tag","embeddable":true,"href":"https:\/\/skinstudio.ee\/lv\/wp-json\/wp\/v2\/product_tag?post=72790"},{"taxonomy":"giftcard-category","embeddable":true,"href":"https:\/\/skinstudio.ee\/lv\/wp-json\/wp\/v2\/giftcard-category?post=72790"}],"curies":[{"name":"wp","href":"https:\/\/api.w.org\/{rel}","templated":true}]}}