{"id":72853,"date":"2024-05-29T11:02:57","date_gmt":"2024-05-29T11:02:57","guid":{"rendered":"https:\/\/skinstudio.ee\/?post_type=product&#038;p=72853"},"modified":"2026-04-03T09:35:19","modified_gmt":"2026-04-03T09:35:19","slug":"hyaluronic-cream","status":"publish","type":"product","link":"https:\/\/skinstudio.ee\/lv\/catalog\/cellderma-lv\/hyaluronic-cream\/","title":{"rendered":"Hyaluronic Cream"},"content":{"rendered":"<p data-start=\"201\" data-end=\"430\">Hyaluronic Cream ir profesion\u0101ls mitrino\u0161s kr\u0113ms ar hialuronsk\u0101bi, kas paredz\u0113ts intens\u012bvai un ilgsto\u0161ai \u0101das mitrin\u0101\u0161anai. Formula pal\u012bdz atjaunot mitruma l\u012bmeni, padara \u0101du glud\u0101ku un tvirt\u0101ku, k\u0101 ar\u012b uzlabo t\u0101s kop\u0113jo izskatu.<\/p>\n<p data-start=\"432\" data-end=\"683\">Kr\u0113ms pal\u012bdz atjaunot \u0101das mitruma l\u012bdzsvaru, mazina sausuma un savilkuma saj\u016btu un pie\u0161\u0137ir \u0101dai svaig\u0101ku un kopt\u0101ku izskatu. Pateicoties sabalans\u0113tajam sast\u0101vam, tas atbalsta \u0101das aizsargbarjeru un pal\u012bdz \u0101dai lab\u0101k tikt gal\u0101 ar \u0101r\u0113j\u0101s vides ietekmi.<\/p>\n<p data-start=\"685\" data-end=\"709\"><strong data-start=\"685\" data-end=\"709\">Akt\u012bv\u0101s sast\u0101vda\u013cas:<\/strong><\/p>\n<p data-start=\"711\" data-end=\"1021\"><strong data-start=\"711\" data-end=\"729\">Hialuronsk\u0101be:<\/strong> intens\u012bvi mitrina \u0101du, pal\u012bdz notur\u0113t mitrumu un padara \u0101du glud\u0101ku un elast\u012bg\u0101ku.<br data-start=\"812\" data-end=\"815\" \/><strong data-start=\"815\" data-end=\"828\">Skval\u0101ns:<\/strong> atbalsta \u0101das aizsargbarjeru un pal\u012bdz nov\u0113rst mitruma zudumu, nep\u0101rslogojot \u0101du.<br data-start=\"910\" data-end=\"913\" \/><strong data-start=\"913\" data-end=\"951\">Jojobas un apriko\u017eu kauli\u0146u e\u013c\u013cas:<\/strong> m\u012bkstina un baro \u0101du, pal\u012bdzot saglab\u0101t komfortu visas dienas garum\u0101.<\/p>\n<p data-start=\"1023\" data-end=\"1232\">Kr\u0113ms ir piem\u0113rots ikdienas lieto\u0161anai un ir labi panesams visiem \u0101das tipiem, \u012bpa\u0161i sausai un dehidr\u0113tai \u0101dai. Komfortabl\u0101 vid\u0113jas konsistences tekst\u016bra viegli kl\u0101jas, \u0101tri ies\u016bcas un neatst\u0101j smaguma saj\u016btu.<\/p>\n<p data-start=\"1234\" data-end=\"1252\"><strong data-start=\"1234\" data-end=\"1246\">Tilpums:<\/strong> 30 ml<\/p>\n","protected":false},"excerpt":{"rendered":"<p data-start=\"1403\" data-end=\"1435\">Mitrino\u0161s kr\u0113ms ar hialuronsk\u0101bi<\/p>\n<h2 data-start=\"1437\" data-end=\"1478\"><strong data-start=\"1437\" data-end=\"1478\">\u012apa\u0161\u012bbas CELLDERMA &#8211; Hyaluronic Cream<\/strong><\/h2>\n<p data-start=\"1480\" data-end=\"1748\">\u2714\ufe0f Intens\u012bvi mitrina \u0101du un mazina sausuma saj\u016btu<br data-start=\"1529\" data-end=\"1532\" \/>\u2714\ufe0f Palielina \u0101das tvirtumu un elast\u012bbu<br data-start=\"1570\" data-end=\"1573\" \/>\u2714\ufe0f Izl\u012bdzina mikroreljefu un uzlabo \u0101das tekst\u016bru<br data-start=\"1622\" data-end=\"1625\" \/>\u2714\ufe0f Nomierina \u0101du un samazina savilkuma saj\u016btu<br data-start=\"1670\" data-end=\"1673\" \/>\u2714\ufe0f Atbalsta \u0101das aizsargbarjeru un nodro\u0161ina komfortu visas dienas garum\u0101<\/p>\n","protected":false},"featured_media":72854,"template":"","meta":[],"pwb-brand":[1209],"product_brand":[],"product_cat":[745,737,739],"product_tag":[],"giftcard-category":[],"class_list":{"0":"post-72853","1":"product","2":"type-product","3":"status-publish","4":"has-post-thumbnail","6":"pwb-brand-cellderma-lv","7":"product_cat-jutigai-adai","8":"product_cat-mitrinasana","9":"product_cat-sausai-adai","11":"first","12":"instock","13":"taxable","14":"shipping-taxable","15":"purchasable","16":"product-type-simple"},"acf":[],"brands":[{"id":1209,"name":"CellDerma","slug":"cellderma-lv"}],"_links":{"self":[{"href":"https:\/\/skinstudio.ee\/lv\/wp-json\/wp\/v2\/product\/72853","targetHints":{"allow":["GET"]}}],"collection":[{"href":"https:\/\/skinstudio.ee\/lv\/wp-json\/wp\/v2\/product"}],"about":[{"href":"https:\/\/skinstudio.ee\/lv\/wp-json\/wp\/v2\/types\/product"}],"version-history":[{"count":1,"href":"https:\/\/skinstudio.ee\/lv\/wp-json\/wp\/v2\/product\/72853\/revisions"}],"predecessor-version":[{"id":72855,"href":"https:\/\/skinstudio.ee\/lv\/wp-json\/wp\/v2\/product\/72853\/revisions\/72855"}],"wp:featuredmedia":[{"embeddable":true,"href":"https:\/\/skinstudio.ee\/lv\/wp-json\/wp\/v2\/media\/72854"}],"wp:attachment":[{"href":"https:\/\/skinstudio.ee\/lv\/wp-json\/wp\/v2\/media?parent=72853"}],"wp:term":[{"taxonomy":"pwb-brand","embeddable":true,"href":"https:\/\/skinstudio.ee\/lv\/wp-json\/wp\/v2\/pwb-brand?post=72853"},{"taxonomy":"product_brand","embeddable":true,"href":"https:\/\/skinstudio.ee\/lv\/wp-json\/wp\/v2\/product_brand?post=72853"},{"taxonomy":"product_cat","embeddable":true,"href":"https:\/\/skinstudio.ee\/lv\/wp-json\/wp\/v2\/product_cat?post=72853"},{"taxonomy":"product_tag","embeddable":true,"href":"https:\/\/skinstudio.ee\/lv\/wp-json\/wp\/v2\/product_tag?post=72853"},{"taxonomy":"giftcard-category","embeddable":true,"href":"https:\/\/skinstudio.ee\/lv\/wp-json\/wp\/v2\/giftcard-category?post=72853"}],"curies":[{"name":"wp","href":"https:\/\/api.w.org\/{rel}","templated":true}]}}