{"id":72862,"date":"2024-05-29T10:59:41","date_gmt":"2024-05-29T10:59:41","guid":{"rendered":"https:\/\/skinstudio.ee\/?post_type=product&#038;p=72862"},"modified":"2026-04-03T09:35:19","modified_gmt":"2026-04-03T09:35:19","slug":"gf5-next-generation","status":"publish","type":"product","link":"https:\/\/skinstudio.ee\/lv\/catalog\/cellderma-lv\/gf5-next-generation\/","title":{"rendered":"GF5 Next Generation"},"content":{"rendered":"<p data-start=\"215\" data-end=\"520\">GF5 Next Generation ir augstas efektivit\u0101tes biore\u0123ener\u0113jo\u0161s serums ar aug\u0161anas faktoru kompleksu, kas izstr\u0101d\u0101ts intens\u012bvai \u0101das atjauno\u0161anai un noveco\u0161an\u0101s paz\u012bmju korekcijai. Formula ir v\u0113rsta uz \u0101das atjauno\u0161an\u0101s procesu atbalst\u012b\u0161anu, \u0101das bl\u012bvuma uzlabo\u0161anu un kop\u0113j\u0101s \u0101das kvalit\u0101tes paaugstin\u0101\u0161anu.<\/p>\n<p data-start=\"522\" data-end=\"846\">Serums pal\u012bdz uzlabot \u0101das tekst\u016bru, samazin\u0101t aps\u0101rtuma, postaknes un iekaisumu p\u0113du redzam\u012bbu, k\u0101 ar\u012b palielina \u0101das tvirtumu, pie\u0161\u0137irot tai bl\u012bv\u0101ku un kopt\u0101ku izskatu. L\u012bdzeklis ir piem\u0113rots gan ikdienas kop\u0161anai, gan \u0101das atbalstam atjauno\u0161an\u0101s period\u0101 p\u0113c stresa vai agres\u012bv\u0101m proced\u016br\u0101m, tostarp est\u0113tisk\u0101m proced\u016br\u0101m.<\/p>\n<p data-start=\"848\" data-end=\"872\"><strong data-start=\"848\" data-end=\"872\">Akt\u012bv\u0101s sast\u0101vda\u013cas:<\/strong><\/p>\n<p data-start=\"874\" data-end=\"1165\"><strong data-start=\"874\" data-end=\"905\">Aug\u0161anas faktoru komplekss:<\/strong> pal\u012bdz aktiviz\u0113t \u0101das atjauno\u0161an\u0101s procesus un atbalsta \u0101das re\u0123ener\u0101ciju.<br data-start=\"980\" data-end=\"983\" \/><strong data-start=\"983\" data-end=\"995\">Pept\u012bdi:<\/strong> pal\u012bdz uzlabot \u0101das tvirtumu un padara \u0101du vizu\u0101li glud\u0101ku un vienm\u0113r\u012bg\u0101ku.<br data-start=\"1071\" data-end=\"1074\" \/><strong data-start=\"1074\" data-end=\"1087\">Ceram\u012bdi:<\/strong> stiprina \u0101das aizsargbarjeru, pal\u012bdz notur\u0113t mitrumu un uzlabo \u0101das komfortu.<\/p>\n<p data-start=\"1167\" data-end=\"1316\">Serums ir piem\u0113rots lieto\u0161anai vis\u0101s sejas zon\u0101s, tostarp acu zon\u0101, un to var izmantot gan m\u0101jas kop\u0161an\u0101, gan atjauno\u0161an\u0101s programm\u0101s p\u0113c proced\u016br\u0101m.<\/p>\n<p data-start=\"1318\" data-end=\"1336\"><strong data-start=\"1318\" data-end=\"1330\">Tilpums:<\/strong> 30 ml<\/p>\n","protected":false},"excerpt":{"rendered":"<p data-start=\"1775\" data-end=\"1833\">Serums ar aug\u0161anas faktoriem intens\u012bvai \u0101das re\u0123ener\u0101cijai<\/p>\n<h2 data-start=\"1835\" data-end=\"1879\"><strong data-start=\"1835\" data-end=\"1879\">\u012apa\u0161\u012bbas CELLDERMA &#8211; GF5 Next Generation<\/strong><\/h2>\n<p data-start=\"1881\" data-end=\"2186\">\u2714\ufe0f Akt\u012bvi stimul\u0113 \u0101das re\u0123ener\u0101ciju un \u0161\u016bnu atjauno\u0161anos<br data-start=\"1937\" data-end=\"1940\" \/>\u2714\ufe0f Veicina kolag\u0113na sint\u0113zi un palielina \u0101das bl\u012bvumu<br data-start=\"1993\" data-end=\"1996\" \/>\u2714\ufe0f Samazina aps\u0101rtumu, postaknes p\u0113das un iekaisuma paz\u012bmes<br data-start=\"2055\" data-end=\"2058\" \/>\u2714\ufe0f Uzlabo \u0101das tekst\u016bru un toni, padarot to vienm\u0113r\u012bg\u0101ku<br data-start=\"2114\" data-end=\"2117\" \/>\u2714\ufe0f Pa\u0101trina \u0101das atjauno\u0161anos p\u0113c agres\u012bv\u0101m un invaz\u012bv\u0101m proced\u016br\u0101m<\/p>\n","protected":false},"featured_media":61531,"template":"","meta":[],"pwb-brand":[1209],"product_brand":[],"product_cat":[733,749,723],"product_tag":[],"giftcard-category":[],"class_list":{"0":"post-72862","1":"product","2":"type-product","3":"status-publish","4":"has-post-thumbnail","6":"pwb-brand-cellderma-lv","7":"product_cat-ada-ap-acim","8":"product_cat-novecojosa-ada","9":"product_cat-serumi","11":"first","12":"instock","13":"taxable","14":"shipping-taxable","15":"purchasable","16":"product-type-simple"},"acf":[],"brands":[{"id":1209,"name":"CellDerma","slug":"cellderma-lv"}],"_links":{"self":[{"href":"https:\/\/skinstudio.ee\/lv\/wp-json\/wp\/v2\/product\/72862","targetHints":{"allow":["GET"]}}],"collection":[{"href":"https:\/\/skinstudio.ee\/lv\/wp-json\/wp\/v2\/product"}],"about":[{"href":"https:\/\/skinstudio.ee\/lv\/wp-json\/wp\/v2\/types\/product"}],"version-history":[{"count":1,"href":"https:\/\/skinstudio.ee\/lv\/wp-json\/wp\/v2\/product\/72862\/revisions"}],"predecessor-version":[{"id":72864,"href":"https:\/\/skinstudio.ee\/lv\/wp-json\/wp\/v2\/product\/72862\/revisions\/72864"}],"wp:featuredmedia":[{"embeddable":true,"href":"https:\/\/skinstudio.ee\/lv\/wp-json\/wp\/v2\/media\/61531"}],"wp:attachment":[{"href":"https:\/\/skinstudio.ee\/lv\/wp-json\/wp\/v2\/media?parent=72862"}],"wp:term":[{"taxonomy":"pwb-brand","embeddable":true,"href":"https:\/\/skinstudio.ee\/lv\/wp-json\/wp\/v2\/pwb-brand?post=72862"},{"taxonomy":"product_brand","embeddable":true,"href":"https:\/\/skinstudio.ee\/lv\/wp-json\/wp\/v2\/product_brand?post=72862"},{"taxonomy":"product_cat","embeddable":true,"href":"https:\/\/skinstudio.ee\/lv\/wp-json\/wp\/v2\/product_cat?post=72862"},{"taxonomy":"product_tag","embeddable":true,"href":"https:\/\/skinstudio.ee\/lv\/wp-json\/wp\/v2\/product_tag?post=72862"},{"taxonomy":"giftcard-category","embeddable":true,"href":"https:\/\/skinstudio.ee\/lv\/wp-json\/wp\/v2\/giftcard-category?post=72862"}],"curies":[{"name":"wp","href":"https:\/\/api.w.org\/{rel}","templated":true}]}}