{"id":72872,"date":"2024-05-29T10:58:06","date_gmt":"2024-05-29T10:58:06","guid":{"rendered":"https:\/\/skinstudio.ee\/?post_type=product&#038;p=72872"},"modified":"2026-04-03T09:35:19","modified_gmt":"2026-04-03T09:35:19","slug":"eyelift","status":"publish","type":"product","link":"https:\/\/skinstudio.ee\/lv\/catalog\/cellderma-lv\/eyelift\/","title":{"rendered":"EyeLift"},"content":{"rendered":"<p data-start=\"166\" data-end=\"413\">EyeLift ir profesion\u0101ls acu zonas serums ar vieglu tekst\u016bru, kas izstr\u0101d\u0101ts, lai c\u012bn\u012btos ar noguruma paz\u012bm\u0113m un pirmaj\u0101m noveco\u0161an\u0101s izpausm\u0113m. Tas intens\u012bvi mitrina \u0101du, pal\u012bdz vizu\u0101li \u201eatv\u0113rt\u201d skatienu un rada tvirt\u0101kas, toniz\u0113t\u0101kas \u0101das saj\u016btu.<\/p>\n<p data-start=\"415\" data-end=\"667\">Formula pal\u012bdz samazin\u0101t noguruma paz\u012bmes, padara acu zonu svaig\u0101ku un glud\u0101ku, k\u0101 ar\u012b uzlabo \u0101das elast\u012bbu. Serums \u0101tri ies\u016bcas, nep\u0101rslogo \u0101du un ir ide\u0101li piem\u0113rots ikdienas lieto\u0161anai, ar\u012b zem grima. Piem\u0113rots pat jut\u012bgai un uz t\u016bsku tend\u0113tai \u0101dai.<\/p>\n<p data-start=\"669\" data-end=\"693\"><strong data-start=\"669\" data-end=\"693\">Akt\u012bv\u0101s sast\u0101vda\u013cas:<\/strong><\/p>\n<p data-start=\"695\" data-end=\"1007\"><strong data-start=\"695\" data-end=\"719\">Z\u012bda koka ekstrakts:<\/strong> pal\u012bdz mazin\u0101t noguruma paz\u012bmes, vizu\u0101li atsvaidzina acu zonu un padara \u0101du izskat\u0101mies atp\u016btu\u0161os.<br data-start=\"818\" data-end=\"821\" \/><strong data-start=\"821\" data-end=\"852\">Tvirtino\u0161s liftinga akt\u012bvs:<\/strong> pal\u012bdz uzlabot \u0101das elast\u012bbu un padara \u0101du glud\u0101ku un toniz\u0113t\u0101ku.<br data-start=\"918\" data-end=\"921\" \/><strong data-start=\"921\" data-end=\"945\">Mitrino\u0161s komplekss:<\/strong> dzi\u013ci mitrina \u0101du, mazina sausumu un saglab\u0101 komforta saj\u016btu.<\/p>\n<p data-start=\"1009\" data-end=\"1166\">Serums ir piem\u0113rots ikdienas lieto\u0161anai un ir labi panesams jut\u012bgai acu zonas \u0101dai. Viegl\u0101 tekst\u016bra padara to komfortablu lieto\u0161anai gan no r\u012bta, gan vakar\u0101.<\/p>\n<p data-start=\"1168\" data-end=\"1186\"><strong data-start=\"1168\" data-end=\"1180\">Tilpums:<\/strong> 15 ml<\/p>\n","protected":false},"excerpt":{"rendered":"<p data-start=\"1404\" data-end=\"1429\">Serums acu zonas kop\u0161anai<\/p>\n<h2 data-start=\"1431\" data-end=\"1463\"><strong data-start=\"1431\" data-end=\"1463\">\u012apa\u0161\u012bbas CELLDERMA &#8211; EyeLift<\/strong><\/h2>\n<p data-start=\"1465\" data-end=\"1710\">\u2714\ufe0f Intens\u012bvi mitrina \u0101du ap ac\u012bm<br data-start=\"1497\" data-end=\"1500\" \/>\u2714\ufe0f Vizu\u0101li atsvaidzina skatienu un mazina noguruma paz\u012bmes<br data-start=\"1558\" data-end=\"1561\" \/>\u2714\ufe0f Palielina \u0101das tvirtumu un bl\u012bvumu<br data-start=\"1598\" data-end=\"1601\" \/>\u2714\ufe0f Izl\u012bdzina s\u012bk\u0101s l\u012bnijas un grumbi\u0146as<br data-start=\"1640\" data-end=\"1643\" \/>\u2714\ufe0f Viegl\u0101 tekst\u016bra piem\u0113rota jut\u012bgai \u0101dai un lieto\u0161anai zem grima<\/p>\n","protected":false},"featured_media":72874,"template":"","meta":[],"pwb-brand":[1209],"product_brand":[],"product_cat":[733],"product_tag":[],"giftcard-category":[],"class_list":{"0":"post-72872","1":"product","2":"type-product","3":"status-publish","4":"has-post-thumbnail","6":"pwb-brand-cellderma-lv","7":"product_cat-ada-ap-acim","9":"first","10":"instock","11":"taxable","12":"shipping-taxable","13":"purchasable","14":"product-type-simple"},"acf":[],"brands":[{"id":1209,"name":"CellDerma","slug":"cellderma-lv"}],"_links":{"self":[{"href":"https:\/\/skinstudio.ee\/lv\/wp-json\/wp\/v2\/product\/72872","targetHints":{"allow":["GET"]}}],"collection":[{"href":"https:\/\/skinstudio.ee\/lv\/wp-json\/wp\/v2\/product"}],"about":[{"href":"https:\/\/skinstudio.ee\/lv\/wp-json\/wp\/v2\/types\/product"}],"version-history":[{"count":1,"href":"https:\/\/skinstudio.ee\/lv\/wp-json\/wp\/v2\/product\/72872\/revisions"}],"predecessor-version":[{"id":72875,"href":"https:\/\/skinstudio.ee\/lv\/wp-json\/wp\/v2\/product\/72872\/revisions\/72875"}],"wp:featuredmedia":[{"embeddable":true,"href":"https:\/\/skinstudio.ee\/lv\/wp-json\/wp\/v2\/media\/72874"}],"wp:attachment":[{"href":"https:\/\/skinstudio.ee\/lv\/wp-json\/wp\/v2\/media?parent=72872"}],"wp:term":[{"taxonomy":"pwb-brand","embeddable":true,"href":"https:\/\/skinstudio.ee\/lv\/wp-json\/wp\/v2\/pwb-brand?post=72872"},{"taxonomy":"product_brand","embeddable":true,"href":"https:\/\/skinstudio.ee\/lv\/wp-json\/wp\/v2\/product_brand?post=72872"},{"taxonomy":"product_cat","embeddable":true,"href":"https:\/\/skinstudio.ee\/lv\/wp-json\/wp\/v2\/product_cat?post=72872"},{"taxonomy":"product_tag","embeddable":true,"href":"https:\/\/skinstudio.ee\/lv\/wp-json\/wp\/v2\/product_tag?post=72872"},{"taxonomy":"giftcard-category","embeddable":true,"href":"https:\/\/skinstudio.ee\/lv\/wp-json\/wp\/v2\/giftcard-category?post=72872"}],"curies":[{"name":"wp","href":"https:\/\/api.w.org\/{rel}","templated":true}]}}