{"id":72884,"date":"2024-05-29T10:56:56","date_gmt":"2024-05-29T10:56:56","guid":{"rendered":"https:\/\/skinstudio.ee\/?post_type=product&#038;p=72884"},"modified":"2026-04-03T09:35:20","modified_gmt":"2026-04-03T09:35:20","slug":"collagen-restore","status":"publish","type":"product","link":"https:\/\/skinstudio.ee\/lv\/catalog\/cellderma-lv\/collagen-restore\/","title":{"rendered":"Collagen Restore"},"content":{"rendered":"<p data-start=\"176\" data-end=\"477\">Collagen Restore ir profesion\u0101ls pretnoveco\u0161an\u0101s kr\u0113ms ar pept\u012bdiem un sp\u0113c\u012bgu antioksidantu resveratrolu, kas izstr\u0101d\u0101ts \u012bpa\u0161i nobriedu\u0161ai un menopauzes perioda \u0101dai. Formula ir v\u0113rsta uz izmai\u0146\u0101m, kuru d\u0113\u013c \u0101da zaud\u0113 tvirtumu, elast\u012bbu un mitrumu, pal\u012bdzot atjaunot \u0101das komfortu un kop\u0113jo kvalit\u0101ti.<\/p>\n<p data-start=\"479\" data-end=\"753\">Kr\u0113ms pal\u012bdz padar\u012bt \u0101du tvirt\u0101ku un glud\u0101ku, samazina grumbu un smalko l\u012bniju redzam\u012bbu, k\u0101 ar\u012b uzlabo \u0101das tekst\u016bru un toni. Tas atbalsta dabiskos \u0101das atjauno\u0161an\u0101s procesus, aizsarg\u0101 no priek\u0161laic\u012bgas noveco\u0161an\u0101s un pal\u012bdz saglab\u0101t svaig\u0101ku, kopt\u0101ku un pacelt\u0101ku izskatu.<\/p>\n<p data-start=\"755\" data-end=\"779\"><strong data-start=\"755\" data-end=\"779\">Akt\u012bv\u0101s sast\u0101vda\u013cas:<\/strong><\/p>\n<p data-start=\"781\" data-end=\"1155\"><strong data-start=\"781\" data-end=\"803\">Pept\u012bdu komplekss:<\/strong> pal\u012bdz atbalst\u012bt \u0101das atjauno\u0161anos, uzlabo \u0101das tvirtumu un padara \u0101du glud\u0101ku un elast\u012bg\u0101ku.<br data-start=\"897\" data-end=\"900\" \/><strong data-start=\"900\" data-end=\"921\">Liftinga pept\u012bdi:<\/strong> pal\u012bdz mazin\u0101t m\u012bmisko spriedzi, padarot grumbas un smalk\u0101s l\u012bnijas maz\u0101k paman\u0101mas.<br data-start=\"1006\" data-end=\"1009\" \/><strong data-start=\"1009\" data-end=\"1026\">Resveratrols:<\/strong> sp\u0113c\u012bgs antioksidants, kas pal\u012bdz aizsarg\u0101t \u0101du no priek\u0161laic\u012bgas noveco\u0161an\u0101s, izl\u012bdzina \u0101das toni un uzlabo t\u0101s kop\u0113jo izskatu.<\/p>\n<p data-start=\"1157\" data-end=\"1392\">Kr\u0113ms ir piem\u0113rots ikdienas lieto\u0161anai un \u012bpa\u0161i ieteicams nobriedu\u0161ai \u0101dai, tostarp hormon\u0101lo izmai\u0146u laik\u0101. Bag\u0101t\u012bg\u0101, bet komfortabl\u0101 tekst\u016bra viegli kl\u0101jas, nepadara \u0101du smagu un \u0101tri atjauno tvirtuma, mitrin\u0101juma un komforta saj\u016btu.<\/p>\n<p data-start=\"1394\" data-end=\"1412\"><strong data-start=\"1394\" data-end=\"1406\">Tilpums:<\/strong> 30 ml<\/p>\n","protected":false},"excerpt":{"rendered":"<p data-start=\"1563\" data-end=\"1619\">Kr\u0113ms pret \u0101das noveco\u0161anos ar pept\u012bdiem un resveratrolu<\/p>\n<h2 data-start=\"1621\" data-end=\"1662\"><strong data-start=\"1621\" data-end=\"1662\">\u012apa\u0161\u012bbas CELLDERMA &#8211; Collagen Restore<\/strong><\/h2>\n<p data-start=\"1664\" data-end=\"1945\">\u2714\ufe0f Nostiprina \u0101das strukt\u016bru, palielinot t\u0101s tvirtumu un elast\u012bbu<br data-start=\"1729\" data-end=\"1732\" \/>\u2714\ufe0f Stimul\u0113 pa\u0161a kolag\u0113na veido\u0161anos<br data-start=\"1767\" data-end=\"1770\" \/>\u2714\ufe0f Izl\u012bdzina grumbas un samazina smalko l\u012bniju redzam\u012bbu<br data-start=\"1826\" data-end=\"1829\" \/>\u2714\ufe0f Uzlabo \u0101das tekst\u016bru un elast\u012bbu<br data-start=\"1864\" data-end=\"1867\" \/>\u2714\ufe0f Aizsarg\u0101 \u0101du no priek\u0161laic\u012bgas noveco\u0161an\u0101s antioksidat\u012bv\u0101s iedarb\u012bbas d\u0113\u013c<\/p>\n","protected":false},"featured_media":61536,"template":"","meta":[],"pwb-brand":[1209],"product_brand":[],"product_cat":[737,749],"product_tag":[],"giftcard-category":[],"class_list":{"0":"post-72884","1":"product","2":"type-product","3":"status-publish","4":"has-post-thumbnail","6":"pwb-brand-cellderma-lv","7":"product_cat-mitrinasana","8":"product_cat-novecojosa-ada","10":"first","11":"instock","12":"taxable","13":"shipping-taxable","14":"purchasable","15":"product-type-simple"},"acf":[],"brands":[{"id":1209,"name":"CellDerma","slug":"cellderma-lv"}],"_links":{"self":[{"href":"https:\/\/skinstudio.ee\/lv\/wp-json\/wp\/v2\/product\/72884","targetHints":{"allow":["GET"]}}],"collection":[{"href":"https:\/\/skinstudio.ee\/lv\/wp-json\/wp\/v2\/product"}],"about":[{"href":"https:\/\/skinstudio.ee\/lv\/wp-json\/wp\/v2\/types\/product"}],"version-history":[{"count":1,"href":"https:\/\/skinstudio.ee\/lv\/wp-json\/wp\/v2\/product\/72884\/revisions"}],"predecessor-version":[{"id":72886,"href":"https:\/\/skinstudio.ee\/lv\/wp-json\/wp\/v2\/product\/72884\/revisions\/72886"}],"wp:featuredmedia":[{"embeddable":true,"href":"https:\/\/skinstudio.ee\/lv\/wp-json\/wp\/v2\/media\/61536"}],"wp:attachment":[{"href":"https:\/\/skinstudio.ee\/lv\/wp-json\/wp\/v2\/media?parent=72884"}],"wp:term":[{"taxonomy":"pwb-brand","embeddable":true,"href":"https:\/\/skinstudio.ee\/lv\/wp-json\/wp\/v2\/pwb-brand?post=72884"},{"taxonomy":"product_brand","embeddable":true,"href":"https:\/\/skinstudio.ee\/lv\/wp-json\/wp\/v2\/product_brand?post=72884"},{"taxonomy":"product_cat","embeddable":true,"href":"https:\/\/skinstudio.ee\/lv\/wp-json\/wp\/v2\/product_cat?post=72884"},{"taxonomy":"product_tag","embeddable":true,"href":"https:\/\/skinstudio.ee\/lv\/wp-json\/wp\/v2\/product_tag?post=72884"},{"taxonomy":"giftcard-category","embeddable":true,"href":"https:\/\/skinstudio.ee\/lv\/wp-json\/wp\/v2\/giftcard-category?post=72884"}],"curies":[{"name":"wp","href":"https:\/\/api.w.org\/{rel}","templated":true}]}}