{"id":72917,"date":"2026-01-08T13:42:41","date_gmt":"2026-01-08T13:42:41","guid":{"rendered":"https:\/\/skinstudio.ee\/?post_type=product&#038;p=72917"},"modified":"2026-04-08T13:26:45","modified_gmt":"2026-04-08T13:26:45","slug":"vitalized-melatonin-liposomal","status":"publish","type":"product","link":"https:\/\/skinstudio.ee\/lv\/catalog\/vitalized-lv\/vitalized-melatonin-liposomal\/","title":{"rendered":"Melatonin+ Liposomal"},"content":{"rendered":"<p data-start=\"3095\" data-end=\"3202\"><strong data-start=\"3095\" data-end=\"3132\">Melatonin+ Liposomal no Vitalized<\/strong> &#8211; uztura bag\u0101tin\u0101t\u0101js spreja form\u0101 ar melaton\u012bnu un augu ekstraktu.<\/p>\n<p data-start=\"3204\" data-end=\"3261\">Satur melaton\u012bnu un melisas ekstraktu liposom\u0101l\u0101 form\u0101.<\/p>\n<p data-start=\"3263\" data-end=\"3308\">Sprejs neprasa \u016bdeni un ir \u0113rts lieto\u0161anai.<\/p>\n<p data-start=\"3310\" data-end=\"3365\">Forma \u013cauj individu\u0101li regul\u0113t izsmidzin\u0101jumu skaitu.<\/p>\n<p data-start=\"3367\" data-end=\"3504\">Nesatur alkoholu, konservantus, m\u0101ksl\u012bg\u0101s kr\u0101svielas, aromatiz\u0113t\u0101jus un saldin\u0101t\u0101jus. Piem\u0113rots veg\u0101niem un atbilst Non-GMO standartam.<\/p>\n<p data-start=\"3506\" data-end=\"3665\"><strong data-start=\"3506\" data-end=\"3523\">Ra\u017eots Eirop\u0101<\/strong><br data-start=\"3523\" data-end=\"3526\" \/><strong data-start=\"3526\" data-end=\"3547\">Der\u012bguma termi\u0146\u0161:<\/strong> skat\u012bt uz iepakojuma<br data-start=\"3568\" data-end=\"3571\" \/><strong data-start=\"3571\" data-end=\"3587\">Uzglab\u0101\u0161ana:<\/strong> uzglab\u0101t cie\u0161i nosl\u0113gtu v\u0113s\u0101, saus\u0101 viet\u0101<br data-start=\"3629\" data-end=\"3632\" \/><strong data-start=\"3632\" data-end=\"3644\">Tilpums:<\/strong> 200 izsmidzin\u0101jumi<\/p>\n","protected":false},"excerpt":{"rendered":"<p data-start=\"4331\" data-end=\"4379\">Uztura bag\u0101tin\u0101t\u0101js ar melaton\u012bnu spreja form\u0101<\/p>\n<h2 data-start=\"4381\" data-end=\"4426\"><strong data-start=\"4381\" data-end=\"4426\">\u012apa\u0161\u012bbas Vitalized &#8211; Melatonin+ Liposomal<\/strong><\/h2>\n<p data-start=\"4428\" data-end=\"4577\">\u2714\ufe0f Satur melaton\u012bnu un augu ekstraktu<br data-start=\"4465\" data-end=\"4468\" \/>\u2714\ufe0f Liposom\u0101la akt\u012bvo vielu forma<br data-start=\"4500\" data-end=\"4503\" \/>\u2714\ufe0f Spreja form\u0101ts \u0113rtai lieto\u0161anai<br data-start=\"4537\" data-end=\"4540\" \/>\u2714\ufe0f Regul\u0113jama doz\u0113\u0161ana<br data-start=\"4562\" data-end=\"4565\" \/>\u2714\ufe0f Bez \u0122MO<\/p>\n","protected":false},"featured_media":72905,"template":"","meta":[],"pwb-brand":[1353],"product_brand":[],"product_cat":[768],"product_tag":[],"giftcard-category":[],"class_list":{"0":"post-72917","1":"product","2":"type-product","3":"status-publish","4":"has-post-thumbnail","6":"pwb-brand-vitalized-lv","7":"product_cat-vitamini","9":"first","10":"instock","11":"taxable","12":"shipping-taxable","13":"purchasable","14":"product-type-simple"},"acf":[],"brands":[{"id":1353,"name":"Vitalized","slug":"vitalized-lv"}],"_links":{"self":[{"href":"https:\/\/skinstudio.ee\/lv\/wp-json\/wp\/v2\/product\/72917","targetHints":{"allow":["GET"]}}],"collection":[{"href":"https:\/\/skinstudio.ee\/lv\/wp-json\/wp\/v2\/product"}],"about":[{"href":"https:\/\/skinstudio.ee\/lv\/wp-json\/wp\/v2\/types\/product"}],"version-history":[{"count":4,"href":"https:\/\/skinstudio.ee\/lv\/wp-json\/wp\/v2\/product\/72917\/revisions"}],"predecessor-version":[{"id":89992,"href":"https:\/\/skinstudio.ee\/lv\/wp-json\/wp\/v2\/product\/72917\/revisions\/89992"}],"wp:featuredmedia":[{"embeddable":true,"href":"https:\/\/skinstudio.ee\/lv\/wp-json\/wp\/v2\/media\/72905"}],"wp:attachment":[{"href":"https:\/\/skinstudio.ee\/lv\/wp-json\/wp\/v2\/media?parent=72917"}],"wp:term":[{"taxonomy":"pwb-brand","embeddable":true,"href":"https:\/\/skinstudio.ee\/lv\/wp-json\/wp\/v2\/pwb-brand?post=72917"},{"taxonomy":"product_brand","embeddable":true,"href":"https:\/\/skinstudio.ee\/lv\/wp-json\/wp\/v2\/product_brand?post=72917"},{"taxonomy":"product_cat","embeddable":true,"href":"https:\/\/skinstudio.ee\/lv\/wp-json\/wp\/v2\/product_cat?post=72917"},{"taxonomy":"product_tag","embeddable":true,"href":"https:\/\/skinstudio.ee\/lv\/wp-json\/wp\/v2\/product_tag?post=72917"},{"taxonomy":"giftcard-category","embeddable":true,"href":"https:\/\/skinstudio.ee\/lv\/wp-json\/wp\/v2\/giftcard-category?post=72917"}],"curies":[{"name":"wp","href":"https:\/\/api.w.org\/{rel}","templated":true}]}}