{"id":72941,"date":"2026-01-09T09:40:06","date_gmt":"2026-01-09T09:40:06","guid":{"rendered":"https:\/\/skinstudio.ee\/?post_type=product&#038;p=72941"},"modified":"2026-03-23T13:03:59","modified_gmt":"2026-03-23T13:03:59","slug":"niacinamide-peptides","status":"publish","type":"product","link":"https:\/\/skinstudio.ee\/lv\/catalog\/medik8-lv\/niacinamide-peptides\/","title":{"rendered":"Niacinamide Peptides\u2122"},"content":{"rendered":"<p data-start=\"321\" data-end=\"610\">Niacinamide Peptides\u2122 no Medik8 ir daudzfunkcion\u0101ls serums \u0101dai, kurai ir nosliece uz nepiln\u012bb\u0101m, papla\u0161in\u0101t\u0101m por\u0101m un nevienm\u0113r\u012bgu tekst\u016bru. Formula ar 10% niacinam\u012bdu un pept\u012bdu kompleksu pal\u012bdz uzlabot \u0101das kop\u0113jo izskatu, samazin\u0101t izsitumu redzam\u012bbu un atbalst\u012bt \u0101das aizsargbarjeru.<\/p>\n<p data-start=\"612\" data-end=\"815\">Serums pal\u012bdz l\u012bdzsvarot sebuma izdal\u012b\u0161anos un padara \u0101du glud\u0101ku, t\u012br\u0101ku un vizu\u0101li vienm\u0113r\u012bg\u0101ku. Viegl\u0101, netaukain\u0101 tekst\u016bra ir komfortabla lieto\u0161an\u0101 un piem\u0113rota ikdienas lieto\u0161anai no r\u012bta un vakar\u0101.<\/p>\n<p data-start=\"817\" data-end=\"1000\">Niacinamide Peptides\u2122 no Medik8 ir uzlabota un pastiprin\u0101ta Clarity Peptides versija, kas rad\u012bta, lai regul\u0101ras lieto\u0161anas gad\u012bjum\u0101 pan\u0101ktu t\u012br\u0101ku, glud\u0101ku un vizu\u0101li \u201cstiklainu\u201d \u0101du.<\/p>\n<p data-start=\"1002\" data-end=\"1037\"><strong data-start=\"1002\" data-end=\"1035\">Kl\u012bniski pier\u0101d\u012bti rezult\u0101ti:<\/strong><\/p>\n<ul data-start=\"1038\" data-end=\"1342\">\n<li data-start=\"1038\" data-end=\"1085\">\n<p data-start=\"1040\" data-end=\"1085\">7 dienu laik\u0101 redzami t\u012br\u0101ka un glud\u0101ka \u0101da<\/p>\n<\/li>\n<li data-start=\"1086\" data-end=\"1117\">\n<p data-start=\"1088\" data-end=\"1117\">35% maz\u0101k redzamu nepiln\u012bbu<\/p>\n<\/li>\n<li data-start=\"1118\" data-end=\"1169\">\n<p data-start=\"1120\" data-end=\"1169\">26% maz\u0101ks redzamais poru izm\u0113rs 4 ned\u0113\u013cu laik\u0101<\/p>\n<\/li>\n<li data-start=\"1170\" data-end=\"1225\">\n<p data-start=\"1172\" data-end=\"1225\">100% uzr\u0101d\u012bja vesel\u012bg\u0101ku \u0101das barjeru 7 dienu laik\u0101<\/p>\n<\/li>\n<li data-start=\"1226\" data-end=\"1268\">\n<p data-start=\"1228\" data-end=\"1268\">94% atzina, ka l\u012bdzeklis ir maigs \u0101dai<\/p>\n<\/li>\n<li data-start=\"1269\" data-end=\"1342\">\n<p data-start=\"1271\" data-end=\"1342\">100% apstiprin\u0101ja, ka l\u012bdzeklis labi sader ar citiem kop\u0161anas posmiem<\/p>\n<\/li>\n<\/ul>\n<p data-start=\"1344\" data-end=\"1547\">L\u012bdzeklis ir piem\u0113rots kombin\u0113tai, taukainai un problem\u0101tiskai \u0101dai, k\u0101 ar\u012b \u0101dai ar noslieci uz izsitumiem, papla\u0161in\u0101t\u0101m por\u0101m un aps\u0101rtumu. Pateicoties maigajai formulai, to var lietot ar\u012b jut\u012bgai \u0101dai.<\/p>\n<p data-start=\"1549\" data-end=\"1567\"><strong data-start=\"1549\" data-end=\"1561\">Tilpums:<\/strong> 30 ml<\/p>\n","protected":false},"excerpt":{"rendered":"<p data-start=\"1781\" data-end=\"1815\">Serums ar niacinam\u012bdu un pept\u012bdiem<\/p>\n<h2 data-start=\"1817\" data-end=\"2118\"><strong data-start=\"1817\" data-end=\"1860\">\u012apa\u0161\u012bbas Medik8 &#8211; Niacinamide Peptides\u2122<\/strong><\/h2>\n<p data-start=\"1817\" data-end=\"2118\">\u2714\ufe0f Pal\u012bdz samazin\u0101t redzam\u0101s nepiln\u012bbas un izsitumus<br data-start=\"1915\" data-end=\"1918\" \/>\u2714\ufe0f Vizu\u0101li samazina poras un uzlabo \u0101das tekst\u016bru<br data-start=\"1967\" data-end=\"1970\" \/>\u2714\ufe0f Atbalsta \u0101das aizsargbarjeras vesel\u012bbu<br data-start=\"2011\" data-end=\"2014\" \/>\u2714\ufe0f Pal\u012bdz mazin\u0101t aps\u0101rtumu un \u0101das diskomfortu<br data-start=\"2061\" data-end=\"2064\" \/>\u2714\ufe0f Padara \u0101du glud\u0101ku, l\u012bdzsvarot\u0101ku un vienm\u0113r\u012bg\u0101ku<\/p>\n","protected":false},"featured_media":72933,"template":"","meta":[],"pwb-brand":[1205],"product_brand":[],"product_cat":[741,745,749,723,747],"product_tag":[],"giftcard-category":[],"class_list":{"0":"post-72941","1":"product","2":"type-product","3":"status-publish","4":"has-post-thumbnail","6":"pwb-brand-medik8-lv","7":"product_cat-izsitumi","8":"product_cat-jutigai-adai","9":"product_cat-novecojosa-ada","10":"product_cat-serumi","11":"product_cat-taukainai-adai","13":"first","14":"instock","15":"taxable","16":"shipping-taxable","17":"purchasable","18":"product-type-simple"},"acf":[],"brands":[{"id":1205,"name":"Medik8","slug":"medik8-lv"}],"_links":{"self":[{"href":"https:\/\/skinstudio.ee\/lv\/wp-json\/wp\/v2\/product\/72941","targetHints":{"allow":["GET"]}}],"collection":[{"href":"https:\/\/skinstudio.ee\/lv\/wp-json\/wp\/v2\/product"}],"about":[{"href":"https:\/\/skinstudio.ee\/lv\/wp-json\/wp\/v2\/types\/product"}],"version-history":[{"count":1,"href":"https:\/\/skinstudio.ee\/lv\/wp-json\/wp\/v2\/product\/72941\/revisions"}],"predecessor-version":[{"id":72942,"href":"https:\/\/skinstudio.ee\/lv\/wp-json\/wp\/v2\/product\/72941\/revisions\/72942"}],"wp:featuredmedia":[{"embeddable":true,"href":"https:\/\/skinstudio.ee\/lv\/wp-json\/wp\/v2\/media\/72933"}],"wp:attachment":[{"href":"https:\/\/skinstudio.ee\/lv\/wp-json\/wp\/v2\/media?parent=72941"}],"wp:term":[{"taxonomy":"pwb-brand","embeddable":true,"href":"https:\/\/skinstudio.ee\/lv\/wp-json\/wp\/v2\/pwb-brand?post=72941"},{"taxonomy":"product_brand","embeddable":true,"href":"https:\/\/skinstudio.ee\/lv\/wp-json\/wp\/v2\/product_brand?post=72941"},{"taxonomy":"product_cat","embeddable":true,"href":"https:\/\/skinstudio.ee\/lv\/wp-json\/wp\/v2\/product_cat?post=72941"},{"taxonomy":"product_tag","embeddable":true,"href":"https:\/\/skinstudio.ee\/lv\/wp-json\/wp\/v2\/product_tag?post=72941"},{"taxonomy":"giftcard-category","embeddable":true,"href":"https:\/\/skinstudio.ee\/lv\/wp-json\/wp\/v2\/giftcard-category?post=72941"}],"curies":[{"name":"wp","href":"https:\/\/api.w.org\/{rel}","templated":true}]}}