{"id":72966,"date":"2026-01-09T13:58:33","date_gmt":"2026-01-09T13:58:33","guid":{"rendered":"https:\/\/skinstudio.ee\/?post_type=product&#038;p=72966"},"modified":"2026-01-09T14:06:16","modified_gmt":"2026-01-09T14:06:16","slug":"cicarelief-rx-fade-in-cream","status":"publish","type":"product","link":"https:\/\/skinstudio.ee\/lv\/catalog\/real-barrier\/cicarelief-rx-fade-in-cream\/","title":{"rendered":"Cicarelief Rx Fade In Cream"},"content":{"rendered":"<p data-start=\"444\" data-end=\"753\">Cicarelief Rx Fade In Cream no Real Barrier ir nomierino\u0161s kr\u0113ms jut\u012bgai \u0101dai, kurai ir nosliece uz kairin\u0101jumu, aps\u0101rtumu un diskomfortu. L\u012bdzeklis pal\u012bdz \u0101dai atjaunoties, mazina savilkuma saj\u016btu un atbalsta \u0101das dabisk\u0101s aizsargfunkcijas. Regul\u0101ri lietojot, \u0101da izskat\u0101s mier\u012bg\u0101ka, vienm\u0113r\u012bg\u0101ka un kopt\u0101ka.<\/p>\n<p data-start=\"755\" data-end=\"893\">Formula apvieno sast\u0101vda\u013cas, kas v\u0113rstas uz \u0101das aizsargbarjeras stiprin\u0101\u0161anu, aps\u0101rtuma mazin\u0101\u0161anu un \u0101das atjauno\u0161an\u0101s procesu atbalstu.<\/p>\n<p data-start=\"895\" data-end=\"920\"><strong data-start=\"895\" data-end=\"918\">Akt\u012bv\u0101s sast\u0101vda\u013cas<\/strong><\/p>\n<ul data-start=\"921\" data-end=\"1304\">\n<li data-start=\"921\" data-end=\"1021\">\n<p data-start=\"923\" data-end=\"1021\"><strong data-start=\"923\" data-end=\"935\">Ceram\u012bdi<\/strong> &#8211; stiprina \u0101das dabisko aizsargbarjeru, pal\u012bdz mazin\u0101t jut\u012bgumu un nov\u0113rst sausumu.<\/p>\n<\/li>\n<li data-start=\"1022\" data-end=\"1119\">\n<p data-start=\"1024\" data-end=\"1119\"><strong data-start=\"1024\" data-end=\"1042\">Niacinam\u012bds 5%<\/strong> &#8211; pal\u012bdz izl\u012bdzin\u0101t \u0101das toni, mazin\u0101t aps\u0101rtumu un uzlabot \u0101das tekst\u016bru.<\/p>\n<\/li>\n<li data-start=\"1120\" data-end=\"1230\">\n<p data-start=\"1122\" data-end=\"1230\"><strong data-start=\"1122\" data-end=\"1143\">Centella Asiatica<\/strong> &#8211; pal\u012bdz nomierin\u0101t \u0101du, mazin\u0101t iekaisuma reakcijas un atbalst\u012bt \u0101das atjauno\u0161anos.<\/p>\n<\/li>\n<li data-start=\"1231\" data-end=\"1304\">\n<p data-start=\"1233\" data-end=\"1304\"><strong data-start=\"1233\" data-end=\"1246\">Pantenols<\/strong> &#8211; mitrina, m\u012bkstina \u0101du un pal\u012bdz nov\u0113rst mitruma zudumu.<\/p>\n<\/li>\n<\/ul>\n<p data-start=\"1306\" data-end=\"1439\">L\u012bdzeklis ir piem\u0113rots visiem \u0101das tipiem, tostarp \u0101dai ar noslieci uz akni. \u012apa\u0161i ieteicams jut\u012bgai, kairin\u0101tai un nov\u0101jin\u0101tai \u0101dai.<\/p>\n<p data-start=\"1441\" data-end=\"1463\"><strong data-start=\"1441\" data-end=\"1453\">Tilpums:<\/strong> <strong data-start=\"1454\" data-end=\"1463\">60 ml<\/strong><\/p>\n","protected":false},"excerpt":{"rendered":"<p data-start=\"1541\" data-end=\"1570\">Nomierino\u0161s atjaunojo\u0161s kr\u0113ms<\/p>\n<h2 data-start=\"1572\" data-end=\"1633\"><strong data-start=\"1576\" data-end=\"1631\">\u012apa\u0161\u012bbas Real Barrier &#8211; Cicarelief Rx Fade In Cream<\/strong><\/h2>\n<p data-start=\"1634\" data-end=\"1840\">\u2714\ufe0f Nomierina kairin\u0101tu un jut\u012bgu \u0101du<br data-start=\"1670\" data-end=\"1673\" \/>\u2714\ufe0f Pal\u012bdz mazin\u0101t aps\u0101rtumu un diskomfortu<br data-start=\"1715\" data-end=\"1718\" \/>\u2714\ufe0f Atbalsta \u0101das aizsargbarjeras atjauno\u0161anos<br data-start=\"1763\" data-end=\"1766\" \/>\u2714\ufe0f Mitrina un m\u012bkstina \u0101du<br data-start=\"1792\" data-end=\"1795\" \/>\u2714\ufe0f Padara \u0101du vienm\u0113r\u012bg\u0101ku un komfortabl\u0101ku<\/p>\n","protected":false},"featured_media":72958,"template":"","meta":[],"pwb-brand":[713],"product_brand":[],"product_cat":[745,737],"product_tag":[],"giftcard-category":[],"class_list":{"0":"post-72966","1":"product","2":"type-product","3":"status-publish","4":"has-post-thumbnail","6":"pwb-brand-real-barrier","7":"product_cat-jutigai-adai","8":"product_cat-mitrinasana","10":"first","11":"instock","12":"taxable","13":"shipping-taxable","14":"purchasable","15":"product-type-simple"},"acf":[],"brands":[{"id":713,"name":"Real Barrier","slug":"real-barrier"}],"_links":{"self":[{"href":"https:\/\/skinstudio.ee\/lv\/wp-json\/wp\/v2\/product\/72966","targetHints":{"allow":["GET"]}}],"collection":[{"href":"https:\/\/skinstudio.ee\/lv\/wp-json\/wp\/v2\/product"}],"about":[{"href":"https:\/\/skinstudio.ee\/lv\/wp-json\/wp\/v2\/types\/product"}],"version-history":[{"count":1,"href":"https:\/\/skinstudio.ee\/lv\/wp-json\/wp\/v2\/product\/72966\/revisions"}],"predecessor-version":[{"id":72967,"href":"https:\/\/skinstudio.ee\/lv\/wp-json\/wp\/v2\/product\/72966\/revisions\/72967"}],"wp:featuredmedia":[{"embeddable":true,"href":"https:\/\/skinstudio.ee\/lv\/wp-json\/wp\/v2\/media\/72958"}],"wp:attachment":[{"href":"https:\/\/skinstudio.ee\/lv\/wp-json\/wp\/v2\/media?parent=72966"}],"wp:term":[{"taxonomy":"pwb-brand","embeddable":true,"href":"https:\/\/skinstudio.ee\/lv\/wp-json\/wp\/v2\/pwb-brand?post=72966"},{"taxonomy":"product_brand","embeddable":true,"href":"https:\/\/skinstudio.ee\/lv\/wp-json\/wp\/v2\/product_brand?post=72966"},{"taxonomy":"product_cat","embeddable":true,"href":"https:\/\/skinstudio.ee\/lv\/wp-json\/wp\/v2\/product_cat?post=72966"},{"taxonomy":"product_tag","embeddable":true,"href":"https:\/\/skinstudio.ee\/lv\/wp-json\/wp\/v2\/product_tag?post=72966"},{"taxonomy":"giftcard-category","embeddable":true,"href":"https:\/\/skinstudio.ee\/lv\/wp-json\/wp\/v2\/giftcard-category?post=72966"}],"curies":[{"name":"wp","href":"https:\/\/api.w.org\/{rel}","templated":true}]}}