{"id":73058,"date":"2025-07-31T15:49:10","date_gmt":"2025-07-31T15:49:10","guid":{"rendered":"https:\/\/skinstudio.ee\/?post_type=product&#038;p=73058"},"modified":"2026-01-21T13:57:17","modified_gmt":"2026-01-21T13:57:17","slug":"couperose-therapy-serum-1","status":"publish","type":"product","link":"https:\/\/skinstudio.ee\/lv\/catalog\/reviderm\/couperose-therapy-serum-1\/","title":{"rendered":"Couperose Therapy Serum 1"},"content":{"rendered":"<p data-start=\"149\" data-end=\"624\">\u012apa\u0161s serums bez smar\u017eviel\u0101m nodro\u0161ina pretnoveco\u0161an\u0101s un pretiekaisuma iedarb\u012bbu. Akt\u012bv\u0101 sast\u0101vda\u013ca VEGF-stop kav\u0113 kapil\u0101ru t\u012bkla izplat\u012b\u0161anos, pal\u012bdz stabiliz\u0113t sejas toni un samazin\u0101t aps\u0101rtumu.<br data-start=\"346\" data-end=\"349\" \/>Kofe\u012bns nodro\u0161ina dren\u0113jo\u0161u iedarb\u012bbu uz p\u0101rslogotiem un papla\u0161in\u0101tiem kapil\u0101riem, kas ir efekt\u012bva maigas asinsvadu tren\u0113\u0161anas forma.<br data-start=\"482\" data-end=\"485\" \/>Cinks nodro\u0161ina atbalsto\u0161u pretiekaisuma iedarb\u012bbu.<br data-start=\"536\" data-end=\"539\" \/>Seruma formula ir lieliski sader\u012bga ar \u0101du un nodro\u0161ina intens\u012bvu un ilgsto\u0161u efektu.<\/p>\n<p data-start=\"626\" data-end=\"644\"><strong data-start=\"626\" data-end=\"638\">Tilpums:<\/strong> 30 ml<\/p>\n","protected":false},"excerpt":{"rendered":"<p data-start=\"854\" data-end=\"896\">Stiprino\u0161s serums jut\u012bgai \u0101dai ar kuperozi<\/p>\n<h2 data-start=\"898\" data-end=\"947\"><strong data-start=\"898\" data-end=\"947\">\u012apa\u0161\u012bbas Reviderm &#8211; Couperose Therapy Serum 1<\/strong><\/h2>\n<p data-start=\"949\" data-end=\"1208\">\u2714\ufe0f Stiprina kapil\u0101ru sieni\u0146as un samazina aps\u0101rtumu<br data-start=\"1000\" data-end=\"1003\" \/>\u2714\ufe0f Palielina \u0101das iztur\u012bbu pret \u0101r\u0113jiem kairin\u0101t\u0101jiem<br data-start=\"1056\" data-end=\"1059\" \/>\u2714\ufe0f Samazina dedzin\u0101\u0161anas saj\u016btu un diskomfortu<br data-start=\"1105\" data-end=\"1108\" \/>\u2714\ufe0f Nodro\u0161ina ilgsto\u0161u mitrin\u0101\u0161anu un aizsardz\u012bbu<br data-start=\"1156\" data-end=\"1159\" \/>\u2714\ufe0f Nomierina jut\u012bgu \u0101du un izl\u012bdzina sejas toni<\/p>\n","protected":false},"featured_media":40440,"template":"","meta":[],"pwb-brand":[703],"product_brand":[],"product_cat":[741,749,723],"product_tag":[],"giftcard-category":[],"class_list":{"0":"post-73058","1":"product","2":"type-product","3":"status-publish","4":"has-post-thumbnail","6":"pwb-brand-reviderm","7":"product_cat-izsitumi","8":"product_cat-novecojosa-ada","9":"product_cat-serumi","11":"first","12":"instock","13":"taxable","14":"shipping-taxable","15":"purchasable","16":"product-type-simple"},"acf":[],"brands":[{"id":703,"name":"Reviderm","slug":"reviderm"}],"_links":{"self":[{"href":"https:\/\/skinstudio.ee\/lv\/wp-json\/wp\/v2\/product\/73058","targetHints":{"allow":["GET"]}}],"collection":[{"href":"https:\/\/skinstudio.ee\/lv\/wp-json\/wp\/v2\/product"}],"about":[{"href":"https:\/\/skinstudio.ee\/lv\/wp-json\/wp\/v2\/types\/product"}],"version-history":[{"count":1,"href":"https:\/\/skinstudio.ee\/lv\/wp-json\/wp\/v2\/product\/73058\/revisions"}],"predecessor-version":[{"id":73059,"href":"https:\/\/skinstudio.ee\/lv\/wp-json\/wp\/v2\/product\/73058\/revisions\/73059"}],"wp:featuredmedia":[{"embeddable":true,"href":"https:\/\/skinstudio.ee\/lv\/wp-json\/wp\/v2\/media\/40440"}],"wp:attachment":[{"href":"https:\/\/skinstudio.ee\/lv\/wp-json\/wp\/v2\/media?parent=73058"}],"wp:term":[{"taxonomy":"pwb-brand","embeddable":true,"href":"https:\/\/skinstudio.ee\/lv\/wp-json\/wp\/v2\/pwb-brand?post=73058"},{"taxonomy":"product_brand","embeddable":true,"href":"https:\/\/skinstudio.ee\/lv\/wp-json\/wp\/v2\/product_brand?post=73058"},{"taxonomy":"product_cat","embeddable":true,"href":"https:\/\/skinstudio.ee\/lv\/wp-json\/wp\/v2\/product_cat?post=73058"},{"taxonomy":"product_tag","embeddable":true,"href":"https:\/\/skinstudio.ee\/lv\/wp-json\/wp\/v2\/product_tag?post=73058"},{"taxonomy":"giftcard-category","embeddable":true,"href":"https:\/\/skinstudio.ee\/lv\/wp-json\/wp\/v2\/giftcard-category?post=73058"}],"curies":[{"name":"wp","href":"https:\/\/api.w.org\/{rel}","templated":true}]}}