{"id":73197,"date":"2025-08-07T10:06:12","date_gmt":"2025-08-07T10:06:12","guid":{"rendered":"https:\/\/skinstudio.ee\/?post_type=product&#038;p=73197"},"modified":"2026-01-21T13:57:20","modified_gmt":"2026-01-21T13:57:20","slug":"purifying-toner","status":"publish","type":"product","link":"https:\/\/skinstudio.ee\/lv\/catalog\/reviderm\/purifying-toner\/","title":{"rendered":"Purifying Toner"},"content":{"rendered":"<p data-start=\"102\" data-end=\"374\">Nodro\u0161ina pretiekaisuma iedarb\u012bbu, atjauno l\u012bdzsvaru, mazina kairin\u0101jumu un diskomfortu, no\u0146em net\u012brumu da\u013ci\u0146as un taukaino sp\u012bdumu, neiz\u017e\u0101v\u0113jot \u0101du. Tonika sast\u0101v\u0101 eso\u0161ie cinka s\u0101\u013ci ir efekt\u012bvi pret iekaisumiem. \u0100da tiek att\u012br\u012bta, k\u013c\u016bst kopt\u0101ka, bet t\u0101s tonis \u2013 mirdzo\u0161s.<\/p>\n<p data-start=\"376\" data-end=\"395\"><strong data-start=\"376\" data-end=\"388\">Tilpums:<\/strong> 200 ml<\/p>\n","protected":false},"excerpt":{"rendered":"<p data-start=\"506\" data-end=\"568\">Att\u012bro\u0161s toniks ar sebuma regul\u0113jo\u0161u un antiseptisku iedarb\u012bbu<\/p>\n<h2 data-start=\"570\" data-end=\"607\"><strong data-start=\"570\" data-end=\"607\">\u012apa\u0161\u012bbas Reviderm &#8211; Purifying Toner<\/strong><\/h2>\n<p data-start=\"609\" data-end=\"849\">\u2714\ufe0f Regul\u0113 sebuma izdal\u012b\u0161anos un sa\u0161aurina poras<br data-start=\"656\" data-end=\"659\" \/>\u2714\ufe0f Piem\u012bt antiseptiska un pretiekaisuma iedarb\u012bba<br data-start=\"708\" data-end=\"711\" \/>\u2714\ufe0f Pal\u012bdz nov\u0113rst izsitumu un aknes veido\u0161anos<br data-start=\"757\" data-end=\"760\" \/>\u2714\ufe0f Atjauno \u0101das pH l\u012bdzsvaru p\u0113c att\u012br\u012b\u0161anas<br data-start=\"804\" data-end=\"807\" \/>\u2714\ufe0f Samazina taukaino sp\u012bdumu un mat\u0113 \u0101du<\/p>\n","protected":false},"featured_media":63784,"template":"","meta":[],"pwb-brand":[703],"product_brand":[],"product_cat":[741,747,721],"product_tag":[],"giftcard-category":[],"class_list":{"0":"post-73197","1":"product","2":"type-product","3":"status-publish","4":"has-post-thumbnail","6":"pwb-brand-reviderm","7":"product_cat-izsitumi","8":"product_cat-taukainai-adai","9":"product_cat-toniki-lv","11":"first","12":"instock","13":"taxable","14":"shipping-taxable","15":"purchasable","16":"product-type-simple"},"acf":[],"brands":[{"id":703,"name":"Reviderm","slug":"reviderm"}],"_links":{"self":[{"href":"https:\/\/skinstudio.ee\/lv\/wp-json\/wp\/v2\/product\/73197","targetHints":{"allow":["GET"]}}],"collection":[{"href":"https:\/\/skinstudio.ee\/lv\/wp-json\/wp\/v2\/product"}],"about":[{"href":"https:\/\/skinstudio.ee\/lv\/wp-json\/wp\/v2\/types\/product"}],"version-history":[{"count":1,"href":"https:\/\/skinstudio.ee\/lv\/wp-json\/wp\/v2\/product\/73197\/revisions"}],"predecessor-version":[{"id":73198,"href":"https:\/\/skinstudio.ee\/lv\/wp-json\/wp\/v2\/product\/73197\/revisions\/73198"}],"wp:featuredmedia":[{"embeddable":true,"href":"https:\/\/skinstudio.ee\/lv\/wp-json\/wp\/v2\/media\/63784"}],"wp:attachment":[{"href":"https:\/\/skinstudio.ee\/lv\/wp-json\/wp\/v2\/media?parent=73197"}],"wp:term":[{"taxonomy":"pwb-brand","embeddable":true,"href":"https:\/\/skinstudio.ee\/lv\/wp-json\/wp\/v2\/pwb-brand?post=73197"},{"taxonomy":"product_brand","embeddable":true,"href":"https:\/\/skinstudio.ee\/lv\/wp-json\/wp\/v2\/product_brand?post=73197"},{"taxonomy":"product_cat","embeddable":true,"href":"https:\/\/skinstudio.ee\/lv\/wp-json\/wp\/v2\/product_cat?post=73197"},{"taxonomy":"product_tag","embeddable":true,"href":"https:\/\/skinstudio.ee\/lv\/wp-json\/wp\/v2\/product_tag?post=73197"},{"taxonomy":"giftcard-category","embeddable":true,"href":"https:\/\/skinstudio.ee\/lv\/wp-json\/wp\/v2\/giftcard-category?post=73197"}],"curies":[{"name":"wp","href":"https:\/\/api.w.org\/{rel}","templated":true}]}}