{"id":73206,"date":"2025-08-07T10:05:59","date_gmt":"2025-08-07T10:05:59","guid":{"rendered":"https:\/\/skinstudio.ee\/?post_type=product&#038;p=73206"},"modified":"2026-01-21T13:57:21","modified_gmt":"2026-01-21T13:57:21","slug":"reta-serum","status":"publish","type":"product","link":"https:\/\/skinstudio.ee\/lv\/catalog\/reviderm\/reta-serum\/","title":{"rendered":"RetA + Serum"},"content":{"rendered":"<p data-start=\"115\" data-end=\"957\">Serums ar retinolu nobriedu\u0161ai \u0101dai, kurai nepiecie\u0161ama \u012bpa\u0161a kop\u0161ana. Jaun\u0101s paaudzes retinols nodro\u0161ina izteiktu un ilgsto\u0161u pretnoveco\u0161an\u0101s iedarb\u012bbu. Hidroksipinakolona retino\u0101ts sp\u0113j \u0101tri iek\u013c\u016bt \u0101d\u0101 un tie\u0161i iedarbojas uz \u0161\u016bnu receptoriem bez iepriek\u0161\u0113jas hidrol\u012bzes. Lieliski panesams \u0101dai un neizraisa kairin\u0101jumu.<br data-start=\"436\" data-end=\"439\" \/>Normaliz\u0113jas keratiniz\u0101cija, izl\u012bdzin\u0101s \u0101das strukt\u016bra. Uzlabojas epit\u0113lija atjauno\u0161an\u0101s un \u0161\u016bnu re\u0123ener\u0101cija. Samazin\u0101s m\u012bmisk\u0101s un dzi\u013c\u0101s grumbas, \u0101da k\u013c\u016bst glud\u0101ka, mazin\u0101s ar vecumu saist\u012bt\u0101 pigment\u0101cija. Vitam\u012bns B3 \u2013 skaistuma vitam\u012bns \u2013 veicina \u0101das re\u0123ener\u0101ciju un pal\u012bdz samazin\u0101t grumbas. Tas maigi iedarbojas uz \u0101du, uzlabo epidermas sp\u0113ju notur\u0113t mitrumu, mazina aps\u0101rtumu un pal\u012bdz nov\u0113rst vecuma pigment\u0101ciju. Zemas molekulmasas hialuronsk\u0101be nodro\u0161ina dzi\u013cu un ilgsto\u0161u mitrin\u0101\u0161anu, uzlabo \u0101das turgoru.<\/p>\n<p data-start=\"959\" data-end=\"977\"><strong data-start=\"959\" data-end=\"971\">Tilpums:<\/strong> 30 ml<\/p>\n","protected":false},"excerpt":{"rendered":"<p data-start=\"1197\" data-end=\"1236\">Pretnoveco\u0161an\u0101s serums ar retinaldeh\u012bdu<\/p>\n<h2 data-start=\"1238\" data-end=\"1273\"><strong data-start=\"1238\" data-end=\"1273\">\u012apa\u0161\u012bbas Reviderm &#8211; RetA + Serum<\/strong><\/h2>\n<p data-start=\"1275\" data-end=\"1537\">\u2714\ufe0f Stimul\u0113 \u0161\u016bnu atjauno\u0161anos un kolag\u0113na veido\u0161anos<br data-start=\"1326\" data-end=\"1329\" \/>\u2714\ufe0f Samazina grumbu dzi\u013cumu un izl\u012bdzina \u0101das reljefu<br data-start=\"1381\" data-end=\"1384\" \/>\u2714\ufe0f Uzlabo \u0101das toni un pal\u012bdz mazin\u0101t pigment\u0101ciju<br data-start=\"1434\" data-end=\"1437\" \/>\u2714\ufe0f Palielina \u0101das tvirtumu un elast\u012bbu<br data-start=\"1475\" data-end=\"1478\" \/>\u2714\ufe0f Piem\u0113rots \u0101dai ar noveco\u0161an\u0101s paz\u012bm\u0113m un tonusa zudumu<\/p>\n","protected":false},"featured_media":63789,"template":"","meta":[],"pwb-brand":[703],"product_brand":[],"product_cat":[727,737,749,751,723],"product_tag":[],"giftcard-category":[],"class_list":{"0":"post-73206","1":"product","2":"type-product","3":"status-publish","4":"has-post-thumbnail","6":"pwb-brand-reviderm","7":"product_cat-a-vitamins-retinols","8":"product_cat-mitrinasana","9":"product_cat-novecojosa-ada","10":"product_cat-pigmentacija-lv","11":"product_cat-serumi","13":"first","14":"instock","15":"taxable","16":"shipping-taxable","17":"purchasable","18":"product-type-simple"},"acf":[],"brands":[{"id":703,"name":"Reviderm","slug":"reviderm"}],"_links":{"self":[{"href":"https:\/\/skinstudio.ee\/lv\/wp-json\/wp\/v2\/product\/73206","targetHints":{"allow":["GET"]}}],"collection":[{"href":"https:\/\/skinstudio.ee\/lv\/wp-json\/wp\/v2\/product"}],"about":[{"href":"https:\/\/skinstudio.ee\/lv\/wp-json\/wp\/v2\/types\/product"}],"version-history":[{"count":1,"href":"https:\/\/skinstudio.ee\/lv\/wp-json\/wp\/v2\/product\/73206\/revisions"}],"predecessor-version":[{"id":73207,"href":"https:\/\/skinstudio.ee\/lv\/wp-json\/wp\/v2\/product\/73206\/revisions\/73207"}],"wp:featuredmedia":[{"embeddable":true,"href":"https:\/\/skinstudio.ee\/lv\/wp-json\/wp\/v2\/media\/63789"}],"wp:attachment":[{"href":"https:\/\/skinstudio.ee\/lv\/wp-json\/wp\/v2\/media?parent=73206"}],"wp:term":[{"taxonomy":"pwb-brand","embeddable":true,"href":"https:\/\/skinstudio.ee\/lv\/wp-json\/wp\/v2\/pwb-brand?post=73206"},{"taxonomy":"product_brand","embeddable":true,"href":"https:\/\/skinstudio.ee\/lv\/wp-json\/wp\/v2\/product_brand?post=73206"},{"taxonomy":"product_cat","embeddable":true,"href":"https:\/\/skinstudio.ee\/lv\/wp-json\/wp\/v2\/product_cat?post=73206"},{"taxonomy":"product_tag","embeddable":true,"href":"https:\/\/skinstudio.ee\/lv\/wp-json\/wp\/v2\/product_tag?post=73206"},{"taxonomy":"giftcard-category","embeddable":true,"href":"https:\/\/skinstudio.ee\/lv\/wp-json\/wp\/v2\/giftcard-category?post=73206"}],"curies":[{"name":"wp","href":"https:\/\/api.w.org\/{rel}","templated":true}]}}