{"id":73213,"date":"2025-08-07T10:01:47","date_gmt":"2025-08-07T10:01:47","guid":{"rendered":"https:\/\/skinstudio.ee\/?post_type=product&#038;p=73213"},"modified":"2026-01-21T13:57:20","modified_gmt":"2026-01-21T13:57:20","slug":"ph-manager-forte-plus","status":"publish","type":"product","link":"https:\/\/skinstudio.ee\/lv\/catalog\/reviderm\/ph-manager-forte-plus\/","title":{"rendered":"pH Manager Forte Plus"},"content":{"rendered":"<p data-start=\"147\" data-end=\"605\">Unik\u0101lais Kerabionic komplekss normaliz\u0113 pH l\u012bmeni, atbalsta un saglab\u0101 vesel\u012bgu mikrofloru uz \u0101das virsmas. Koncentr\u0101ts stiprina aizsargbarjeru un palielina t\u0101s rezistenci. Augsti efekt\u012bv\u0101s aug\u013csk\u0101bes un salicilsk\u0101be regul\u0113 atmiru\u0161o \u0161\u016bnu nolob\u012b\u0161an\u0101s procesu, \u0161\u0137\u012bdina net\u012brumus, att\u012bra un stimul\u0113 \u0161\u016bnu atjauno\u0161anos. Ar pH regul\u0113jo\u0161\u0101 koncentr\u0101ta ar p\u012blinga efektu pal\u012bdz\u012bbu \u0101das virsma k\u013c\u016bst glud\u0101ka un tiek restrukturiz\u0113ta. Samazin\u0101s grumbas, \u0101da atjaunojas.<\/p>\n<p data-start=\"607\" data-end=\"625\"><strong data-start=\"607\" data-end=\"619\">Tilpums:<\/strong> 30 ml<\/p>\n","protected":false},"excerpt":{"rendered":"<p data-start=\"747\" data-end=\"780\">Koncentr\u0113ts pH regul\u0113jo\u0161s \u0161\u0137\u012bdums<\/p>\n<h2 data-start=\"782\" data-end=\"827\"><strong data-start=\"782\" data-end=\"827\">\u012apa\u0161\u012bbas Reviderm &#8211; pH Manager Forte Plus<\/strong><\/h2>\n<p data-start=\"829\" data-end=\"1150\">\u2714\ufe0f Normaliz\u0113 \u0101das pH l\u012bdzsvaru un stiprina aizsargbarjeru<br data-start=\"886\" data-end=\"889\" \/>\u2714\ufe0f Piem\u012bt izteikta sebuma regul\u0113jo\u0161a un keratol\u012btiska iedarb\u012bba<br data-start=\"952\" data-end=\"955\" \/>\u2714\ufe0f Stimul\u0113 \u0161\u016bnu atjauno\u0161anos un izl\u012bdzina \u0101das tekst\u016bru<br data-start=\"1010\" data-end=\"1013\" \/>\u2714\ufe0f Veicina poru att\u012br\u012b\u0161anu un pal\u012bdz samazin\u0101t \u0101das taukain\u012bbu<br data-start=\"1075\" data-end=\"1078\" \/>\u2714\ufe0f Sagatavo \u0101du profesion\u0101l\u0101m proced\u016br\u0101m un pastiprina to efektivit\u0101ti<\/p>\n","protected":false},"featured_media":63794,"template":"","meta":[],"pwb-brand":[703],"product_brand":[],"product_cat":[749,751,723],"product_tag":[],"giftcard-category":[],"class_list":{"0":"post-73213","1":"product","2":"type-product","3":"status-publish","4":"has-post-thumbnail","6":"pwb-brand-reviderm","7":"product_cat-novecojosa-ada","8":"product_cat-pigmentacija-lv","9":"product_cat-serumi","11":"first","12":"instock","13":"taxable","14":"shipping-taxable","15":"purchasable","16":"product-type-simple"},"acf":[],"brands":[{"id":703,"name":"Reviderm","slug":"reviderm"}],"_links":{"self":[{"href":"https:\/\/skinstudio.ee\/lv\/wp-json\/wp\/v2\/product\/73213","targetHints":{"allow":["GET"]}}],"collection":[{"href":"https:\/\/skinstudio.ee\/lv\/wp-json\/wp\/v2\/product"}],"about":[{"href":"https:\/\/skinstudio.ee\/lv\/wp-json\/wp\/v2\/types\/product"}],"version-history":[{"count":1,"href":"https:\/\/skinstudio.ee\/lv\/wp-json\/wp\/v2\/product\/73213\/revisions"}],"predecessor-version":[{"id":73214,"href":"https:\/\/skinstudio.ee\/lv\/wp-json\/wp\/v2\/product\/73213\/revisions\/73214"}],"wp:featuredmedia":[{"embeddable":true,"href":"https:\/\/skinstudio.ee\/lv\/wp-json\/wp\/v2\/media\/63794"}],"wp:attachment":[{"href":"https:\/\/skinstudio.ee\/lv\/wp-json\/wp\/v2\/media?parent=73213"}],"wp:term":[{"taxonomy":"pwb-brand","embeddable":true,"href":"https:\/\/skinstudio.ee\/lv\/wp-json\/wp\/v2\/pwb-brand?post=73213"},{"taxonomy":"product_brand","embeddable":true,"href":"https:\/\/skinstudio.ee\/lv\/wp-json\/wp\/v2\/product_brand?post=73213"},{"taxonomy":"product_cat","embeddable":true,"href":"https:\/\/skinstudio.ee\/lv\/wp-json\/wp\/v2\/product_cat?post=73213"},{"taxonomy":"product_tag","embeddable":true,"href":"https:\/\/skinstudio.ee\/lv\/wp-json\/wp\/v2\/product_tag?post=73213"},{"taxonomy":"giftcard-category","embeddable":true,"href":"https:\/\/skinstudio.ee\/lv\/wp-json\/wp\/v2\/giftcard-category?post=73213"}],"curies":[{"name":"wp","href":"https:\/\/api.w.org\/{rel}","templated":true}]}}