{"id":73220,"date":"2025-08-07T09:53:45","date_gmt":"2025-08-07T09:53:45","guid":{"rendered":"https:\/\/skinstudio.ee\/?post_type=product&#038;p=73220"},"modified":"2026-01-21T13:57:16","modified_gmt":"2026-01-21T13:57:16","slug":"barrier-repair-night","status":"publish","type":"product","link":"https:\/\/skinstudio.ee\/lv\/catalog\/reviderm\/barrier-repair-night\/","title":{"rendered":"Barrier Repair Night"},"content":{"rendered":"<p data-start=\"147\" data-end=\"549\">\u0100dai identiskie lip\u012bdi stiprina \u0101das aizsargbarjera funkciju, samazina mitruma zudumu, mazina ikdienas spriedzi un atjauno l\u012bdzsvaru miega laik\u0101. Neirokosm\u0113tiskais pretstresa komplekss nomierina \u0101du un pal\u012bdz nov\u0113rst iekaisuma procesus. Atjaunojo\u0161ie pept\u012bdi stiprina saistaudus un izl\u012bdzina grumbas. Nakts laik\u0101 \u0101da re\u0123ener\u0113jas un atg\u016bst savu dabisko l\u012bdzsvaru. No r\u012bta \u0101da izskat\u0101s glud\u0101ka un maig\u0101ka.<\/p>\n<p data-start=\"551\" data-end=\"569\"><strong data-start=\"551\" data-end=\"563\">Tilpums:<\/strong> 50 ml<\/p>\n","protected":false},"excerpt":{"rendered":"<p data-start=\"644\" data-end=\"667\">Atjaunojo\u0161s nakts kr\u0113ms<\/p>\n<h2 data-start=\"669\" data-end=\"713\"><strong data-start=\"669\" data-end=\"713\">\u012apa\u0161\u012bbas Reviderm &#8211; Barrier Repair Night<\/strong><\/h2>\n<p data-start=\"715\" data-end=\"961\">\u2714\ufe0f Stiprina \u0101das dabisko aizsargbarjeru miega laik\u0101<br data-start=\"766\" data-end=\"769\" \/>\u2714\ufe0f Intens\u012bvi mitrina un pal\u012bdz nov\u0113rst mitruma zudumu<br data-start=\"822\" data-end=\"825\" \/>\u2714\ufe0f Mazina kairin\u0101jumu un aps\u0101rtumu<br data-start=\"859\" data-end=\"862\" \/>\u2714\ufe0f Nomierina jut\u012bgu un stresa skartu \u0101du<br data-start=\"902\" data-end=\"905\" \/>\u2714\ufe0f Stiprina lip\u012bdu sl\u0101ni un pal\u012bdz atjaunot mikrobiomu<\/p>\n","protected":false},"featured_media":63799,"template":"","meta":[],"pwb-brand":[703],"product_brand":[],"product_cat":[737,749,739],"product_tag":[],"giftcard-category":[],"class_list":{"0":"post-73220","1":"product","2":"type-product","3":"status-publish","4":"has-post-thumbnail","6":"pwb-brand-reviderm","7":"product_cat-mitrinasana","8":"product_cat-novecojosa-ada","9":"product_cat-sausai-adai","11":"first","12":"instock","13":"taxable","14":"shipping-taxable","15":"purchasable","16":"product-type-simple"},"acf":[],"brands":[{"id":703,"name":"Reviderm","slug":"reviderm"}],"_links":{"self":[{"href":"https:\/\/skinstudio.ee\/lv\/wp-json\/wp\/v2\/product\/73220","targetHints":{"allow":["GET"]}}],"collection":[{"href":"https:\/\/skinstudio.ee\/lv\/wp-json\/wp\/v2\/product"}],"about":[{"href":"https:\/\/skinstudio.ee\/lv\/wp-json\/wp\/v2\/types\/product"}],"version-history":[{"count":1,"href":"https:\/\/skinstudio.ee\/lv\/wp-json\/wp\/v2\/product\/73220\/revisions"}],"predecessor-version":[{"id":73221,"href":"https:\/\/skinstudio.ee\/lv\/wp-json\/wp\/v2\/product\/73220\/revisions\/73221"}],"wp:featuredmedia":[{"embeddable":true,"href":"https:\/\/skinstudio.ee\/lv\/wp-json\/wp\/v2\/media\/63799"}],"wp:attachment":[{"href":"https:\/\/skinstudio.ee\/lv\/wp-json\/wp\/v2\/media?parent=73220"}],"wp:term":[{"taxonomy":"pwb-brand","embeddable":true,"href":"https:\/\/skinstudio.ee\/lv\/wp-json\/wp\/v2\/pwb-brand?post=73220"},{"taxonomy":"product_brand","embeddable":true,"href":"https:\/\/skinstudio.ee\/lv\/wp-json\/wp\/v2\/product_brand?post=73220"},{"taxonomy":"product_cat","embeddable":true,"href":"https:\/\/skinstudio.ee\/lv\/wp-json\/wp\/v2\/product_cat?post=73220"},{"taxonomy":"product_tag","embeddable":true,"href":"https:\/\/skinstudio.ee\/lv\/wp-json\/wp\/v2\/product_tag?post=73220"},{"taxonomy":"giftcard-category","embeddable":true,"href":"https:\/\/skinstudio.ee\/lv\/wp-json\/wp\/v2\/giftcard-category?post=73220"}],"curies":[{"name":"wp","href":"https:\/\/api.w.org\/{rel}","templated":true}]}}