{"id":73227,"date":"2025-08-05T10:54:24","date_gmt":"2025-08-05T10:54:24","guid":{"rendered":"https:\/\/skinstudio.ee\/?post_type=product&#038;p=73227"},"modified":"2026-01-21T13:57:19","modified_gmt":"2026-01-21T13:57:19","slug":"peptide-line-lift-mask","status":"publish","type":"product","link":"https:\/\/skinstudio.ee\/lv\/catalog\/reviderm\/peptide-line-lift-mask\/","title":{"rendered":"Peptide Line Lift Mask"},"content":{"rendered":"<p data-start=\"130\" data-end=\"480\">Piecu augsti akt\u012bvu pept\u012bdu komplekss stimul\u0113 elast\u012bna sint\u0113zi, kav\u0113 kolag\u0113na \u0161\u0137iedru no\u0101rd\u012b\u0161anos un padara \u0101du elast\u012bg\u0101ku un apjom\u012bg\u0101ku. Ceram\u012bdi stiprina un restrukturiz\u0113 \u0101das barjeru, m\u012bkstina \u0101du. Mitrino\u0161ais komplekss uz hialuronsk\u0101bes b\u0101zes nekav\u0113joties izl\u012bdzina grumbas un izl\u012bdzina \u0101das toni. \u0100da izskat\u0101s iev\u0113rojami tvirt\u0101ka un pievilkt\u0101ka.<\/p>\n<p data-start=\"482\" data-end=\"500\"><strong data-start=\"482\" data-end=\"494\">Tilpums:<\/strong> 50 ml<\/p>\n","protected":false},"excerpt":{"rendered":"<p data-start=\"692\" data-end=\"719\">Liftinga maska ar pept\u012bdiem<\/p>\n<h2 data-start=\"721\" data-end=\"767\"><strong data-start=\"721\" data-end=\"767\">\u012apa\u0161\u012bbas Reviderm &#8211; Peptide Line Lift Mask<\/strong><\/h2>\n<p data-start=\"769\" data-end=\"969\">\u2714\ufe0f Stiprina \u0101du un uzlabo sejas ov\u0101la kont\u016bras<br data-start=\"815\" data-end=\"818\" \/>\u2714\ufe0f Samazina grumbu un \u0101das kroku redzam\u012bbu<br data-start=\"860\" data-end=\"863\" \/>\u2714\ufe0f Uzlabo \u0101das bl\u012bvumu un tvirtumu<br data-start=\"897\" data-end=\"900\" \/>\u2714\ufe0f Stimul\u0113 kolag\u0113na sint\u0113zi<br data-start=\"927\" data-end=\"930\" \/>\u2714\ufe0f Padara \u0101du glud\u0101ku un jaunekl\u012bg\u0101ku<\/p>\n","protected":false},"featured_media":63804,"template":"","meta":[],"pwb-brand":[703],"product_brand":[],"product_cat":[725,737,749],"product_tag":[],"giftcard-category":[],"class_list":{"0":"post-73227","1":"product","2":"type-product","3":"status-publish","4":"has-post-thumbnail","6":"pwb-brand-reviderm","7":"product_cat-maskas","8":"product_cat-mitrinasana","9":"product_cat-novecojosa-ada","11":"first","12":"instock","13":"taxable","14":"shipping-taxable","15":"purchasable","16":"product-type-simple"},"acf":[],"brands":[{"id":703,"name":"Reviderm","slug":"reviderm"}],"_links":{"self":[{"href":"https:\/\/skinstudio.ee\/lv\/wp-json\/wp\/v2\/product\/73227","targetHints":{"allow":["GET"]}}],"collection":[{"href":"https:\/\/skinstudio.ee\/lv\/wp-json\/wp\/v2\/product"}],"about":[{"href":"https:\/\/skinstudio.ee\/lv\/wp-json\/wp\/v2\/types\/product"}],"version-history":[{"count":1,"href":"https:\/\/skinstudio.ee\/lv\/wp-json\/wp\/v2\/product\/73227\/revisions"}],"predecessor-version":[{"id":73228,"href":"https:\/\/skinstudio.ee\/lv\/wp-json\/wp\/v2\/product\/73227\/revisions\/73228"}],"wp:featuredmedia":[{"embeddable":true,"href":"https:\/\/skinstudio.ee\/lv\/wp-json\/wp\/v2\/media\/63804"}],"wp:attachment":[{"href":"https:\/\/skinstudio.ee\/lv\/wp-json\/wp\/v2\/media?parent=73227"}],"wp:term":[{"taxonomy":"pwb-brand","embeddable":true,"href":"https:\/\/skinstudio.ee\/lv\/wp-json\/wp\/v2\/pwb-brand?post=73227"},{"taxonomy":"product_brand","embeddable":true,"href":"https:\/\/skinstudio.ee\/lv\/wp-json\/wp\/v2\/product_brand?post=73227"},{"taxonomy":"product_cat","embeddable":true,"href":"https:\/\/skinstudio.ee\/lv\/wp-json\/wp\/v2\/product_cat?post=73227"},{"taxonomy":"product_tag","embeddable":true,"href":"https:\/\/skinstudio.ee\/lv\/wp-json\/wp\/v2\/product_tag?post=73227"},{"taxonomy":"giftcard-category","embeddable":true,"href":"https:\/\/skinstudio.ee\/lv\/wp-json\/wp\/v2\/giftcard-category?post=73227"}],"curies":[{"name":"wp","href":"https:\/\/api.w.org\/{rel}","templated":true}]}}