{"id":73234,"date":"2025-07-31T15:41:51","date_gmt":"2025-07-31T15:41:51","guid":{"rendered":"https:\/\/skinstudio.ee\/?post_type=product&#038;p=73234"},"modified":"2026-01-21T13:57:15","modified_gmt":"2026-01-21T13:57:15","slug":"aha-fluid","status":"publish","type":"product","link":"https:\/\/skinstudio.ee\/lv\/catalog\/reviderm\/aha-fluid\/","title":{"rendered":"AHA Fluid"},"content":{"rendered":"<p data-start=\"130\" data-end=\"508\">\u012apa\u0161s komplekss uz aug\u013csk\u0101bju b\u0101zes maigi noloba atmiru\u0161\u0101s \u0101das \u0161\u016bnas, no\u0146em net\u012brumus, atver nosl\u0113gtos komedonus un pal\u012bdz tos nov\u0113rst. Emulsijai piem\u012bt antibakteri\u0101la iedarb\u012bba, t\u0101 kav\u0113 uz \u0101das rauga s\u0113n\u012b\u0161u un akni izraiso\u0161o bakt\u0113riju att\u012bst\u012bbu. Seborejiska \u0101da k\u013c\u016bst vesel\u012bg\u0101ka, glud\u0101ka un maig\u0101ka, paz\u016bd nev\u0113lamais taukainais sp\u012bdums, iev\u0113rojami samazin\u0101s komedonu daudzums.<\/p>\n<p data-start=\"510\" data-end=\"528\"><strong data-start=\"510\" data-end=\"522\">Tilpums:<\/strong> 50 ml<\/p>\n","protected":false},"excerpt":{"rendered":"<p data-start=\"645\" data-end=\"684\">Viegls atjaunojo\u0161s flu\u012bds ar AHA sk\u0101b\u0113m<\/p>\n<h2 data-start=\"686\" data-end=\"719\"><strong data-start=\"686\" data-end=\"719\">\u012apa\u0161\u012bbas Reviderm &#8211; AHA Fluid<\/strong><\/h2>\n<p data-start=\"721\" data-end=\"959\">\u2714\ufe0f Maigi noloba \u0101du un pa\u0101trina \u0161\u016bnu atjauno\u0161anos<br data-start=\"770\" data-end=\"773\" \/>\u2714\ufe0f Pal\u012bdz samazin\u0101t poras un izl\u012bdzina \u0101das reljefu<br data-start=\"824\" data-end=\"827\" \/>\u2714\ufe0f Palielina \u0101das gludumu un mirdzumu<br data-start=\"864\" data-end=\"867\" \/>\u2714\ufe0f Uzlabo \u0101das toni un pal\u012bdz mazin\u0101t p\u0113caknes p\u0113das<br data-start=\"919\" data-end=\"922\" \/>\u2714\ufe0f Padara \u0101du svaigu, t\u012bru un koptu<\/p>\n","protected":false},"featured_media":63885,"template":"","meta":[],"pwb-brand":[703],"product_brand":[],"product_cat":[741,749,743,723,747],"product_tag":[],"giftcard-category":[],"class_list":{"0":"post-73234","1":"product","2":"type-product","3":"status-publish","4":"has-post-thumbnail","6":"pwb-brand-reviderm","7":"product_cat-izsitumi","8":"product_cat-novecojosa-ada","9":"product_cat-paplasinatas-poras","10":"product_cat-serumi","11":"product_cat-taukaina-ada","13":"first","14":"instock","15":"taxable","16":"shipping-taxable","17":"purchasable","18":"product-type-simple"},"acf":[],"brands":[{"id":703,"name":"Reviderm","slug":"reviderm"}],"_links":{"self":[{"href":"https:\/\/skinstudio.ee\/lv\/wp-json\/wp\/v2\/product\/73234","targetHints":{"allow":["GET"]}}],"collection":[{"href":"https:\/\/skinstudio.ee\/lv\/wp-json\/wp\/v2\/product"}],"about":[{"href":"https:\/\/skinstudio.ee\/lv\/wp-json\/wp\/v2\/types\/product"}],"version-history":[{"count":1,"href":"https:\/\/skinstudio.ee\/lv\/wp-json\/wp\/v2\/product\/73234\/revisions"}],"predecessor-version":[{"id":73235,"href":"https:\/\/skinstudio.ee\/lv\/wp-json\/wp\/v2\/product\/73234\/revisions\/73235"}],"wp:featuredmedia":[{"embeddable":true,"href":"https:\/\/skinstudio.ee\/lv\/wp-json\/wp\/v2\/media\/63885"}],"wp:attachment":[{"href":"https:\/\/skinstudio.ee\/lv\/wp-json\/wp\/v2\/media?parent=73234"}],"wp:term":[{"taxonomy":"pwb-brand","embeddable":true,"href":"https:\/\/skinstudio.ee\/lv\/wp-json\/wp\/v2\/pwb-brand?post=73234"},{"taxonomy":"product_brand","embeddable":true,"href":"https:\/\/skinstudio.ee\/lv\/wp-json\/wp\/v2\/product_brand?post=73234"},{"taxonomy":"product_cat","embeddable":true,"href":"https:\/\/skinstudio.ee\/lv\/wp-json\/wp\/v2\/product_cat?post=73234"},{"taxonomy":"product_tag","embeddable":true,"href":"https:\/\/skinstudio.ee\/lv\/wp-json\/wp\/v2\/product_tag?post=73234"},{"taxonomy":"giftcard-category","embeddable":true,"href":"https:\/\/skinstudio.ee\/lv\/wp-json\/wp\/v2\/giftcard-category?post=73234"}],"curies":[{"name":"wp","href":"https:\/\/api.w.org\/{rel}","templated":true}]}}