{"id":73241,"date":"2025-07-31T15:34:30","date_gmt":"2025-07-31T15:34:30","guid":{"rendered":"https:\/\/skinstudio.ee\/?post_type=product&#038;p=73241"},"modified":"2026-01-21T13:57:15","modified_gmt":"2026-01-21T13:57:15","slug":"aha-gel","status":"publish","type":"product","link":"https:\/\/skinstudio.ee\/lv\/catalog\/reviderm\/aha-gel\/","title":{"rendered":"AHA Gel"},"content":{"rendered":"<p data-start=\"119\" data-end=\"499\">Koncentr\u0113ts g\u0113ls ar aug\u013csk\u0101b\u0113m ar eksfoli\u0113jo\u0161u un antibakteri\u0101lu iedarb\u012bbu. \u012apa\u0161s komplekss uz aug\u013csk\u0101bju un salicilsk\u0101bes b\u0101zes intens\u012bvi noloba atmiru\u0161\u0101s \u0101das \u0161\u016bnas, no\u0146em net\u012brumus, atver nosl\u0113gtos komedonus un pal\u012bdz tos nov\u0113rst. \u0160is ne-taukainais g\u0113ls mitrina \u0101du, padara to gludu un maigu. \u0100da tiek att\u012br\u012bta, samazin\u0101s aknes izpausmes, izl\u012bdzin\u0101s un uzlabojas \u0101das tekst\u016bra.<\/p>\n<p data-start=\"501\" data-end=\"519\"><strong data-start=\"501\" data-end=\"513\">Tilpums:<\/strong> 50 ml<\/p>\n","protected":false},"excerpt":{"rendered":"<p data-start=\"636\" data-end=\"663\">Att\u012bro\u0161s g\u0113ls ar AHA sk\u0101b\u0113m<\/p>\n<h2 data-start=\"665\" data-end=\"696\"><strong data-start=\"665\" data-end=\"696\">\u012apa\u0161\u012bbas Reviderm &#8211; AHA Gel<\/strong><\/h2>\n<p data-start=\"698\" data-end=\"939\">\u2714\ufe0f Maigi no\u0146em atmiru\u0161\u0101s \u0161\u016bnas un izl\u012bdzina \u0101das tekst\u016bru<br data-start=\"755\" data-end=\"758\" \/>\u2714\ufe0f Sa\u0161aurina poras un uzlabo \u0101das toni<br data-start=\"796\" data-end=\"799\" \/>\u2714\ufe0f Stimul\u0113 \u0161\u016bnu atjauno\u0161anos un re\u0123ener\u0101ciju<br data-start=\"843\" data-end=\"846\" \/>\u2714\ufe0f Pal\u012bdz mazin\u0101t pigment\u0101ciju un p\u0113caknes p\u0113das<br data-start=\"894\" data-end=\"897\" \/>\u2714\ufe0f Padara \u0101du gludu, svaigu un starojo\u0161u<\/p>\n","protected":false},"featured_media":63890,"template":"","meta":[],"pwb-brand":[703],"product_brand":[],"product_cat":[715,741,737,749],"product_tag":[],"giftcard-category":[],"class_list":{"0":"post-73241","1":"product","2":"type-product","3":"status-publish","4":"has-post-thumbnail","6":"pwb-brand-reviderm","7":"product_cat-attirisana","8":"product_cat-izsitumi","9":"product_cat-mitrinasana","10":"product_cat-novecojosa-ada","12":"first","13":"instock","14":"taxable","15":"shipping-taxable","16":"purchasable","17":"product-type-simple"},"acf":[],"brands":[{"id":703,"name":"Reviderm","slug":"reviderm"}],"_links":{"self":[{"href":"https:\/\/skinstudio.ee\/lv\/wp-json\/wp\/v2\/product\/73241","targetHints":{"allow":["GET"]}}],"collection":[{"href":"https:\/\/skinstudio.ee\/lv\/wp-json\/wp\/v2\/product"}],"about":[{"href":"https:\/\/skinstudio.ee\/lv\/wp-json\/wp\/v2\/types\/product"}],"version-history":[{"count":1,"href":"https:\/\/skinstudio.ee\/lv\/wp-json\/wp\/v2\/product\/73241\/revisions"}],"predecessor-version":[{"id":73242,"href":"https:\/\/skinstudio.ee\/lv\/wp-json\/wp\/v2\/product\/73241\/revisions\/73242"}],"wp:featuredmedia":[{"embeddable":true,"href":"https:\/\/skinstudio.ee\/lv\/wp-json\/wp\/v2\/media\/63890"}],"wp:attachment":[{"href":"https:\/\/skinstudio.ee\/lv\/wp-json\/wp\/v2\/media?parent=73241"}],"wp:term":[{"taxonomy":"pwb-brand","embeddable":true,"href":"https:\/\/skinstudio.ee\/lv\/wp-json\/wp\/v2\/pwb-brand?post=73241"},{"taxonomy":"product_brand","embeddable":true,"href":"https:\/\/skinstudio.ee\/lv\/wp-json\/wp\/v2\/product_brand?post=73241"},{"taxonomy":"product_cat","embeddable":true,"href":"https:\/\/skinstudio.ee\/lv\/wp-json\/wp\/v2\/product_cat?post=73241"},{"taxonomy":"product_tag","embeddable":true,"href":"https:\/\/skinstudio.ee\/lv\/wp-json\/wp\/v2\/product_tag?post=73241"},{"taxonomy":"giftcard-category","embeddable":true,"href":"https:\/\/skinstudio.ee\/lv\/wp-json\/wp\/v2\/giftcard-category?post=73241"}],"curies":[{"name":"wp","href":"https:\/\/api.w.org\/{rel}","templated":true}]}}