{"id":73248,"date":"2025-07-31T15:28:54","date_gmt":"2025-07-31T15:28:54","guid":{"rendered":"https:\/\/skinstudio.ee\/?post_type=product&#038;p=73248"},"modified":"2026-01-21T13:57:19","modified_gmt":"2026-01-21T13:57:19","slug":"oleosa-control-fluid","status":"publish","type":"product","link":"https:\/\/skinstudio.ee\/lv\/catalog\/reviderm\/oleosa-control-fluid\/","title":{"rendered":"Oleosa Control Fluid"},"content":{"rendered":"<p data-start=\"116\" data-end=\"571\">\u012apa\u0161i viegla pretiekaisuma emulsija ar 24 stundu iedarb\u012bbu taukainas seborejas gad\u012bjum\u0101. Akt\u012bv\u0101 sast\u0101vda\u013ca Sebu Control Complex N normaliz\u0113 sebuma veido\u0161anos, c\u012bn\u0101s ar iekaisumiem un nodro\u0161ina mat\u0113jo\u0161u efektu. Emulsija viegli ies\u016bcas, stiprina \u0101das pa\u0161aizsardz\u012bbas funkcijas, efekt\u012bvi c\u012bn\u0101s ar bakt\u0113rij\u0101m un samazina jaunu iekaisuma procesu veido\u0161anos. Emulsija nov\u0113r\u0161 nev\u0113lamu sp\u012bdumu, sa\u0161aurina poras, \u0101da k\u013c\u016bst vienm\u0113r\u012bg\u0101ka un mirdz nevainojam\u0101 t\u012br\u012bb\u0101.<\/p>\n<p data-start=\"573\" data-end=\"591\"><strong data-start=\"573\" data-end=\"585\">Tilpums:<\/strong> 50 ml<\/p>\n","protected":false},"excerpt":{"rendered":"<p data-start=\"656\" data-end=\"705\">Flu\u012bds ar sebuma regul\u0113jo\u0161u un mat\u0113jo\u0161u iedarb\u012bbu<\/p>\n<h2 data-start=\"707\" data-end=\"751\"><strong data-start=\"707\" data-end=\"751\">\u012apa\u0161\u012bbas Reviderm &#8211; Oleosa Control Fluid<\/strong><\/h2>\n<p data-start=\"753\" data-end=\"1030\">\u2714\ufe0f Regul\u0113 sebuma izdal\u012b\u0161anos un pal\u012bdz nov\u0113rst taukainu sp\u012bdumu<br data-start=\"816\" data-end=\"819\" \/>\u2714\ufe0f Sa\u0161aurina poras un uzlabo \u0101das tekst\u016bru<br data-start=\"861\" data-end=\"864\" \/>\u2714\ufe0f Pal\u012bdz nov\u0113rst iekaisumus un izsitumu veido\u0161anos<br data-start=\"915\" data-end=\"918\" \/>\u2714\ufe0f Nomierina un normaliz\u0113 problem\u0101tisku \u0101du<br data-start=\"961\" data-end=\"964\" \/>\u2714\ufe0f Nodro\u0161ina mat\u0113tu fini\u0161u un svaigu izskatu visas dienas garum\u0101<\/p>\n","protected":false},"featured_media":40405,"template":"","meta":[],"pwb-brand":[703],"product_brand":[],"product_cat":[741,749,747],"product_tag":[],"giftcard-category":[],"class_list":{"0":"post-73248","1":"product","2":"type-product","3":"status-publish","4":"has-post-thumbnail","6":"pwb-brand-reviderm","7":"product_cat-izsitumi","8":"product_cat-novecojosa-ada","9":"product_cat-taukainai-adai","11":"first","12":"instock","13":"taxable","14":"shipping-taxable","15":"purchasable","16":"product-type-simple"},"acf":[],"brands":[{"id":703,"name":"Reviderm","slug":"reviderm"}],"_links":{"self":[{"href":"https:\/\/skinstudio.ee\/lv\/wp-json\/wp\/v2\/product\/73248","targetHints":{"allow":["GET"]}}],"collection":[{"href":"https:\/\/skinstudio.ee\/lv\/wp-json\/wp\/v2\/product"}],"about":[{"href":"https:\/\/skinstudio.ee\/lv\/wp-json\/wp\/v2\/types\/product"}],"version-history":[{"count":1,"href":"https:\/\/skinstudio.ee\/lv\/wp-json\/wp\/v2\/product\/73248\/revisions"}],"predecessor-version":[{"id":73249,"href":"https:\/\/skinstudio.ee\/lv\/wp-json\/wp\/v2\/product\/73248\/revisions\/73249"}],"wp:featuredmedia":[{"embeddable":true,"href":"https:\/\/skinstudio.ee\/lv\/wp-json\/wp\/v2\/media\/40405"}],"wp:attachment":[{"href":"https:\/\/skinstudio.ee\/lv\/wp-json\/wp\/v2\/media?parent=73248"}],"wp:term":[{"taxonomy":"pwb-brand","embeddable":true,"href":"https:\/\/skinstudio.ee\/lv\/wp-json\/wp\/v2\/pwb-brand?post=73248"},{"taxonomy":"product_brand","embeddable":true,"href":"https:\/\/skinstudio.ee\/lv\/wp-json\/wp\/v2\/product_brand?post=73248"},{"taxonomy":"product_cat","embeddable":true,"href":"https:\/\/skinstudio.ee\/lv\/wp-json\/wp\/v2\/product_cat?post=73248"},{"taxonomy":"product_tag","embeddable":true,"href":"https:\/\/skinstudio.ee\/lv\/wp-json\/wp\/v2\/product_tag?post=73248"},{"taxonomy":"giftcard-category","embeddable":true,"href":"https:\/\/skinstudio.ee\/lv\/wp-json\/wp\/v2\/giftcard-category?post=73248"}],"curies":[{"name":"wp","href":"https:\/\/api.w.org\/{rel}","templated":true}]}}