{"id":73256,"date":"2025-07-31T15:24:04","date_gmt":"2025-07-31T15:24:04","guid":{"rendered":"https:\/\/skinstudio.ee\/?post_type=product&#038;p=73256"},"modified":"2026-01-21T13:57:21","modified_gmt":"2026-01-21T13:57:21","slug":"skin-refiner-fluid","status":"publish","type":"product","link":"https:\/\/skinstudio.ee\/lv\/catalog\/reviderm\/skin-refiner-fluid\/","title":{"rendered":"Skin Refiner Fluid"},"content":{"rendered":"<p data-start=\"123\" data-end=\"698\">24 stundu iedarb\u012bbas emulsija att\u012bra problem\u0101tisku \u0101du un vienlaikus par to r\u016bp\u0113jas. Salicilsk\u0101bei piem\u012bt keratol\u012btiska iedarb\u012bba. L\u012bdzeklis ir lipof\u012bls, kas padara to \u012bpa\u0161i efekt\u012bvu komedonu (balto un melno) kop\u0161an\u0101. Tas nov\u0113r\u0161 tauku aizb\u0101\u017e\u0146u veido\u0161anos, atver nosl\u0113gtos komedonus un pal\u012bdz tos nov\u0113rst. Retinilpalmit\u0101ts ir A vitam\u012bna atvasin\u0101jums, kas veicina vesel\u012bga raga sl\u0101\u0146a veido\u0161anos un normaliz\u0113 keratiniz\u0101ciju.<br data-start=\"544\" data-end=\"547\" \/>Pantenols veicina iekaisumu dz\u012b\u0161anu. Aloe Vera nomierina un mitrina \u0101du. Regul\u0101ri lietojot, emulsija pal\u012bdz att\u012br\u012bt poras un padara \u0101du maigu un gludu.<\/p>\n<p data-start=\"700\" data-end=\"718\"><strong data-start=\"700\" data-end=\"712\">Tilpums:<\/strong> 50 ml<\/p>\n","protected":false},"excerpt":{"rendered":"<p data-start=\"835\" data-end=\"858\">Multifunkcion\u0101ls flu\u012bds<\/p>\n<h2 data-start=\"860\" data-end=\"902\"><strong data-start=\"860\" data-end=\"902\">\u012apa\u0161\u012bbas Reviderm &#8211; Skin Refiner Fluid<\/strong><\/h2>\n<p data-start=\"904\" data-end=\"1151\">\u2714\ufe0f Izl\u012bdzina \u0101das tekst\u016bru un sa\u0161aurina poras<br data-start=\"949\" data-end=\"952\" \/>\u2714\ufe0f Regul\u0113 sebuma izdal\u012b\u0161anos un nodro\u0161ina mat\u0113jo\u0161u efektu<br data-start=\"1009\" data-end=\"1012\" \/>\u2714\ufe0f Uzlabo \u0101das toni un pie\u0161\u0137ir vesel\u012bgu mirdzumu<br data-start=\"1060\" data-end=\"1063\" \/>\u2714\ufe0f Palielina \u0101das gludumu un maigumu<br data-start=\"1099\" data-end=\"1102\" \/>\u2714\ufe0f Piem\u0113rots k\u0101 grima b\u0101ze un ikdienas kop\u0161anai<\/p>\n","protected":false},"featured_media":63895,"template":"","meta":[],"pwb-brand":[703],"product_brand":[],"product_cat":[741,749,723,747],"product_tag":[],"giftcard-category":[],"class_list":{"0":"post-73256","1":"product","2":"type-product","3":"status-publish","4":"has-post-thumbnail","6":"pwb-brand-reviderm","7":"product_cat-izsitumi","8":"product_cat-novecojosa-ada","9":"product_cat-serumi","10":"product_cat-taukainai-adai","12":"first","13":"instock","14":"taxable","15":"shipping-taxable","16":"purchasable","17":"product-type-simple"},"acf":[],"brands":[{"id":703,"name":"Reviderm","slug":"reviderm"}],"_links":{"self":[{"href":"https:\/\/skinstudio.ee\/lv\/wp-json\/wp\/v2\/product\/73256","targetHints":{"allow":["GET"]}}],"collection":[{"href":"https:\/\/skinstudio.ee\/lv\/wp-json\/wp\/v2\/product"}],"about":[{"href":"https:\/\/skinstudio.ee\/lv\/wp-json\/wp\/v2\/types\/product"}],"version-history":[{"count":1,"href":"https:\/\/skinstudio.ee\/lv\/wp-json\/wp\/v2\/product\/73256\/revisions"}],"predecessor-version":[{"id":73257,"href":"https:\/\/skinstudio.ee\/lv\/wp-json\/wp\/v2\/product\/73256\/revisions\/73257"}],"wp:featuredmedia":[{"embeddable":true,"href":"https:\/\/skinstudio.ee\/lv\/wp-json\/wp\/v2\/media\/63895"}],"wp:attachment":[{"href":"https:\/\/skinstudio.ee\/lv\/wp-json\/wp\/v2\/media?parent=73256"}],"wp:term":[{"taxonomy":"pwb-brand","embeddable":true,"href":"https:\/\/skinstudio.ee\/lv\/wp-json\/wp\/v2\/pwb-brand?post=73256"},{"taxonomy":"product_brand","embeddable":true,"href":"https:\/\/skinstudio.ee\/lv\/wp-json\/wp\/v2\/product_brand?post=73256"},{"taxonomy":"product_cat","embeddable":true,"href":"https:\/\/skinstudio.ee\/lv\/wp-json\/wp\/v2\/product_cat?post=73256"},{"taxonomy":"product_tag","embeddable":true,"href":"https:\/\/skinstudio.ee\/lv\/wp-json\/wp\/v2\/product_tag?post=73256"},{"taxonomy":"giftcard-category","embeddable":true,"href":"https:\/\/skinstudio.ee\/lv\/wp-json\/wp\/v2\/giftcard-category?post=73256"}],"curies":[{"name":"wp","href":"https:\/\/api.w.org\/{rel}","templated":true}]}}