{"id":73264,"date":"2025-07-31T15:10:51","date_gmt":"2025-07-31T15:10:51","guid":{"rendered":"https:\/\/skinstudio.ee\/?post_type=product&#038;p=73264"},"modified":"2026-01-21T13:57:22","modified_gmt":"2026-01-21T13:57:22","slug":"youth-recovery-fluid-24h","status":"publish","type":"product","link":"https:\/\/skinstudio.ee\/lv\/catalog\/reviderm\/youth-recovery-fluid-24h\/","title":{"rendered":"Youth Recovery Fluid 24h"},"content":{"rendered":"<p data-start=\"122\" data-end=\"734\">Akt\u012bvo vielu komplekss \u2013 ekto\u012bns, v\u012bnogu ekstrakts un tr\u012bsk\u0101rt oksigen\u0113ta kukur\u016bzas e\u013c\u013ca \u2013 uzlabo \u0101das sp\u0113ju tikt gal\u0101 ar kairin\u0101jumiem, nomierina \u0101du un padara to bl\u012bv\u0101ku. Ekto\u012bnam piem\u012bt sp\u0113c\u012bga pretiekaisuma iedarb\u012bba, tas aizsarg\u0101 un stabiliz\u0113 \u0161\u016bnu membr\u0101nas, stimul\u0113 re\u0123ener\u0101ciju un palielina \u0101das iztur\u012bbu pret \u0101r\u0113jiem faktoriem. V\u012bnogu ekstraktam piem\u012bt sp\u0113c\u012bga antioksidanta iedarb\u012bba. Tr\u012bsk\u0101rt oksigen\u0113t\u0101 kukur\u016bzas e\u013c\u013ca ir bag\u0101ta ar nepies\u0101tin\u0101taj\u0101m tauksk\u0101b\u0113m, kas fiks\u0113jas uz \u0161\u016bnu membr\u0101n\u0101m un neitraliz\u0113 arahidonsk\u0101bes proiekaisuma iedarb\u012bbu. T\u0101d\u0113j\u0101di iekaisuma procesi \u0101d\u0101 tiek blo\u0137\u0113ti no iek\u0161puses.<\/p>\n<p data-start=\"736\" data-end=\"754\"><strong data-start=\"736\" data-end=\"748\">Tilpums:<\/strong> 50 ml<\/p>\n","protected":false},"excerpt":{"rendered":"<p data-start=\"840\" data-end=\"875\">Flu\u012bds ar pretnoveco\u0161an\u0101s iedarb\u012bbu<\/p>\n<h2 data-start=\"877\" data-end=\"925\"><strong data-start=\"877\" data-end=\"925\">\u012apa\u0161\u012bbas Reviderm &#8211; Youth Recovery Fluid 24h<\/strong><\/h2>\n<p data-start=\"927\" data-end=\"1172\">\u2714\ufe0f Palielina \u0101das tvirtumu un bl\u012bvumu<br data-start=\"964\" data-end=\"967\" \/>\u2714\ufe0f Pal\u012bdz samazin\u0101t m\u012bmisk\u0101s un vecuma grumbas<br data-start=\"1013\" data-end=\"1016\" \/>\u2714\ufe0f Stimul\u0113 kolag\u0113na sint\u0113zi un pa\u0101trina re\u0123ener\u0101ciju<br data-start=\"1068\" data-end=\"1071\" \/>\u2714\ufe0f Dzi\u013ci mitrina un stiprina aizsargbarjeru<br data-start=\"1114\" data-end=\"1117\" \/>\u2714\ufe0f Izl\u012bdzina \u0101das toni un atjauno jaunekl\u012bgu mirdzumu<\/p>\n","protected":false},"featured_media":63900,"template":"","meta":[],"pwb-brand":[703],"product_brand":[],"product_cat":[741,745,737,723],"product_tag":[],"giftcard-category":[],"class_list":{"0":"post-73264","1":"product","2":"type-product","3":"status-publish","4":"has-post-thumbnail","6":"pwb-brand-reviderm","7":"product_cat-izsitumi","8":"product_cat-jutigai-adai","9":"product_cat-mitrinasana","10":"product_cat-serumi","12":"first","13":"instock","14":"taxable","15":"shipping-taxable","16":"purchasable","17":"product-type-simple"},"acf":[],"brands":[{"id":703,"name":"Reviderm","slug":"reviderm"}],"_links":{"self":[{"href":"https:\/\/skinstudio.ee\/lv\/wp-json\/wp\/v2\/product\/73264","targetHints":{"allow":["GET"]}}],"collection":[{"href":"https:\/\/skinstudio.ee\/lv\/wp-json\/wp\/v2\/product"}],"about":[{"href":"https:\/\/skinstudio.ee\/lv\/wp-json\/wp\/v2\/types\/product"}],"version-history":[{"count":1,"href":"https:\/\/skinstudio.ee\/lv\/wp-json\/wp\/v2\/product\/73264\/revisions"}],"predecessor-version":[{"id":73265,"href":"https:\/\/skinstudio.ee\/lv\/wp-json\/wp\/v2\/product\/73264\/revisions\/73265"}],"wp:featuredmedia":[{"embeddable":true,"href":"https:\/\/skinstudio.ee\/lv\/wp-json\/wp\/v2\/media\/63900"}],"wp:attachment":[{"href":"https:\/\/skinstudio.ee\/lv\/wp-json\/wp\/v2\/media?parent=73264"}],"wp:term":[{"taxonomy":"pwb-brand","embeddable":true,"href":"https:\/\/skinstudio.ee\/lv\/wp-json\/wp\/v2\/pwb-brand?post=73264"},{"taxonomy":"product_brand","embeddable":true,"href":"https:\/\/skinstudio.ee\/lv\/wp-json\/wp\/v2\/product_brand?post=73264"},{"taxonomy":"product_cat","embeddable":true,"href":"https:\/\/skinstudio.ee\/lv\/wp-json\/wp\/v2\/product_cat?post=73264"},{"taxonomy":"product_tag","embeddable":true,"href":"https:\/\/skinstudio.ee\/lv\/wp-json\/wp\/v2\/product_tag?post=73264"},{"taxonomy":"giftcard-category","embeddable":true,"href":"https:\/\/skinstudio.ee\/lv\/wp-json\/wp\/v2\/giftcard-category?post=73264"}],"curies":[{"name":"wp","href":"https:\/\/api.w.org\/{rel}","templated":true}]}}