{"id":73271,"date":"2025-07-31T15:03:19","date_gmt":"2025-07-31T15:03:19","guid":{"rendered":"https:\/\/skinstudio.ee\/?post_type=product&#038;p=73271"},"modified":"2026-01-21T13:57:16","modified_gmt":"2026-01-21T13:57:16","slug":"cell-regeneration-night","status":"publish","type":"product","link":"https:\/\/skinstudio.ee\/lv\/catalog\/reviderm\/cell-regeneration-night\/","title":{"rendered":"Cell Regeneration Night"},"content":{"rendered":"<p data-start=\"122\" data-end=\"1068\">Kr\u0113ms uzlabo \u0101das re\u0123ener\u0101ciju nakt\u012b un pal\u012bdz c\u012bn\u012bties ar pirmaj\u0101m noveco\u0161an\u0101s paz\u012bm\u0113m. Akt\u012bv\u0101 sast\u0101vda\u013ca \u2013 antioksidants OPC \u2013 neitraliz\u0113 br\u012bvo radik\u0101\u013cu kait\u012bgo iedarb\u012bbu, kas b\u016btiski pa\u0101trina \u0101das noveco\u0161an\u0101s procesus, k\u0101 ar\u012b aizsarg\u0101 \u0101das \u0161\u016bnas un stabiliz\u0113 kapil\u0101rus. Omega-3 tauksk\u0101bes ir viens no svar\u012bg\u0101kajiem komponentiem sausas \u0101das kop\u0161an\u0101, \u012bpa\u0161i psori\u0101zes un neiroderm\u012bta gad\u012bjum\u0101 \u2013 t\u0101s nov\u0113r\u0161 aizsargbarjeras boj\u0101jumus un dabisko atjauno\u0161an\u0101s procesu trauc\u0113jumus, samazina transepiderm\u0101lo \u016bdens zudumu un aizsarg\u0101 \u0101du no mitruma zuduma. Omega-3 tauksk\u0101bes efekt\u012bvi pal\u012bdz nov\u0113rst iekaisuma procesus, inhib\u0113jot iekaisumu \u0161\u016bnu membr\u0101n\u0101s. Vitam\u012bnu B3, B5 un B6 komplekss optimiz\u0113 vielmai\u0146u, piepilda \u0101das \u0161\u016bnas ar ener\u0123iju un sk\u0101bekli. Tas pal\u012bdz nov\u0113rst seborejisk\u0101 dermat\u012bta att\u012bst\u012bbu, kas bie\u017ei rodas vitam\u012bnu defic\u012bta d\u0113\u013c. Regul\u0101ra kr\u0113ma lieto\u0161ana pal\u012bdz nov\u0113rst jaunu grumbu veido\u0161anos un padara \u0101du iev\u0113rojami glud\u0101ku un tvirt\u0101ku.<\/p>\n<p data-start=\"1070\" data-end=\"1088\"><strong data-start=\"1070\" data-end=\"1082\">Tilpums:<\/strong> 50 ml<\/p>\n","protected":false},"excerpt":{"rendered":"<p data-start=\"1212\" data-end=\"1241\">Nakts kr\u0113ms \u0161\u016bnu atjauno\u0161anai<\/p>\n<h2 data-start=\"1243\" data-end=\"1290\"><strong data-start=\"1243\" data-end=\"1290\">\u012apa\u0161\u012bbas Reviderm &#8211; Cell Regeneration Night<\/strong><\/h2>\n<p data-start=\"1292\" data-end=\"1532\">\u2714\ufe0f Aktiviz\u0113 \u0101das nakts re\u0123ener\u0101ciju \u0161\u016bnu l\u012bmen\u012b<br data-start=\"1339\" data-end=\"1342\" \/>\u2714\ufe0f Palielina \u0101das bl\u012bvumu un tvirtumu<br data-start=\"1379\" data-end=\"1382\" \/>\u2714\ufe0f Samazina grumbu redzam\u012bbu un uzlabo \u0101das reljefu<br data-start=\"1433\" data-end=\"1436\" \/>\u2714\ufe0f Atjauno \u0101das barjeru un nodro\u0161ina mitrin\u0101\u0161anu<br data-start=\"1484\" data-end=\"1487\" \/>\u2714\ufe0f Pal\u012bdz nov\u0113rst priek\u0161laic\u012bgu noveco\u0161anos<\/p>\n","protected":false},"featured_media":40364,"template":"","meta":[],"pwb-brand":[703],"product_brand":[],"product_cat":[737,749,739],"product_tag":[],"giftcard-category":[],"class_list":{"0":"post-73271","1":"product","2":"type-product","3":"status-publish","4":"has-post-thumbnail","6":"pwb-brand-reviderm","7":"product_cat-mitrinasana","8":"product_cat-novecojosa-ada","9":"product_cat-sausa-ada","11":"first","12":"instock","13":"taxable","14":"shipping-taxable","15":"purchasable","16":"product-type-simple"},"acf":[],"brands":[{"id":703,"name":"Reviderm","slug":"reviderm"}],"_links":{"self":[{"href":"https:\/\/skinstudio.ee\/lv\/wp-json\/wp\/v2\/product\/73271","targetHints":{"allow":["GET"]}}],"collection":[{"href":"https:\/\/skinstudio.ee\/lv\/wp-json\/wp\/v2\/product"}],"about":[{"href":"https:\/\/skinstudio.ee\/lv\/wp-json\/wp\/v2\/types\/product"}],"version-history":[{"count":1,"href":"https:\/\/skinstudio.ee\/lv\/wp-json\/wp\/v2\/product\/73271\/revisions"}],"predecessor-version":[{"id":73272,"href":"https:\/\/skinstudio.ee\/lv\/wp-json\/wp\/v2\/product\/73271\/revisions\/73272"}],"wp:featuredmedia":[{"embeddable":true,"href":"https:\/\/skinstudio.ee\/lv\/wp-json\/wp\/v2\/media\/40364"}],"wp:attachment":[{"href":"https:\/\/skinstudio.ee\/lv\/wp-json\/wp\/v2\/media?parent=73271"}],"wp:term":[{"taxonomy":"pwb-brand","embeddable":true,"href":"https:\/\/skinstudio.ee\/lv\/wp-json\/wp\/v2\/pwb-brand?post=73271"},{"taxonomy":"product_brand","embeddable":true,"href":"https:\/\/skinstudio.ee\/lv\/wp-json\/wp\/v2\/product_brand?post=73271"},{"taxonomy":"product_cat","embeddable":true,"href":"https:\/\/skinstudio.ee\/lv\/wp-json\/wp\/v2\/product_cat?post=73271"},{"taxonomy":"product_tag","embeddable":true,"href":"https:\/\/skinstudio.ee\/lv\/wp-json\/wp\/v2\/product_tag?post=73271"},{"taxonomy":"giftcard-category","embeddable":true,"href":"https:\/\/skinstudio.ee\/lv\/wp-json\/wp\/v2\/giftcard-category?post=73271"}],"curies":[{"name":"wp","href":"https:\/\/api.w.org\/{rel}","templated":true}]}}