{"id":73278,"date":"2025-07-31T14:54:16","date_gmt":"2025-07-31T14:54:16","guid":{"rendered":"https:\/\/skinstudio.ee\/?post_type=product&#038;p=73278"},"modified":"2026-01-21T13:57:16","modified_gmt":"2026-01-21T13:57:16","slug":"cell-protector-cream","status":"publish","type":"product","link":"https:\/\/skinstudio.ee\/lv\/catalog\/reviderm\/cell-protector-cream\/","title":{"rendered":"Cell Protector Cream"},"content":{"rendered":"<p data-start=\"122\" data-end=\"663\">Kr\u0113ms c\u012bn\u0101s ar pirmaj\u0101m noveco\u0161an\u0101s paz\u012bm\u0113m, pateicoties antioksidanta iedarb\u012bbai un aizsardz\u012bbai pret ultravioleto un infrasarkano starojumu (UVA \/ UVB &amp; IRA filtri). Akt\u012bv\u0101 sast\u0101vda\u013ca \u2013 antioksidants OPC \u2013 neitraliz\u0113 br\u012bvo radik\u0101\u013cu kait\u012bgo iedarb\u012bbu, kas b\u016btiski pa\u0101trina \u0101das noveco\u0161an\u0101s procesus, k\u0101 ar\u012b aizsarg\u0101 \u0101das \u0161\u016bnas un stabiliz\u0113 kapil\u0101rus. Omega-3 tauksk\u0101bes stiprina aizsargbarjeru, pal\u012bdz nov\u0113rst mitruma zudumu un regul\u0113 \u0101das \u016bdens l\u012bdzsvaru. Kr\u0113ms izl\u012bdzina smalk\u0101s grumbi\u0146as, mitrina \u0101du un nodro\u0161ina aizsarg\u0101jo\u0161u iedarb\u012bbu.<\/p>\n<p data-start=\"665\" data-end=\"683\"><strong data-start=\"665\" data-end=\"677\">Tilpums:<\/strong> 50 ml<\/p>\n","protected":false},"excerpt":{"rendered":"<p data-start=\"790\" data-end=\"820\">\u0160\u016bnu aizsarg\u0101jo\u0161s dienas kr\u0113ms<\/p>\n<h2 data-start=\"822\" data-end=\"866\"><strong data-start=\"822\" data-end=\"866\">\u012apa\u0161\u012bbas Reviderm &#8211; Cell Protector Cream<\/strong><\/h2>\n<p data-start=\"868\" data-end=\"1135\">\u2714\ufe0f Aizsarg\u0101 \u0101das \u0161\u016bnas no UV starojuma un br\u012bvajiem radik\u0101\u013ciem<br data-start=\"930\" data-end=\"933\" \/>\u2714\ufe0f Pal\u012bdz nov\u0113rst fotonoveco\u0161anos un DNS boj\u0101jumus<br data-start=\"983\" data-end=\"986\" \/>\u2714\ufe0f Stiprina \u0101das aizsargfunkcijas<br data-start=\"1019\" data-end=\"1022\" \/>\u2714\ufe0f Samazina iekaisuma reakcijas un \u0101das jut\u012bgumu<br data-start=\"1070\" data-end=\"1073\" \/>\u2714\ufe0f Mitrina, stiprina \u0101du un pal\u012bdz saglab\u0101t t\u0101s jaunekl\u012bgumu<\/p>\n","protected":false},"featured_media":40346,"template":"","meta":[],"pwb-brand":[703],"product_brand":[],"product_cat":[737,749,739],"product_tag":[],"giftcard-category":[],"class_list":{"0":"post-73278","1":"product","2":"type-product","3":"status-publish","4":"has-post-thumbnail","6":"pwb-brand-reviderm","7":"product_cat-mitrinasana","8":"product_cat-novecojosa-ada","9":"product_cat-sausa-ada","11":"first","12":"instock","13":"taxable","14":"shipping-taxable","15":"purchasable","16":"product-type-simple"},"acf":[],"brands":[{"id":703,"name":"Reviderm","slug":"reviderm"}],"_links":{"self":[{"href":"https:\/\/skinstudio.ee\/lv\/wp-json\/wp\/v2\/product\/73278","targetHints":{"allow":["GET"]}}],"collection":[{"href":"https:\/\/skinstudio.ee\/lv\/wp-json\/wp\/v2\/product"}],"about":[{"href":"https:\/\/skinstudio.ee\/lv\/wp-json\/wp\/v2\/types\/product"}],"version-history":[{"count":1,"href":"https:\/\/skinstudio.ee\/lv\/wp-json\/wp\/v2\/product\/73278\/revisions"}],"predecessor-version":[{"id":73279,"href":"https:\/\/skinstudio.ee\/lv\/wp-json\/wp\/v2\/product\/73278\/revisions\/73279"}],"wp:featuredmedia":[{"embeddable":true,"href":"https:\/\/skinstudio.ee\/lv\/wp-json\/wp\/v2\/media\/40346"}],"wp:attachment":[{"href":"https:\/\/skinstudio.ee\/lv\/wp-json\/wp\/v2\/media?parent=73278"}],"wp:term":[{"taxonomy":"pwb-brand","embeddable":true,"href":"https:\/\/skinstudio.ee\/lv\/wp-json\/wp\/v2\/pwb-brand?post=73278"},{"taxonomy":"product_brand","embeddable":true,"href":"https:\/\/skinstudio.ee\/lv\/wp-json\/wp\/v2\/product_brand?post=73278"},{"taxonomy":"product_cat","embeddable":true,"href":"https:\/\/skinstudio.ee\/lv\/wp-json\/wp\/v2\/product_cat?post=73278"},{"taxonomy":"product_tag","embeddable":true,"href":"https:\/\/skinstudio.ee\/lv\/wp-json\/wp\/v2\/product_tag?post=73278"},{"taxonomy":"giftcard-category","embeddable":true,"href":"https:\/\/skinstudio.ee\/lv\/wp-json\/wp\/v2\/giftcard-category?post=73278"}],"curies":[{"name":"wp","href":"https:\/\/api.w.org\/{rel}","templated":true}]}}