{"id":73293,"date":"2025-07-31T14:39:05","date_gmt":"2025-07-31T14:39:05","guid":{"rendered":"https:\/\/skinstudio.ee\/?post_type=product&#038;p=73293"},"modified":"2026-04-10T07:52:30","modified_gmt":"2026-04-10T07:52:30","slug":"360-protection-cream","status":"publish","type":"product","link":"https:\/\/skinstudio.ee\/lv\/catalog\/reviderm\/360-protection-cream\/","title":{"rendered":"360 Protection Cream"},"content":{"rendered":"<section class=\"text-token-text-primary w-full focus:outline-none [--shadow-height:45px] has-data-writing-block:pointer-events-none has-data-writing-block:-mt-(--shadow-height) has-data-writing-block:pt-(--shadow-height) [&amp;:has([data-writing-block])&gt;*]:pointer-events-auto scroll-mt-(--header-height)\" dir=\"auto\" data-turn-id=\"8450d863-3cc2-4943-b181-a35002a15169\" data-testid=\"conversation-turn-5\" data-scroll-anchor=\"false\" data-turn=\"user\">\n<div class=\"text-base my-auto mx-auto pt-12 [--thread-content-margin:var(--thread-content-margin-xs,calc(var(--spacing)*4))] @w-sm\/main:[--thread-content-margin:var(--thread-content-margin-sm,calc(var(--spacing)*6))] @w-lg\/main:[--thread-content-margin:var(--thread-content-margin-lg,calc(var(--spacing)*16))] px-(--thread-content-margin)\">\n<div class=\"[--thread-content-max-width:40rem] @w-lg\/main:[--thread-content-max-width:48rem] mx-auto max-w-(--thread-content-max-width) flex-1 group\/turn-messages focus-visible:outline-hidden relative flex w-full min-w-0 flex-col\">\n<div class=\"flex max-w-full flex-col gap-4 grow\">\n<div class=\"min-h-8 text-message relative flex w-full flex-col items-end gap-2 text-start break-words whitespace-normal outline-none keyboard-focused:focus-ring [.text-message+&amp;]:mt-1\" dir=\"auto\" data-message-author-role=\"user\" data-message-id=\"8450d863-3cc2-4943-b181-a35002a15169\">\n<div class=\"flex w-full flex-col gap-1 empty:hidden items-end rtl:items-start\">\n<div class=\"user-message-bubble-color corner-superellipse\/0.98 relative rounded-[22px] px-4 py-2.5 leading-6 max-w-(--user-chat-width,70%)\">\n<div class=\"whitespace-pre-wrap\">24 stundu aizsargkr\u0113ms stresa ietekm\u0113tai \u0101dai, bez smar\u017eviel\u0101m. Augstas veiktsp\u0113jas formula aizsarg\u0101 \u0101das \u0161\u016bnas no smalko putek\u013cu da\u013ci\u0146\u0101m, vides pies\u0101r\u0146ojuma, zil\u0101s gaismas no ekr\u0101niem un oksidat\u012bv\u0101 stresa, ko izraisa vielmai\u0146as blakusprodukti (iek\u0161\u0113jais pies\u0101r\u0146ojums). Inovat\u012bv\u0101 aizsargviela BDD Protect darbojas k\u0101 \u201csmalkais filtrs\u201d pies\u0101r\u0146ot\u0101jiem, nov\u0113r\u0161ot to iek\u013c\u016b\u0161anu \u0101das \u0161\u016bn\u0101s. T\u0101 pal\u012bdz aizsarg\u0101t pret apk\u0101rt\u0113j\u0101s vides rad\u012btiem boj\u0101jumiem un nov\u0113r\u0161 kolag\u0113na no\u0101rd\u012b\u0161anos. \u0160is kr\u0113ms ar\u012b nov\u0113r\u0161 \u0101das nosl\u012bd\u0113\u0161anu un priek\u0161laic\u012bgu grumbu veido\u0161anos, k\u0101 ar\u012b regul\u0113 hiperpigment\u0101ciju pirms t\u0101s par\u0101d\u012b\u0161an\u0101s. Ekt\u012bns aizsarg\u0101 \u0161\u016bnas, stabiliz\u0113 \u0161\u016bnu membr\u0101nas un nodro\u0161ina uzticamu aizsardz\u012bbu pret mitruma zudumu un zil\u0101s gaismas iedarb\u012bbu. Palmitoil tetrapept\u012bds-72 uztur \u0101das elast\u012bbu un iztur\u012bbu, pagarinot t\u0101s jaunekl\u012bgo izskatu. \u0160is kr\u0113ms kalpo k\u0101 profilaktisks risin\u0101jums pret priek\u0161laic\u012bgu noveco\u0161anos.<\/div>\n<\/div>\n<\/div>\n<\/div>\n<\/div>\n<\/div>\n<\/div>\n<\/section>\n<section class=\"text-token-text-primary w-full focus:outline-none [--shadow-height:45px] has-data-writing-block:pointer-events-none has-data-writing-block:-mt-(--shadow-height) has-data-writing-block:pt-(--shadow-height) [&amp;:has([data-writing-block])&gt;*]:pointer-events-auto scroll-mt-[calc(var(--header-height)+min(200px,max(70px,20svh)))]\" dir=\"auto\" data-turn-id=\"request-WEB:294bbc24-e8ab-4653-8263-e9fb1cfb3aeb-169\" data-testid=\"conversation-turn-6\" data-scroll-anchor=\"true\" data-turn=\"assistant\">\n<div class=\"text-base my-auto mx-auto pb-10 [--thread-content-margin:var(--thread-content-margin-xs,calc(var(--spacing)*4))] @w-sm\/main:[--thread-content-margin:var(--thread-content-margin-sm,calc(var(--spacing)*6))] @w-lg\/main:[--thread-content-margin:var(--thread-content-margin-lg,calc(var(--spacing)*16))] px-(--thread-content-margin)\">\n<div class=\"[--thread-content-max-width:40rem] @w-lg\/main:[--thread-content-max-width:48rem] mx-auto max-w-(--thread-content-max-width) flex-1 group\/turn-messages focus-visible:outline-hidden relative flex w-full min-w-0 flex-col agent-turn\">\n<div class=\"flex max-w-full flex-col gap-4 grow\">\n<div class=\"min-h-8 text-message relative flex w-full flex-col items-end gap-2 text-start break-words whitespace-normal outline-none keyboard-focused:focus-ring [.text-message+&amp;]:mt-1\" dir=\"auto\" tabindex=\"0\" data-message-author-role=\"assistant\" data-message-id=\"13e0fc67-8914-40de-9a72-22d92dfb461f\" data-message-model-slug=\"gpt-5-3\" data-turn-start-message=\"true\">\n<div class=\"flex w-full flex-col gap-1 empty:hidden\">\n<div class=\"markdown prose dark:prose-invert w-full wrap-break-word light markdown-new-styling\">\n<p data-start=\"908\" data-end=\"926\"><strong data-start=\"908\" data-end=\"920\">Tilpums:<\/strong> 50 ml<\/p>\n<\/div>\n<\/div>\n<\/div>\n<\/div>\n<\/div>\n<\/div>\n<\/section>\n","protected":false},"excerpt":{"rendered":"<p data-start=\"1007\" data-end=\"1032\">Aizsarg\u0101jo\u0161s dienas kr\u0113ms<\/p>\n<h2 data-start=\"1034\" data-end=\"1078\"><strong data-start=\"1034\" data-end=\"1078\">\u012apa\u0161\u012bbas Reviderm &#8211; 360 Protection Cream<\/strong><\/h2>\n<p data-start=\"1080\" data-end=\"1375\" data-is-last-node=\"\" data-is-only-node=\"\">\u2714\ufe0f Aizsarg\u0101 \u0101du no UV starojuma, pies\u0101r\u0146ojuma un digit\u0101l\u0101 stresa<br data-start=\"1144\" data-end=\"1147\" \/>\u2714\ufe0f Stiprina \u0101das barjeru un samazina iekaisuma reaktivit\u0101ti<br data-start=\"1206\" data-end=\"1209\" \/>\u2714\ufe0f Nov\u0113r\u0161 priek\u0161laic\u012bgu noveco\u0161anos<br data-start=\"1244\" data-end=\"1247\" \/>\u2714\ufe0f Veicina vienm\u0113r\u012bgu \u0101das toni un kop\u0113jo \u0101das vesel\u012bbu<br data-start=\"1302\" data-end=\"1305\" data-is-only-node=\"\" \/>\u2714\ufe0f Nodro\u0161ina komfortu un atjauno\u0161anos jut\u012bgai \u0101dai visas dienas garum\u0101<\/p>\n<p data-start=\"1146\" data-end=\"1223\">day<\/p>\n","protected":false},"featured_media":63910,"template":"","meta":[],"pwb-brand":[703],"product_brand":[],"product_cat":[737,749],"product_tag":[],"giftcard-category":[],"class_list":{"0":"post-73293","1":"product","2":"type-product","3":"status-publish","4":"has-post-thumbnail","6":"pwb-brand-reviderm","7":"product_cat-mitrinasana","8":"product_cat-novecojosa-ada","10":"first","11":"instock","12":"taxable","13":"shipping-taxable","14":"purchasable","15":"product-type-simple"},"acf":[],"brands":[{"id":703,"name":"Reviderm","slug":"reviderm"}],"_links":{"self":[{"href":"https:\/\/skinstudio.ee\/lv\/wp-json\/wp\/v2\/product\/73293","targetHints":{"allow":["GET"]}}],"collection":[{"href":"https:\/\/skinstudio.ee\/lv\/wp-json\/wp\/v2\/product"}],"about":[{"href":"https:\/\/skinstudio.ee\/lv\/wp-json\/wp\/v2\/types\/product"}],"version-history":[{"count":3,"href":"https:\/\/skinstudio.ee\/lv\/wp-json\/wp\/v2\/product\/73293\/revisions"}],"predecessor-version":[{"id":90620,"href":"https:\/\/skinstudio.ee\/lv\/wp-json\/wp\/v2\/product\/73293\/revisions\/90620"}],"wp:featuredmedia":[{"embeddable":true,"href":"https:\/\/skinstudio.ee\/lv\/wp-json\/wp\/v2\/media\/63910"}],"wp:attachment":[{"href":"https:\/\/skinstudio.ee\/lv\/wp-json\/wp\/v2\/media?parent=73293"}],"wp:term":[{"taxonomy":"pwb-brand","embeddable":true,"href":"https:\/\/skinstudio.ee\/lv\/wp-json\/wp\/v2\/pwb-brand?post=73293"},{"taxonomy":"product_brand","embeddable":true,"href":"https:\/\/skinstudio.ee\/lv\/wp-json\/wp\/v2\/product_brand?post=73293"},{"taxonomy":"product_cat","embeddable":true,"href":"https:\/\/skinstudio.ee\/lv\/wp-json\/wp\/v2\/product_cat?post=73293"},{"taxonomy":"product_tag","embeddable":true,"href":"https:\/\/skinstudio.ee\/lv\/wp-json\/wp\/v2\/product_tag?post=73293"},{"taxonomy":"giftcard-category","embeddable":true,"href":"https:\/\/skinstudio.ee\/lv\/wp-json\/wp\/v2\/giftcard-category?post=73293"}],"curies":[{"name":"wp","href":"https:\/\/api.w.org\/{rel}","templated":true}]}}