{"id":73300,"date":"2025-07-31T13:47:41","date_gmt":"2025-07-31T13:47:41","guid":{"rendered":"https:\/\/skinstudio.ee\/?post_type=product&#038;p=73300"},"modified":"2026-01-21T13:57:21","modified_gmt":"2026-01-21T13:57:21","slug":"recharge-day-fluid","status":"publish","type":"product","link":"https:\/\/skinstudio.ee\/lv\/catalog\/reviderm\/recharge-day-fluid\/","title":{"rendered":"Recharge Day Fluid"},"content":{"rendered":"<p data-start=\"150\" data-end=\"414\">Toxless komplekss neitraliz\u0113 un izvada toks\u012bnus, aizsarg\u0101 \u0101du no apk\u0101rt\u0113j\u0101s vides pies\u0101r\u0146ojuma un priek\u0161laic\u012bgas noveco\u0161an\u0101s. Augsto tehnolo\u0123iju pept\u012bds stiprina un savelk saistaudus un izl\u012bdzina grumbas. Augu ekstrakti nodro\u0161ina sp\u0113c\u012bgu pretiekaisuma iedarb\u012bbu.<\/p>\n<p data-start=\"416\" data-end=\"526\">Samazin\u0101s apk\u0101rt\u0113j\u0101s vides pies\u0101r\u0146ojuma ietekme uz \u0101du, \u0101da ir dro\u0161i aizsarg\u0101ta un izskat\u0101s jauna un vesel\u012bga.<\/p>\n<p data-start=\"528\" data-end=\"546\"><strong data-start=\"528\" data-end=\"540\">Tilpums:<\/strong> 50 ml<\/p>\n","protected":false},"excerpt":{"rendered":"<p data-start=\"622\" data-end=\"648\">Stiprino\u0161a dienas emulsija<\/p>\n<h2 data-start=\"650\" data-end=\"692\"><strong data-start=\"650\" data-end=\"692\">\u012apa\u0161\u012bbas Reviderm &#8211; Recharge Day Fluid<\/strong><\/h2>\n<p data-start=\"694\" data-end=\"903\">\u2714\ufe0f Pie\u0161\u0137ir \u0101dai ener\u0123iju un pal\u012bdz uztur\u0113t t\u0101s vitalit\u0101ti<br data-start=\"751\" data-end=\"754\" \/>\u2714\ufe0f Palielina \u0101das iztur\u012bbu pret stresu un \u0101r\u0113jo ietekmi<br data-start=\"809\" data-end=\"812\" \/>\u2714\ufe0f Mitrina un stiprina aizsargbarjeru<br data-start=\"849\" data-end=\"852\" \/>\u2714\ufe0f Samazina noguruma paz\u012bmes un uzlabo sejas toni<\/p>\n","protected":false},"featured_media":40306,"template":"","meta":[],"pwb-brand":[703],"product_brand":[],"product_cat":[737,743,723],"product_tag":[],"giftcard-category":[],"class_list":{"0":"post-73300","1":"product","2":"type-product","3":"status-publish","4":"has-post-thumbnail","6":"pwb-brand-reviderm","7":"product_cat-mitrinasana","8":"product_cat-paplasinatas-poras","9":"product_cat-serumi","11":"first","12":"instock","13":"taxable","14":"shipping-taxable","15":"purchasable","16":"product-type-simple"},"acf":[],"brands":[{"id":703,"name":"Reviderm","slug":"reviderm"}],"_links":{"self":[{"href":"https:\/\/skinstudio.ee\/lv\/wp-json\/wp\/v2\/product\/73300","targetHints":{"allow":["GET"]}}],"collection":[{"href":"https:\/\/skinstudio.ee\/lv\/wp-json\/wp\/v2\/product"}],"about":[{"href":"https:\/\/skinstudio.ee\/lv\/wp-json\/wp\/v2\/types\/product"}],"version-history":[{"count":1,"href":"https:\/\/skinstudio.ee\/lv\/wp-json\/wp\/v2\/product\/73300\/revisions"}],"predecessor-version":[{"id":73301,"href":"https:\/\/skinstudio.ee\/lv\/wp-json\/wp\/v2\/product\/73300\/revisions\/73301"}],"wp:featuredmedia":[{"embeddable":true,"href":"https:\/\/skinstudio.ee\/lv\/wp-json\/wp\/v2\/media\/40306"}],"wp:attachment":[{"href":"https:\/\/skinstudio.ee\/lv\/wp-json\/wp\/v2\/media?parent=73300"}],"wp:term":[{"taxonomy":"pwb-brand","embeddable":true,"href":"https:\/\/skinstudio.ee\/lv\/wp-json\/wp\/v2\/pwb-brand?post=73300"},{"taxonomy":"product_brand","embeddable":true,"href":"https:\/\/skinstudio.ee\/lv\/wp-json\/wp\/v2\/product_brand?post=73300"},{"taxonomy":"product_cat","embeddable":true,"href":"https:\/\/skinstudio.ee\/lv\/wp-json\/wp\/v2\/product_cat?post=73300"},{"taxonomy":"product_tag","embeddable":true,"href":"https:\/\/skinstudio.ee\/lv\/wp-json\/wp\/v2\/product_tag?post=73300"},{"taxonomy":"giftcard-category","embeddable":true,"href":"https:\/\/skinstudio.ee\/lv\/wp-json\/wp\/v2\/giftcard-category?post=73300"}],"curies":[{"name":"wp","href":"https:\/\/api.w.org\/{rel}","templated":true}]}}