{"id":73307,"date":"2025-07-31T13:32:57","date_gmt":"2025-07-31T13:32:57","guid":{"rendered":"https:\/\/skinstudio.ee\/?post_type=product&#038;p=73307"},"modified":"2026-01-21T13:57:21","modified_gmt":"2026-01-21T13:57:21","slug":"reta-cream","status":"publish","type":"product","link":"https:\/\/skinstudio.ee\/lv\/catalog\/reviderm\/reta-cream\/","title":{"rendered":"RetA Cream"},"content":{"rendered":"<p data-start=\"135\" data-end=\"284\">Vitam\u012bnu A, B un C komplekss aktiviz\u0113 \u0101das dabiskos meh\u0101nismus, palielina \u0101das tvirtumu un elast\u012bbu. Tas stiprina \u0101du un izl\u012bdzina smalk\u0101s grumbi\u0146as.<\/p>\n<p data-start=\"286\" data-end=\"991\">Vitam\u012bns A retinilpalmit\u0101ta form\u0101 veicina raga sl\u0101\u0146a veido\u0161anos. Epidermas kvalit\u0101te uzlabojas, atjaunojoties norm\u0101lai epiteliz\u0101cijai, izz\u016bd hiperkeratoze. Vitam\u012bns C stimul\u0113 kolag\u0113na sint\u0113zi un pal\u012bdz nov\u0113rst hiperpigment\u0101ciju, nom\u0101cot tiroz\u012bnazi (enz\u012bmu, kas kataliz\u0113 melan\u012bna sint\u0113zi). Tas aizsarg\u0101 no br\u012bvo radik\u0101\u013cu kait\u012bg\u0101s iedarb\u012bbas, pasarg\u0101 no agres\u012bvas apk\u0101rt\u0113j\u0101s vides ietekmes, piem\u012bt antioksidanta iedarb\u012bba un pal\u012bdz nov\u0113rst priek\u0161laic\u012bgu noveco\u0161anos. Vitam\u012bns B3 (niacinam\u012bds) \u2013 skaistuma vitam\u012bns \u2013 veicina \u0101das re\u0123ener\u0101ciju un pal\u012bdz samazin\u0101t grumbas. Tas maigi iedarbojas uz \u0101du, uzlabo epidermas sp\u0113ju notur\u0113t mitrumu, mazina aps\u0101rtumu un pal\u012bdz nov\u0113rst ar vecumu saist\u012btu pigment\u0101ciju.<\/p>\n<p data-start=\"993\" data-end=\"1011\"><strong data-start=\"993\" data-end=\"1005\">Tilpums:<\/strong> 50 ml<\/p>\n","protected":false},"excerpt":{"rendered":"<p data-start=\"1167\" data-end=\"1190\">Nakts kr\u0113ms ar retinolu<\/p>\n<h2 data-start=\"1192\" data-end=\"1226\"><strong data-start=\"1192\" data-end=\"1226\">\u012apa\u0161\u012bbas Reviderm &#8211; RetA Cream<\/strong><\/h2>\n<p data-start=\"1228\" data-end=\"1483\">\u2714\ufe0f Stimul\u0113 \u0161\u016bnu atjauno\u0161anos un izl\u012bdzina \u0101das tekst\u016bru<br data-start=\"1283\" data-end=\"1286\" \/>\u2714\ufe0f Samazina grumbu un pigment\u0101cijas plankumu redzam\u012bbu<br data-start=\"1340\" data-end=\"1343\" \/>\u2714\ufe0f Palielina \u0101das tvirtumu un bl\u012bvumu<br data-start=\"1380\" data-end=\"1383\" \/>\u2714\ufe0f Regul\u0113 sebuma izdal\u012b\u0161anos un sa\u0161aurina poras<br data-start=\"1430\" data-end=\"1433\" \/>\u2714\ufe0f Izl\u012bdzina sejas toni un pie\u0161\u0137ir \u0101dai mirdzumu<\/p>\n","protected":false},"featured_media":63915,"template":"","meta":[],"pwb-brand":[703],"product_brand":[],"product_cat":[727,737,749,751],"product_tag":[],"giftcard-category":[],"class_list":{"0":"post-73307","1":"product","2":"type-product","3":"status-publish","4":"has-post-thumbnail","6":"pwb-brand-reviderm","7":"product_cat-a-vitamins-retinols","8":"product_cat-mitrinasana","9":"product_cat-novecojosa-ada","10":"product_cat-pigmentacija-lv","12":"first","13":"instock","14":"taxable","15":"shipping-taxable","16":"purchasable","17":"product-type-simple"},"acf":[],"brands":[{"id":703,"name":"Reviderm","slug":"reviderm"}],"_links":{"self":[{"href":"https:\/\/skinstudio.ee\/lv\/wp-json\/wp\/v2\/product\/73307","targetHints":{"allow":["GET"]}}],"collection":[{"href":"https:\/\/skinstudio.ee\/lv\/wp-json\/wp\/v2\/product"}],"about":[{"href":"https:\/\/skinstudio.ee\/lv\/wp-json\/wp\/v2\/types\/product"}],"version-history":[{"count":1,"href":"https:\/\/skinstudio.ee\/lv\/wp-json\/wp\/v2\/product\/73307\/revisions"}],"predecessor-version":[{"id":73308,"href":"https:\/\/skinstudio.ee\/lv\/wp-json\/wp\/v2\/product\/73307\/revisions\/73308"}],"wp:featuredmedia":[{"embeddable":true,"href":"https:\/\/skinstudio.ee\/lv\/wp-json\/wp\/v2\/media\/63915"}],"wp:attachment":[{"href":"https:\/\/skinstudio.ee\/lv\/wp-json\/wp\/v2\/media?parent=73307"}],"wp:term":[{"taxonomy":"pwb-brand","embeddable":true,"href":"https:\/\/skinstudio.ee\/lv\/wp-json\/wp\/v2\/pwb-brand?post=73307"},{"taxonomy":"product_brand","embeddable":true,"href":"https:\/\/skinstudio.ee\/lv\/wp-json\/wp\/v2\/product_brand?post=73307"},{"taxonomy":"product_cat","embeddable":true,"href":"https:\/\/skinstudio.ee\/lv\/wp-json\/wp\/v2\/product_cat?post=73307"},{"taxonomy":"product_tag","embeddable":true,"href":"https:\/\/skinstudio.ee\/lv\/wp-json\/wp\/v2\/product_tag?post=73307"},{"taxonomy":"giftcard-category","embeddable":true,"href":"https:\/\/skinstudio.ee\/lv\/wp-json\/wp\/v2\/giftcard-category?post=73307"}],"curies":[{"name":"wp","href":"https:\/\/api.w.org\/{rel}","templated":true}]}}