{"id":73315,"date":"2025-07-31T13:21:50","date_gmt":"2025-07-31T13:21:50","guid":{"rendered":"https:\/\/skinstudio.ee\/?post_type=product&#038;p=73315"},"modified":"2026-01-21T13:57:16","modified_gmt":"2026-01-21T13:57:16","slug":"barrier-repair-q10-day","status":"publish","type":"product","link":"https:\/\/skinstudio.ee\/lv\/catalog\/reviderm\/barrier-repair-q10-day\/","title":{"rendered":"Barrier Repair Q10 Day"},"content":{"rendered":"<p data-start=\"131\" data-end=\"1095\">Atjaunojo\u0161s dienas kr\u0113ms ikdienas kop\u0161anai \u0101dai ar boj\u0101tu aizsargbarjeru. L\u012bdzeklim ir unik\u0101la formula: \u0101dai identiskie lip\u012bdi (derma membrane system DMS) stiprina \u0101das barjera aizsargfunkcijas, samazina dab\u012bg\u0101 mitruma zudumu, nov\u0113r\u0161 \u0101das dehidrat\u0101ciju, samazinot transepiderm\u0101lo \u016bdens zudumu (TEWL), mazina savilkuma saj\u016btu un atjauno dabisko l\u012bdzsvaru. Prepar\u0101ta sast\u0101v\u0101 eso\u0161ais citok\u012bns (\u0137\u012bmiskais kurjers) no piena un \u012bpa\u0161s kaperu ekstrakts samazina nev\u0113lamu aps\u0101rtumu un kairin\u0101jumu, k\u0101 ar\u012b iedarbojas pret iekaisuma procesiem epiderm\u0101. Koenz\u012bms Q10 tiek izmantots maigam pro-age efektam. K\u0101 da\u013ca no organisma dabisk\u0101s ener\u0123ijas sist\u0113mas \u0161is komponents uzlabo \u0161\u016bnu ener\u0123\u0113tisko st\u0101vokli, aktiviz\u0113 \u0161\u016bnu elpo\u0161anu un nodro\u0161ina efekt\u012bvu aizsardz\u012bbu pret br\u012bvajiem radik\u0101\u013ciem. Hialuronsk\u0101be darbojas k\u0101 ilgsto\u0161as iedarb\u012bbas mitrino\u0161s l\u012bdzeklis, kas pal\u012bdz atjaunot \u0101das mitruma l\u012bmeni un elast\u012bbu. Ar Barrier Repair Day pat \u012bpa\u0161i jut\u012bga \u0101da atkal k\u013c\u016bst l\u012bdzsvarota.<\/p>\n<p data-start=\"1097\" data-end=\"1115\"><strong data-start=\"1097\" data-end=\"1109\">Tilpums:<\/strong> 50 ml<\/p>\n","protected":false},"excerpt":{"rendered":"<p data-start=\"1219\" data-end=\"1243\">Balans\u0113jo\u0161s dienas kr\u0113ms<\/p>\n<h2 data-start=\"1245\" data-end=\"1291\"><strong data-start=\"1245\" data-end=\"1291\">\u012apa\u0161\u012bbas Reviderm &#8211; Barrier Repair Q10 Day<\/strong><\/h2>\n<p data-start=\"1293\" data-end=\"1581\">\u2714\ufe0f Stiprina \u0101das aizsargbarjeru un pasarg\u0101 no \u0101r\u0113j\u0101s ietekmes<br data-start=\"1354\" data-end=\"1357\" \/>\u2714\ufe0f Uztur optim\u0101lu mitruma l\u012bmeni visas dienas garum\u0101<br data-start=\"1409\" data-end=\"1412\" \/>\u2714\ufe0f Samazina jut\u012bgumu un nomierina \u0101du<br data-start=\"1449\" data-end=\"1452\" \/>\u2714\ufe0f Neitraliz\u0113 br\u012bvos radik\u0101\u013cus, pateicoties koenz\u012bmam Q10<br data-start=\"1509\" data-end=\"1512\" \/>\u2714\ufe0f Palielina \u0101das tvirtumu un pal\u012bdz pal\u0113nin\u0101t noveco\u0161an\u0101s procesus<\/p>\n","protected":false},"featured_media":63920,"template":"","meta":[],"pwb-brand":[703],"product_brand":[],"product_cat":[745,737,749],"product_tag":[],"giftcard-category":[],"class_list":{"0":"post-73315","1":"product","2":"type-product","3":"status-publish","4":"has-post-thumbnail","6":"pwb-brand-reviderm","7":"product_cat-jutigai-adai","8":"product_cat-mitrinasana","9":"product_cat-novecojosa-ada","11":"first","12":"instock","13":"taxable","14":"shipping-taxable","15":"purchasable","16":"product-type-simple"},"acf":[],"brands":[{"id":703,"name":"Reviderm","slug":"reviderm"}],"_links":{"self":[{"href":"https:\/\/skinstudio.ee\/lv\/wp-json\/wp\/v2\/product\/73315","targetHints":{"allow":["GET"]}}],"collection":[{"href":"https:\/\/skinstudio.ee\/lv\/wp-json\/wp\/v2\/product"}],"about":[{"href":"https:\/\/skinstudio.ee\/lv\/wp-json\/wp\/v2\/types\/product"}],"version-history":[{"count":1,"href":"https:\/\/skinstudio.ee\/lv\/wp-json\/wp\/v2\/product\/73315\/revisions"}],"predecessor-version":[{"id":73316,"href":"https:\/\/skinstudio.ee\/lv\/wp-json\/wp\/v2\/product\/73315\/revisions\/73316"}],"wp:featuredmedia":[{"embeddable":true,"href":"https:\/\/skinstudio.ee\/lv\/wp-json\/wp\/v2\/media\/63920"}],"wp:attachment":[{"href":"https:\/\/skinstudio.ee\/lv\/wp-json\/wp\/v2\/media?parent=73315"}],"wp:term":[{"taxonomy":"pwb-brand","embeddable":true,"href":"https:\/\/skinstudio.ee\/lv\/wp-json\/wp\/v2\/pwb-brand?post=73315"},{"taxonomy":"product_brand","embeddable":true,"href":"https:\/\/skinstudio.ee\/lv\/wp-json\/wp\/v2\/product_brand?post=73315"},{"taxonomy":"product_cat","embeddable":true,"href":"https:\/\/skinstudio.ee\/lv\/wp-json\/wp\/v2\/product_cat?post=73315"},{"taxonomy":"product_tag","embeddable":true,"href":"https:\/\/skinstudio.ee\/lv\/wp-json\/wp\/v2\/product_tag?post=73315"},{"taxonomy":"giftcard-category","embeddable":true,"href":"https:\/\/skinstudio.ee\/lv\/wp-json\/wp\/v2\/giftcard-category?post=73315"}],"curies":[{"name":"wp","href":"https:\/\/api.w.org\/{rel}","templated":true}]}}