{"id":73322,"date":"2025-07-21T17:20:36","date_gmt":"2025-07-21T17:20:36","guid":{"rendered":"https:\/\/skinstudio.ee\/?post_type=product&#038;p=73322"},"modified":"2026-01-21T13:57:21","modified_gmt":"2026-01-21T13:57:21","slug":"pycnogenol-opc-creme","status":"publish","type":"product","link":"https:\/\/skinstudio.ee\/lv\/catalog\/reviderm\/pycnogenol-opc-creme\/","title":{"rendered":"Pycnogenol OPC Creme"},"content":{"rendered":"<p data-start=\"163\" data-end=\"292\">Reviderm &#8211; Pycnogenol OPC Creme ir atjaunojo\u0161s dienas kr\u0113ms ar antioksidantu iedarb\u012bbu, kas izstr\u0101d\u0101ts jut\u012bgai un pras\u012bgai \u0101dai.<\/p>\n<p data-start=\"294\" data-end=\"431\">Augsti efekt\u012bv\u0101 sast\u0101vda\u013ca OPC Pycnogenol\u00ae, kas ieg\u016bta no prie\u017eu mizas, neitraliz\u0113 br\u012bvos radik\u0101\u013cus un aizsarg\u0101 \u0101du no oksidat\u012bv\u0101 stresa.<\/p>\n<p data-start=\"433\" data-end=\"504\">Kr\u0113ms stiprina kapil\u0101rus, samazina aps\u0101rtumu un nomierina kairin\u0101jumus.<\/p>\n<p data-start=\"506\" data-end=\"597\">Pateicoties pretiekaisuma omega-3 tauksk\u0101b\u0113m, tas nodro\u0161ina izteiktu nomierino\u0161u iedarb\u012bbu.<\/p>\n<p data-start=\"599\" data-end=\"690\">Viegl\u0101 tekst\u016bra \u0101tri ies\u016bcas, atst\u0101jot \u0101du maigu un gludu \u2014 ide\u0101li piem\u0113rots k\u0101 grima b\u0101ze.<\/p>\n<p data-start=\"692\" data-end=\"815\">Regul\u0101ri lietojot, kr\u0113ms uzlabo \u0101das strukt\u016bru, palielina t\u0101s elast\u012bbu un iztur\u012bbu, k\u0101 ar\u012b atbalsta re\u0123ener\u0101cijas procesus.<\/p>\n<p data-start=\"817\" data-end=\"835\"><strong data-start=\"817\" data-end=\"829\">Tilpums:<\/strong> 50 ml<\/p>\n","protected":false},"excerpt":{"rendered":"<p data-start=\"942\" data-end=\"986\">Aizsarg\u0101jo\u0161s dienas kr\u0113ms ar antioksidantiem<\/p>\n<h2 data-start=\"988\" data-end=\"1035\"><strong data-start=\"988\" data-end=\"1035\">\u012apa\u0161\u012bbas Reviderm &#8211; Pycnogenol OPC Creme\u00a0<\/strong><\/h2>\n<p data-start=\"1037\" data-end=\"1333\">\u2714\ufe0f Nodro\u0161ina antioksidantu aizsardz\u012bbu pret apk\u0101rt\u0113j\u0101s vides ietekmi<br data-start=\"1105\" data-end=\"1108\" \/>\u2714\ufe0f Stiprina asinsvadu sieni\u0146as un uzlabo mikrocirkul\u0101ciju<br data-start=\"1165\" data-end=\"1168\" \/>\u2714\ufe0f Palielina \u0101das iztur\u012bbu pret kairino\u0161iem faktoriem<br data-start=\"1221\" data-end=\"1224\" \/>\u2714\ufe0f Uzlabo \u0101das tekst\u016bru un pie\u0161\u0137ir vesel\u012bgu toni<br data-start=\"1272\" data-end=\"1275\" \/>\u2714\ufe0f Nomierina un atbalsta \u0101das dabiskos aizsargmeh\u0101nismus<\/p>\n","protected":false},"featured_media":63925,"template":"","meta":[],"pwb-brand":[703],"product_brand":[],"product_cat":[737,749],"product_tag":[],"giftcard-category":[],"class_list":{"0":"post-73322","1":"product","2":"type-product","3":"status-publish","4":"has-post-thumbnail","6":"pwb-brand-reviderm","7":"product_cat-mitrinasana","8":"product_cat-novecojosa-ada","10":"first","11":"instock","12":"taxable","13":"shipping-taxable","14":"purchasable","15":"product-type-simple"},"acf":[],"brands":[{"id":703,"name":"Reviderm","slug":"reviderm"}],"_links":{"self":[{"href":"https:\/\/skinstudio.ee\/lv\/wp-json\/wp\/v2\/product\/73322","targetHints":{"allow":["GET"]}}],"collection":[{"href":"https:\/\/skinstudio.ee\/lv\/wp-json\/wp\/v2\/product"}],"about":[{"href":"https:\/\/skinstudio.ee\/lv\/wp-json\/wp\/v2\/types\/product"}],"version-history":[{"count":1,"href":"https:\/\/skinstudio.ee\/lv\/wp-json\/wp\/v2\/product\/73322\/revisions"}],"predecessor-version":[{"id":73323,"href":"https:\/\/skinstudio.ee\/lv\/wp-json\/wp\/v2\/product\/73322\/revisions\/73323"}],"wp:featuredmedia":[{"embeddable":true,"href":"https:\/\/skinstudio.ee\/lv\/wp-json\/wp\/v2\/media\/63925"}],"wp:attachment":[{"href":"https:\/\/skinstudio.ee\/lv\/wp-json\/wp\/v2\/media?parent=73322"}],"wp:term":[{"taxonomy":"pwb-brand","embeddable":true,"href":"https:\/\/skinstudio.ee\/lv\/wp-json\/wp\/v2\/pwb-brand?post=73322"},{"taxonomy":"product_brand","embeddable":true,"href":"https:\/\/skinstudio.ee\/lv\/wp-json\/wp\/v2\/product_brand?post=73322"},{"taxonomy":"product_cat","embeddable":true,"href":"https:\/\/skinstudio.ee\/lv\/wp-json\/wp\/v2\/product_cat?post=73322"},{"taxonomy":"product_tag","embeddable":true,"href":"https:\/\/skinstudio.ee\/lv\/wp-json\/wp\/v2\/product_tag?post=73322"},{"taxonomy":"giftcard-category","embeddable":true,"href":"https:\/\/skinstudio.ee\/lv\/wp-json\/wp\/v2\/giftcard-category?post=73322"}],"curies":[{"name":"wp","href":"https:\/\/api.w.org\/{rel}","templated":true}]}}