{"id":73330,"date":"2025-07-21T17:04:28","date_gmt":"2025-07-21T17:04:28","guid":{"rendered":"https:\/\/skinstudio.ee\/?post_type=product&#038;p=73330"},"modified":"2026-01-21T13:57:19","modified_gmt":"2026-01-21T13:57:19","slug":"opc-fluid-forte","status":"publish","type":"product","link":"https:\/\/skinstudio.ee\/lv\/catalog\/reviderm\/opc-fluid-forte\/","title":{"rendered":"OPC Fluid Forte"},"content":{"rendered":"<p data-start=\"129\" data-end=\"339\">Viegls kr\u0113ms ar OPC pies\u0101tina \u0101du ar antioksidantu OPC un nodro\u0161ina maksim\u0101lu aizsardz\u012bbu pret br\u012bvajiem radik\u0101\u013ciem. Tas atbalsta \u0101das un asinsvadu elast\u012bbu un strukt\u016bru, k\u0101 ar\u012b pal\u0113nina to noveco\u0161an\u0101s procesu.<\/p>\n<p data-start=\"341\" data-end=\"618\">Zemas molekulmasas hialuronsk\u0101be iek\u013c\u016bst dzi\u013c\u0101kajos \u0101das sl\u0101\u0146os un saista tur mitrumu, nodro\u0161inot ilgsto\u0161u mitrino\u0161u efektu. Poliglutam\u012bnsk\u0101be nodro\u0161ina ilgsto\u0161u mitrin\u0101\u0161anu visos \u0101das sl\u0101\u0146os, darbojas k\u0101 aizsarg\u0101jo\u0161s ekr\u0101ns uz virsmas un samazina transepiderm\u0101lo \u016bdens zudumu.<\/p>\n<p data-start=\"620\" data-end=\"638\"><strong data-start=\"620\" data-end=\"632\">Tilpums:<\/strong> 30 ml<\/p>\n","protected":false},"excerpt":{"rendered":"<p data-start=\"783\" data-end=\"855\">Viegls pretnoveco\u0161an\u0101s flu\u012bds ar antioksidantu aizsardz\u012bbu un vitam\u012bniem<\/p>\n<h2 data-start=\"857\" data-end=\"896\"><strong data-start=\"857\" data-end=\"896\">\u012apa\u0161\u012bbas Reviderm &#8211; OPC Fluid Forte<\/strong><\/h2>\n<p data-start=\"898\" data-end=\"1143\">\u2714\ufe0f Neitraliz\u0113 br\u012bvos radik\u0101\u013cus un stiprina \u0101das aizsargbarjeru<br data-start=\"960\" data-end=\"963\" \/>\u2714\ufe0f Uzlabo \u0101das tekst\u016bru un toni<br data-start=\"994\" data-end=\"997\" \/>\u2714\ufe0f Palielina \u0101das tvirtumu un elast\u012bbu<br data-start=\"1035\" data-end=\"1038\" \/>\u2714\ufe0f Nomierina kairin\u0101jumus un pal\u012bdz mazin\u0101t aps\u0101rtumu<br data-start=\"1091\" data-end=\"1094\" \/>\u2714\ufe0f Aktiviz\u0113 \u0101das dabiskos atjauno\u0161an\u0101s procesus<\/p>\n","protected":false},"featured_media":63930,"template":"","meta":[],"pwb-brand":[703],"product_brand":[],"product_cat":[737,749],"product_tag":[],"giftcard-category":[],"class_list":{"0":"post-73330","1":"product","2":"type-product","3":"status-publish","4":"has-post-thumbnail","6":"pwb-brand-reviderm","7":"product_cat-mitrinasana","8":"product_cat-novecojosa-ada","10":"first","11":"instock","12":"taxable","13":"shipping-taxable","14":"purchasable","15":"product-type-simple"},"acf":[],"brands":[{"id":703,"name":"Reviderm","slug":"reviderm"}],"_links":{"self":[{"href":"https:\/\/skinstudio.ee\/lv\/wp-json\/wp\/v2\/product\/73330","targetHints":{"allow":["GET"]}}],"collection":[{"href":"https:\/\/skinstudio.ee\/lv\/wp-json\/wp\/v2\/product"}],"about":[{"href":"https:\/\/skinstudio.ee\/lv\/wp-json\/wp\/v2\/types\/product"}],"version-history":[{"count":1,"href":"https:\/\/skinstudio.ee\/lv\/wp-json\/wp\/v2\/product\/73330\/revisions"}],"predecessor-version":[{"id":73331,"href":"https:\/\/skinstudio.ee\/lv\/wp-json\/wp\/v2\/product\/73330\/revisions\/73331"}],"wp:featuredmedia":[{"embeddable":true,"href":"https:\/\/skinstudio.ee\/lv\/wp-json\/wp\/v2\/media\/63930"}],"wp:attachment":[{"href":"https:\/\/skinstudio.ee\/lv\/wp-json\/wp\/v2\/media?parent=73330"}],"wp:term":[{"taxonomy":"pwb-brand","embeddable":true,"href":"https:\/\/skinstudio.ee\/lv\/wp-json\/wp\/v2\/pwb-brand?post=73330"},{"taxonomy":"product_brand","embeddable":true,"href":"https:\/\/skinstudio.ee\/lv\/wp-json\/wp\/v2\/product_brand?post=73330"},{"taxonomy":"product_cat","embeddable":true,"href":"https:\/\/skinstudio.ee\/lv\/wp-json\/wp\/v2\/product_cat?post=73330"},{"taxonomy":"product_tag","embeddable":true,"href":"https:\/\/skinstudio.ee\/lv\/wp-json\/wp\/v2\/product_tag?post=73330"},{"taxonomy":"giftcard-category","embeddable":true,"href":"https:\/\/skinstudio.ee\/lv\/wp-json\/wp\/v2\/giftcard-category?post=73330"}],"curies":[{"name":"wp","href":"https:\/\/api.w.org\/{rel}","templated":true}]}}