{"id":73337,"date":"2025-07-21T15:26:30","date_gmt":"2025-07-21T15:26:30","guid":{"rendered":"https:\/\/skinstudio.ee\/?post_type=product&#038;p=73337"},"modified":"2026-01-21T13:57:19","modified_gmt":"2026-01-21T13:57:19","slug":"opc-creme-forte","status":"publish","type":"product","link":"https:\/\/skinstudio.ee\/lv\/catalog\/reviderm\/opc-creme-forte\/","title":{"rendered":"OPC Creme Forte"},"content":{"rendered":"<p data-start=\"129\" data-end=\"768\">OPC Cream Forte ir kr\u0113ms, kas satur OPC Pycnogenol\u00ae un C un E vitam\u012bnu kompleksu.<br data-start=\"210\" data-end=\"213\" \/>\u0160is produkts ir izstr\u0101d\u0101ts, lai nodro\u0161in\u0101tu intens\u012bvu \u0101das kop\u0161anu, apvienojot sp\u0113c\u012bgus antioksidantus un vitam\u012bnus optim\u0101las \u0101das vesel\u012bbas un izskata sasnieg\u0161anai. OPC Pycnogenol\u00ae komplekss, kas ieg\u016bts no priedes mizas, ir paz\u012bstams ar sav\u0101m antioksidanta \u012bpa\u0161\u012bb\u0101m, kas pal\u012bdz aizsarg\u0101t \u0101du no br\u012bvajiem radik\u0101\u013ciem un apk\u0101rt\u0113j\u0101s vides stresa. C un E vitam\u012bni pal\u012bdz samazin\u0101t \u0101das noguruma paz\u012bmes, uzlabo t\u0101s tekst\u016bru un tonusu. Lietojot OPC Cream Forte, j\u016bs nodro\u0161in\u0101t \u0101dai visaptvero\u0161u kop\u0161anu un aizsardz\u012bbu, lai t\u0101 izskat\u012btos vesel\u012bga un starojo\u0161a.<\/p>\n<p data-start=\"770\" data-end=\"788\"><strong data-start=\"770\" data-end=\"782\">Tilpums:<\/strong> 50 ml<\/p>\n","protected":false},"excerpt":{"rendered":"<p data-start=\"923\" data-end=\"991\">Intens\u012bvs pretnoveco\u0161an\u0101s kr\u0113ms ar sp\u0113c\u012bgu antioksidantu aizsardz\u012bbu<\/p>\n<h2 data-start=\"993\" data-end=\"1032\"><strong data-start=\"993\" data-end=\"1032\">\u012apa\u0161\u012bbas Reviderm &#8211; OPC Creme Forte<\/strong><\/h2>\n<p data-start=\"1034\" data-end=\"1275\">\u2714\ufe0f Neitraliz\u0113 br\u012bvos radik\u0101\u013cus un aizsarg\u0101 \u0101das \u0161\u016bnas<br data-start=\"1087\" data-end=\"1090\" \/>\u2714\ufe0f Palielina \u0101das tvirtumu un elast\u012bbu<br data-start=\"1128\" data-end=\"1131\" \/>\u2714\ufe0f Stiprina kapil\u0101rus un uzlabo mikrocirkul\u0101ciju<br data-start=\"1179\" data-end=\"1182\" \/>\u2714\ufe0f Samazina iekaisumus un kairin\u0101jumus<br data-start=\"1220\" data-end=\"1223\" \/>\u2714\ufe0f Pastiprina \u0101das dabiskos re\u0123ener\u0101cijas procesus<\/p>\n","protected":false},"featured_media":63935,"template":"","meta":[],"pwb-brand":[703],"product_brand":[],"product_cat":[729,737,749],"product_tag":[],"giftcard-category":[],"class_list":{"0":"post-73337","1":"product","2":"type-product","3":"status-publish","4":"has-post-thumbnail","6":"pwb-brand-reviderm","7":"product_cat-c-vitamins","8":"product_cat-mitrinasana","9":"product_cat-novecojosa-ada","11":"first","12":"instock","13":"taxable","14":"shipping-taxable","15":"purchasable","16":"product-type-simple"},"acf":[],"brands":[{"id":703,"name":"Reviderm","slug":"reviderm"}],"_links":{"self":[{"href":"https:\/\/skinstudio.ee\/lv\/wp-json\/wp\/v2\/product\/73337","targetHints":{"allow":["GET"]}}],"collection":[{"href":"https:\/\/skinstudio.ee\/lv\/wp-json\/wp\/v2\/product"}],"about":[{"href":"https:\/\/skinstudio.ee\/lv\/wp-json\/wp\/v2\/types\/product"}],"version-history":[{"count":1,"href":"https:\/\/skinstudio.ee\/lv\/wp-json\/wp\/v2\/product\/73337\/revisions"}],"predecessor-version":[{"id":73338,"href":"https:\/\/skinstudio.ee\/lv\/wp-json\/wp\/v2\/product\/73337\/revisions\/73338"}],"wp:featuredmedia":[{"embeddable":true,"href":"https:\/\/skinstudio.ee\/lv\/wp-json\/wp\/v2\/media\/63935"}],"wp:attachment":[{"href":"https:\/\/skinstudio.ee\/lv\/wp-json\/wp\/v2\/media?parent=73337"}],"wp:term":[{"taxonomy":"pwb-brand","embeddable":true,"href":"https:\/\/skinstudio.ee\/lv\/wp-json\/wp\/v2\/pwb-brand?post=73337"},{"taxonomy":"product_brand","embeddable":true,"href":"https:\/\/skinstudio.ee\/lv\/wp-json\/wp\/v2\/product_brand?post=73337"},{"taxonomy":"product_cat","embeddable":true,"href":"https:\/\/skinstudio.ee\/lv\/wp-json\/wp\/v2\/product_cat?post=73337"},{"taxonomy":"product_tag","embeddable":true,"href":"https:\/\/skinstudio.ee\/lv\/wp-json\/wp\/v2\/product_tag?post=73337"},{"taxonomy":"giftcard-category","embeddable":true,"href":"https:\/\/skinstudio.ee\/lv\/wp-json\/wp\/v2\/giftcard-category?post=73337"}],"curies":[{"name":"wp","href":"https:\/\/api.w.org\/{rel}","templated":true}]}}