{"id":73344,"date":"2025-07-21T15:19:47","date_gmt":"2025-07-21T15:19:47","guid":{"rendered":"https:\/\/skinstudio.ee\/?post_type=product&#038;p=73344"},"modified":"2026-01-21T13:57:16","modified_gmt":"2026-01-21T13:57:16","slug":"argi-syn-line-filler","status":"publish","type":"product","link":"https:\/\/skinstudio.ee\/lv\/catalog\/reviderm\/argi-syn-line-filler\/","title":{"rendered":"Argi-Syn Line Filler"},"content":{"rendered":"<p data-start=\"128\" data-end=\"489\">Serums satur maksim\u0101lu \u012bpa\u0161u pept\u012bdu devu, kas atsl\u0101bina un izl\u012bdzina sejas vaibstus un b\u016btiski uzlabo kolag\u0113na sint\u0113zi. Augsti koncentr\u0113t\u0101 hialuronsk\u0101be piepilda un \u201cizspie\u017e\u201d grumbas no iek\u0161puses, intens\u012bvi mitrina \u0101du. \u0100da izskat\u0101s atsl\u0101bin\u0101t\u0101ka un glud\u0101ka jau p\u0113c pirmaj\u0101m seruma lieto\u0161anas dien\u0101m, pat dzi\u013c\u0101s grumbas k\u013c\u016bst izl\u012bdzin\u0101t\u0101kas un maz\u0101k paman\u0101mas.<\/p>\n<p data-start=\"491\" data-end=\"509\"><strong data-start=\"491\" data-end=\"503\">Tilpums:<\/strong> 15 ml<\/p>\n","protected":false},"excerpt":{"rendered":"<p data-start=\"669\" data-end=\"730\">L\u012bdzeklis m\u012bmisko un vecuma grumbu m\u0113r\u0137tiec\u012bgai aizpild\u012b\u0161anai<\/p>\n<h2 data-start=\"732\" data-end=\"776\"><strong data-start=\"732\" data-end=\"776\">\u012apa\u0161\u012bbas Reviderm &#8211; Argi-Syn Line Filler<\/strong><\/h2>\n<p data-start=\"778\" data-end=\"1060\">\u2714\ufe0f Vizu\u0101li aizpilda grumbas un izl\u012bdzina \u0101das virsmu<br data-start=\"830\" data-end=\"833\" \/>\u2714\ufe0f Atsl\u0101bina m\u012bmiskos musku\u013cus un samazina kroku dzi\u013cumu<br data-start=\"889\" data-end=\"892\" \/>\u2714\ufe0f Stimul\u0113 kolag\u0113na sint\u0113zi un palielina \u0101das bl\u012bvumu<br data-start=\"945\" data-end=\"948\" \/>\u2714\ufe0f Mitrina un uzlabo tekst\u016bru problem\u0101tiskaj\u0101s zon\u0101s<br data-start=\"1000\" data-end=\"1003\" \/>\u2714\ufe0f Pastiprina pretnoveco\u0161an\u0101s efektu tie\u0161i grumbu zon\u0101s<\/p>\n","protected":false},"featured_media":63940,"template":"","meta":[],"pwb-brand":[703],"product_brand":[],"product_cat":[737,749],"product_tag":[],"giftcard-category":[],"class_list":{"0":"post-73344","1":"product","2":"type-product","3":"status-publish","4":"has-post-thumbnail","6":"pwb-brand-reviderm","7":"product_cat-mitrinasana","8":"product_cat-novecojosa-ada","10":"first","11":"instock","12":"taxable","13":"shipping-taxable","14":"purchasable","15":"product-type-simple"},"acf":[],"brands":[{"id":703,"name":"Reviderm","slug":"reviderm"}],"_links":{"self":[{"href":"https:\/\/skinstudio.ee\/lv\/wp-json\/wp\/v2\/product\/73344","targetHints":{"allow":["GET"]}}],"collection":[{"href":"https:\/\/skinstudio.ee\/lv\/wp-json\/wp\/v2\/product"}],"about":[{"href":"https:\/\/skinstudio.ee\/lv\/wp-json\/wp\/v2\/types\/product"}],"version-history":[{"count":1,"href":"https:\/\/skinstudio.ee\/lv\/wp-json\/wp\/v2\/product\/73344\/revisions"}],"predecessor-version":[{"id":73345,"href":"https:\/\/skinstudio.ee\/lv\/wp-json\/wp\/v2\/product\/73344\/revisions\/73345"}],"wp:featuredmedia":[{"embeddable":true,"href":"https:\/\/skinstudio.ee\/lv\/wp-json\/wp\/v2\/media\/63940"}],"wp:attachment":[{"href":"https:\/\/skinstudio.ee\/lv\/wp-json\/wp\/v2\/media?parent=73344"}],"wp:term":[{"taxonomy":"pwb-brand","embeddable":true,"href":"https:\/\/skinstudio.ee\/lv\/wp-json\/wp\/v2\/pwb-brand?post=73344"},{"taxonomy":"product_brand","embeddable":true,"href":"https:\/\/skinstudio.ee\/lv\/wp-json\/wp\/v2\/product_brand?post=73344"},{"taxonomy":"product_cat","embeddable":true,"href":"https:\/\/skinstudio.ee\/lv\/wp-json\/wp\/v2\/product_cat?post=73344"},{"taxonomy":"product_tag","embeddable":true,"href":"https:\/\/skinstudio.ee\/lv\/wp-json\/wp\/v2\/product_tag?post=73344"},{"taxonomy":"giftcard-category","embeddable":true,"href":"https:\/\/skinstudio.ee\/lv\/wp-json\/wp\/v2\/giftcard-category?post=73344"}],"curies":[{"name":"wp","href":"https:\/\/api.w.org\/{rel}","templated":true}]}}