{"id":73351,"date":"2025-07-21T15:13:24","date_gmt":"2025-07-21T15:13:24","guid":{"rendered":"https:\/\/skinstudio.ee\/?post_type=product&#038;p=73351"},"modified":"2026-01-21T13:57:16","modified_gmt":"2026-01-21T13:57:16","slug":"argi-syn-decontract","status":"publish","type":"product","link":"https:\/\/skinstudio.ee\/lv\/catalog\/reviderm\/argi-syn-decontract\/","title":{"rendered":"Argi-Syn Decontract"},"content":{"rendered":"<p data-start=\"129\" data-end=\"218\">Argi-Syn Decontract Cream ir augsto tehnolo\u0123iju kr\u0113ms sejas kont\u016bru tvirtuma uzlabo\u0161anai.<\/p>\n<p data-start=\"220\" data-end=\"848\">L\u012bdzek\u013ca formula satur \u0101dai identiskos lip\u012bdus (derma membrane system DMS), kas atjauno boj\u0101to \u0101das barjeru, pal\u012bdz \u0101dai notur\u0113t mitrumu un palielina t\u0101s iztur\u012bbu pret \u0101r\u0113jiem kairin\u0101t\u0101jiem. Kr\u0113ma sast\u0101vs ir bag\u0101tin\u0101ts ar\u012b ar diviem sp\u0113c\u012bgiem pept\u012bdiem. Acetil heksapept\u012bds-8 (galvenais pept\u012bds) inhib\u0113 sign\u0101lu p\u0101rnesi no nerviem uz musku\u013ciem un veicina sejas musku\u013cu relaks\u0101ciju. Atsl\u0101bin\u0101ts st\u0101voklis pal\u012bdz samazin\u0101t grumbu dzi\u013cumu. Palmitoil tripept\u012bds-5 b\u016btiski uzlabo kolag\u0113na atjauno\u0161anos, aktiviz\u0113jot aug\u0161anas faktoru TGF, stiprina saistaudu \u0161\u0137iedraino strukt\u016bru, samazina grumbu dzi\u013cumu un uzlabo \u0101das virsmas kont\u016bras.<\/p>\n<p data-start=\"850\" data-end=\"868\"><strong data-start=\"850\" data-end=\"862\">Tilpums:<\/strong> 50 ml<\/p>\n","protected":false},"excerpt":{"rendered":"<p data-start=\"1053\" data-end=\"1117\">Kr\u0113ms ar m\u012bmisko grumbu relaks\u0113jo\u0161u un pretnoveco\u0161an\u0101s iedarb\u012bbu<\/p>\n<h2 data-start=\"1119\" data-end=\"1162\"><strong data-start=\"1119\" data-end=\"1162\">\u012apa\u0161\u012bbas Reviderm &#8211; Argi-Syn Decontract<\/strong><\/h2>\n<p data-start=\"1164\" data-end=\"1402\">\u2714\ufe0f Atsl\u0101bina m\u012bmiskos musku\u013cus un samazina grumbu redzam\u012bbu<br data-start=\"1223\" data-end=\"1226\" \/>\u2714\ufe0f Pal\u0113nina jaunu grumbu veido\u0161anos<br data-start=\"1261\" data-end=\"1264\" \/>\u2714\ufe0f Palielina \u0101das tvirtumu un elast\u012bbu<br data-start=\"1302\" data-end=\"1305\" \/>\u2714\ufe0f Mitrina un izl\u012bdzina \u0101das mikroreljefu<br data-start=\"1346\" data-end=\"1349\" \/>\u2714\ufe0f Pastiprina pretnoveco\u0161an\u0101s kop\u0161anas efektivit\u0101ti<\/p>\n","protected":false},"featured_media":39800,"template":"","meta":[],"pwb-brand":[703],"product_brand":[],"product_cat":[737,749],"product_tag":[],"giftcard-category":[],"class_list":{"0":"post-73351","1":"product","2":"type-product","3":"status-publish","4":"has-post-thumbnail","6":"pwb-brand-reviderm","7":"product_cat-mitrinasana","8":"product_cat-novecojosa-ada","10":"first","11":"instock","12":"taxable","13":"shipping-taxable","14":"purchasable","15":"product-type-simple"},"acf":[],"brands":[{"id":703,"name":"Reviderm","slug":"reviderm"}],"_links":{"self":[{"href":"https:\/\/skinstudio.ee\/lv\/wp-json\/wp\/v2\/product\/73351","targetHints":{"allow":["GET"]}}],"collection":[{"href":"https:\/\/skinstudio.ee\/lv\/wp-json\/wp\/v2\/product"}],"about":[{"href":"https:\/\/skinstudio.ee\/lv\/wp-json\/wp\/v2\/types\/product"}],"version-history":[{"count":1,"href":"https:\/\/skinstudio.ee\/lv\/wp-json\/wp\/v2\/product\/73351\/revisions"}],"predecessor-version":[{"id":73352,"href":"https:\/\/skinstudio.ee\/lv\/wp-json\/wp\/v2\/product\/73351\/revisions\/73352"}],"wp:featuredmedia":[{"embeddable":true,"href":"https:\/\/skinstudio.ee\/lv\/wp-json\/wp\/v2\/media\/39800"}],"wp:attachment":[{"href":"https:\/\/skinstudio.ee\/lv\/wp-json\/wp\/v2\/media?parent=73351"}],"wp:term":[{"taxonomy":"pwb-brand","embeddable":true,"href":"https:\/\/skinstudio.ee\/lv\/wp-json\/wp\/v2\/pwb-brand?post=73351"},{"taxonomy":"product_brand","embeddable":true,"href":"https:\/\/skinstudio.ee\/lv\/wp-json\/wp\/v2\/product_brand?post=73351"},{"taxonomy":"product_cat","embeddable":true,"href":"https:\/\/skinstudio.ee\/lv\/wp-json\/wp\/v2\/product_cat?post=73351"},{"taxonomy":"product_tag","embeddable":true,"href":"https:\/\/skinstudio.ee\/lv\/wp-json\/wp\/v2\/product_tag?post=73351"},{"taxonomy":"giftcard-category","embeddable":true,"href":"https:\/\/skinstudio.ee\/lv\/wp-json\/wp\/v2\/giftcard-category?post=73351"}],"curies":[{"name":"wp","href":"https:\/\/api.w.org\/{rel}","templated":true}]}}