{"id":73358,"date":"2025-07-21T15:04:08","date_gmt":"2025-07-21T15:04:08","guid":{"rendered":"https:\/\/skinstudio.ee\/?post_type=product&#038;p=73358"},"modified":"2026-01-21T13:57:19","modified_gmt":"2026-01-21T13:57:19","slug":"o2-hydra-fluid","status":"publish","type":"product","link":"https:\/\/skinstudio.ee\/lv\/catalog\/reviderm\/o2-hydra-fluid\/","title":{"rendered":"O2 Hydra Fluid"},"content":{"rendered":"<p data-start=\"131\" data-end=\"1022\">Balans\u0113jo\u0161s mitrino\u0161s flu\u012bds O2 Hydro Fluid pal\u012bdz \u0101dai notur\u0113t mitrumu un intens\u012bvi to baro. Turkl\u0101t l\u012bdzeklim piem\u012bt nomierino\u0161a un atjaunojo\u0161a iedarb\u012bba, tas mazina kairin\u0101jumu. Pateicoties augu izcelsmes e\u013c\u013cu, bisabolola un ratanijas saknes ekstrakta kombin\u0101cijai, O2 Hydro Fluid atjauno l\u012bdzsvaru pat \u012bpa\u0161i saspringtai \u0101dai. Viens no galvenajiem formulas komponentiem ir tr\u012bsk\u0101rt oksigen\u0113ta kukur\u016bzas d\u012bgstu e\u013c\u013ca \u2013 tr\u012bs reizes pies\u0101tin\u0101ta ar sk\u0101bekli patent\u0113t\u0101 REVIDERM ra\u017eo\u0161anas proces\u0101. Nepies\u0101tin\u0101to tauksk\u0101bju molekulas blo\u0137\u0113 provaiskuma arahidonsk\u0101bi, ne\u013caujot tai fiks\u0113ties uz \u0161\u016bnu membr\u0101n\u0101m, t\u0101d\u0113j\u0101di p\u0101rtraucot iekaisuma reakciju \u0137\u0113di \u0101d\u0101. \u0160o efektu v\u0113l vair\u0101k pastiprina ratanijas saknes ekstrakta un bisabolola pretiekaisuma iedarb\u012bba. O2 Hydro Fluid var izmantot k\u0101 pamatu citiem produktiem, k\u0101 patst\u0101v\u012bgu \u0101das kop\u0161anas l\u012bdzekli vai k\u0101 kopjo\u0161u balzamu p\u0113c sk\u016b\u0161an\u0101s v\u012brie\u0161iem.<\/p>\n<p data-start=\"1024\" data-end=\"1042\"><strong data-start=\"1024\" data-end=\"1036\">Tilpums:<\/strong> 50 ml<\/p>\n","protected":false},"excerpt":{"rendered":"<p data-start=\"1231\" data-end=\"1290\">Mitrino\u0161s flu\u012bds ar sk\u0101bekli \u0101das mirdzumam un aizsardz\u012bbai<\/p>\n<h2 data-start=\"1292\" data-end=\"1330\"><strong data-start=\"1292\" data-end=\"1330\">\u012apa\u0161\u012bbas Reviderm &#8211; O2 Hydra Fluid<\/strong><\/h2>\n<p data-start=\"1332\" data-end=\"1554\">\u2714\ufe0f Intens\u012bvi mitrina un atsvaidzina \u0101du<br data-start=\"1371\" data-end=\"1374\" \/>\u2714\ufe0f Stimul\u0113 sk\u0101bek\u013ca apmai\u0146u un \u0161\u016bnu elpo\u0161anu<br data-start=\"1418\" data-end=\"1421\" \/>\u2714\ufe0f Palielina \u0101das aizsargfunkcijas<br data-start=\"1455\" data-end=\"1458\" \/>\u2714\ufe0f Uzlabo sejas kr\u0101su un pie\u0161\u0137ir mirdzumu<br data-start=\"1499\" data-end=\"1502\" \/>\u2714\ufe0f Aizsarg\u0101 no apk\u0101rt\u0113j\u0101s vides negat\u012bv\u0101s ietekmes<\/p>\n","protected":false},"featured_media":39788,"template":"","meta":[],"pwb-brand":[703],"product_brand":[],"product_cat":[745,737,739],"product_tag":[],"giftcard-category":[],"class_list":{"0":"post-73358","1":"product","2":"type-product","3":"status-publish","4":"has-post-thumbnail","6":"pwb-brand-reviderm","7":"product_cat-jutigai-adai","8":"product_cat-mitrinasana","9":"product_cat-sausai-adai","11":"first","12":"instock","13":"taxable","14":"shipping-taxable","15":"purchasable","16":"product-type-simple"},"acf":[],"brands":[{"id":703,"name":"Reviderm","slug":"reviderm"}],"_links":{"self":[{"href":"https:\/\/skinstudio.ee\/lv\/wp-json\/wp\/v2\/product\/73358","targetHints":{"allow":["GET"]}}],"collection":[{"href":"https:\/\/skinstudio.ee\/lv\/wp-json\/wp\/v2\/product"}],"about":[{"href":"https:\/\/skinstudio.ee\/lv\/wp-json\/wp\/v2\/types\/product"}],"version-history":[{"count":1,"href":"https:\/\/skinstudio.ee\/lv\/wp-json\/wp\/v2\/product\/73358\/revisions"}],"predecessor-version":[{"id":73359,"href":"https:\/\/skinstudio.ee\/lv\/wp-json\/wp\/v2\/product\/73358\/revisions\/73359"}],"wp:featuredmedia":[{"embeddable":true,"href":"https:\/\/skinstudio.ee\/lv\/wp-json\/wp\/v2\/media\/39788"}],"wp:attachment":[{"href":"https:\/\/skinstudio.ee\/lv\/wp-json\/wp\/v2\/media?parent=73358"}],"wp:term":[{"taxonomy":"pwb-brand","embeddable":true,"href":"https:\/\/skinstudio.ee\/lv\/wp-json\/wp\/v2\/pwb-brand?post=73358"},{"taxonomy":"product_brand","embeddable":true,"href":"https:\/\/skinstudio.ee\/lv\/wp-json\/wp\/v2\/product_brand?post=73358"},{"taxonomy":"product_cat","embeddable":true,"href":"https:\/\/skinstudio.ee\/lv\/wp-json\/wp\/v2\/product_cat?post=73358"},{"taxonomy":"product_tag","embeddable":true,"href":"https:\/\/skinstudio.ee\/lv\/wp-json\/wp\/v2\/product_tag?post=73358"},{"taxonomy":"giftcard-category","embeddable":true,"href":"https:\/\/skinstudio.ee\/lv\/wp-json\/wp\/v2\/giftcard-category?post=73358"}],"curies":[{"name":"wp","href":"https:\/\/api.w.org\/{rel}","templated":true}]}}