{"id":73380,"date":"2025-07-21T14:46:20","date_gmt":"2025-07-21T14:46:20","guid":{"rendered":"https:\/\/skinstudio.ee\/?post_type=product&#038;p=73380"},"modified":"2026-01-21T13:57:17","modified_gmt":"2026-01-21T13:57:17","slug":"ecm-repair-cream","status":"publish","type":"product","link":"https:\/\/skinstudio.ee\/lv\/catalog\/reviderm\/ecm-repair-cream\/","title":{"rendered":"ECM Repair Cream"},"content":{"rendered":"<p data-start=\"131\" data-end=\"1163\">Atjaunojo\u0161s 24 stundu kr\u0113ms sejas kont\u016bru model\u0113\u0161anai ECM Repair Cream intens\u012bvi stimul\u0113 dabisko \u0101das re\u0123ener\u0101ciju. Galvenais akt\u012bvais l\u012bdzek\u013ca komponents ir REVIDERM izstr\u0101d\u0101tais ekskluz\u012bvais komplekss MatriBuild\u00a9. Tas k\u0101 \u012bsts \u201c\u0101das arhitekts\u201d atjauno ekstracelul\u0101r\u0101 matriksa (ECM) strukt\u016bru un palielina taj\u0101 visu nepiecie\u0161amo komponentu veido\u0161anos, piem\u0113ram, polisahar\u012bdu, glikoprote\u012bnu, elektrol\u012btu, aminosk\u0101bju un proteoglik\u0101nu. Kompleksa iedarb\u012bbu pastiprina augstas molekulmasas hialuronsk\u0101be, kas atjauno \u0101das turgoru un saglab\u0101 t\u0101s piepild\u012bjumu, noturot mitrumu. Jo augst\u0101ka ir ekstracelul\u0101r\u0101 matriksa kvalit\u0101te, jo lab\u0101ka ir \u0101das kvalit\u0101te. Sast\u0101v\u0101 eso\u0161ais savelko\u0161ais komplekss MatriFirm\u00a9 model\u0113 sejas kont\u016bras, stiprina \u0101du un aizsarg\u0101 no \u0101r\u0113jiem faktoriem, kas veicina \u0101das noveco\u0161anos. MatriFirm aizsarg\u0101 un stiprina \u0101du no \u0101rpuses, savuk\u0101rt MatriBuild\u00a9 stabiliz\u0113 saistaudus. T\u0101d\u0113j\u0101di siner\u0123ij\u0101 \u0161ie komponenti atjauno matriksu no ab\u0101m pus\u0113m \u2013 no iek\u0161puses un no \u0101rpuses \u2013, samazinot grumbas un savelkot sejas kont\u016bras.<\/p>\n<p data-start=\"1165\" data-end=\"1183\"><strong data-start=\"1165\" data-end=\"1177\">Tilpums:<\/strong> 50 ml<\/p>\n","protected":false},"excerpt":{"rendered":"<p data-start=\"1331\" data-end=\"1367\">Atjaunojo\u0161s kr\u0113ms \u0101das stiprin\u0101\u0161anai<\/p>\n<h2 data-start=\"1369\" data-end=\"1409\"><strong data-start=\"1369\" data-end=\"1409\">\u012apa\u0161\u012bbas Reviderm &#8211; ECM Repair Cream<\/strong><\/h2>\n<p data-start=\"1411\" data-end=\"1617\">\u2714\ufe0f Stiprina saistaudus un palielina \u0101das bl\u012bvumu<br data-start=\"1459\" data-end=\"1462\" \/>\u2714\ufe0f Stimul\u0113 kolag\u0113na un elast\u012bna veido\u0161anos<br data-start=\"1504\" data-end=\"1507\" \/>\u2714\ufe0f Uzlabo \u0101das turgoru un izl\u012bdzina grumbas<br data-start=\"1550\" data-end=\"1553\" \/>\u2714\ufe0f Aizsarg\u0101 no \u0101r\u0113jiem faktoriem un priek\u0161laic\u012bgas noveco\u0161an\u0101s<\/p>\n","protected":false},"featured_media":39764,"template":"","meta":[],"pwb-brand":[703],"product_brand":[],"product_cat":[737,749],"product_tag":[],"giftcard-category":[],"class_list":{"0":"post-73380","1":"product","2":"type-product","3":"status-publish","4":"has-post-thumbnail","6":"pwb-brand-reviderm","7":"product_cat-mitrinasana","8":"product_cat-novecojosa-ada","10":"first","11":"instock","12":"taxable","13":"shipping-taxable","14":"purchasable","15":"product-type-simple"},"acf":[],"brands":[{"id":703,"name":"Reviderm","slug":"reviderm"}],"_links":{"self":[{"href":"https:\/\/skinstudio.ee\/lv\/wp-json\/wp\/v2\/product\/73380","targetHints":{"allow":["GET"]}}],"collection":[{"href":"https:\/\/skinstudio.ee\/lv\/wp-json\/wp\/v2\/product"}],"about":[{"href":"https:\/\/skinstudio.ee\/lv\/wp-json\/wp\/v2\/types\/product"}],"version-history":[{"count":1,"href":"https:\/\/skinstudio.ee\/lv\/wp-json\/wp\/v2\/product\/73380\/revisions"}],"predecessor-version":[{"id":73381,"href":"https:\/\/skinstudio.ee\/lv\/wp-json\/wp\/v2\/product\/73380\/revisions\/73381"}],"wp:featuredmedia":[{"embeddable":true,"href":"https:\/\/skinstudio.ee\/lv\/wp-json\/wp\/v2\/media\/39764"}],"wp:attachment":[{"href":"https:\/\/skinstudio.ee\/lv\/wp-json\/wp\/v2\/media?parent=73380"}],"wp:term":[{"taxonomy":"pwb-brand","embeddable":true,"href":"https:\/\/skinstudio.ee\/lv\/wp-json\/wp\/v2\/pwb-brand?post=73380"},{"taxonomy":"product_brand","embeddable":true,"href":"https:\/\/skinstudio.ee\/lv\/wp-json\/wp\/v2\/product_brand?post=73380"},{"taxonomy":"product_cat","embeddable":true,"href":"https:\/\/skinstudio.ee\/lv\/wp-json\/wp\/v2\/product_cat?post=73380"},{"taxonomy":"product_tag","embeddable":true,"href":"https:\/\/skinstudio.ee\/lv\/wp-json\/wp\/v2\/product_tag?post=73380"},{"taxonomy":"giftcard-category","embeddable":true,"href":"https:\/\/skinstudio.ee\/lv\/wp-json\/wp\/v2\/giftcard-category?post=73380"}],"curies":[{"name":"wp","href":"https:\/\/api.w.org\/{rel}","templated":true}]}}