{"id":73388,"date":"2025-07-21T11:53:48","date_gmt":"2025-07-21T11:53:48","guid":{"rendered":"https:\/\/skinstudio.ee\/?post_type=product&#038;p=73388"},"modified":"2026-01-21T13:57:21","modified_gmt":"2026-01-21T13:57:21","slug":"refresh-eye-gel","status":"publish","type":"product","link":"https:\/\/skinstudio.ee\/lv\/catalog\/reviderm\/refresh-eye-gel\/","title":{"rendered":"Refresh Eye Gel"},"content":{"rendered":"<p data-start=\"123\" data-end=\"706\">Atsvaidzino\u0161s g\u0113ls \u0101dai ap ac\u012bm. Pl\u0101n\u0101 \u0101da ap ac\u012bm ir \u012bpa\u0161i maiga un neaizsarg\u0101ta. Tie\u0161i \u0161\u012b zona nodev\u012bgi past\u0101sta apk\u0101rt\u0113jiem par nakti pie datora vai ska\u013cu ball\u012bti iepriek\u0161\u0113j\u0101 vakar\u0101. Lai tas nenotiktu, izmantojiet Refresh Eye Gel. Patent\u0113tais komplekss Clear Eye Factor aktiviz\u0113 asins pigmentu enz\u012bmatisko no\u0101rd\u012b\u0161anos, kas izraisa tum\u0161os lokus zem ac\u012bm. Rezult\u0101t\u0101 ieg\u016bstams divi vien\u0101 produkts: no vienas puses l\u012bdzeklis kori\u0123\u0113 tum\u0161os lokus un uzlabo \u0101das toni, no otras \u2013 sast\u0101v\u0101 eso\u0161\u0101s aminosk\u0101bes uztur \u0101dai identisku mitrin\u0101\u0161anas sist\u0113mu. Piem\u0113rots ar\u012b kontaktl\u0113cu n\u0113s\u0101t\u0101jiem!<\/p>\n<p data-start=\"708\" data-end=\"726\"><strong data-start=\"708\" data-end=\"720\">Tilpums:<\/strong> 15 ml<\/p>\n","protected":false},"excerpt":{"rendered":"<p data-start=\"837\" data-end=\"865\">Atv\u0113sino\u0161s g\u0113ls \u0101dai ap ac\u012bm<\/p>\n<h2 data-start=\"867\" data-end=\"906\"><strong data-start=\"867\" data-end=\"906\">\u012apa\u0161\u012bbas Reviderm &#8211; Refresh Eye Gel<\/strong><\/h2>\n<p data-start=\"908\" data-end=\"1059\">\u2714\ufe0f Atsvaidzina \u0101du un mazina noguruma paz\u012bmes<br data-start=\"953\" data-end=\"956\" \/>\u2714\ufe0f Samazina t\u016bsku un tum\u0161os lokus<br data-start=\"989\" data-end=\"992\" \/>\u2714\ufe0f Mitrina un toniz\u0113 \u0101du<br data-start=\"1016\" data-end=\"1019\" \/>\u2714\ufe0f Palielina \u0101das elast\u012bbu un tvirtumu<\/p>\n","protected":false},"featured_media":39752,"template":"","meta":[],"pwb-brand":[703],"product_brand":[],"product_cat":[733],"product_tag":[],"giftcard-category":[],"class_list":{"0":"post-73388","1":"product","2":"type-product","3":"status-publish","4":"has-post-thumbnail","6":"pwb-brand-reviderm","7":"product_cat-ada-ap-acim","9":"first","10":"instock","11":"taxable","12":"shipping-taxable","13":"purchasable","14":"product-type-simple"},"acf":[],"brands":[{"id":703,"name":"Reviderm","slug":"reviderm"}],"_links":{"self":[{"href":"https:\/\/skinstudio.ee\/lv\/wp-json\/wp\/v2\/product\/73388","targetHints":{"allow":["GET"]}}],"collection":[{"href":"https:\/\/skinstudio.ee\/lv\/wp-json\/wp\/v2\/product"}],"about":[{"href":"https:\/\/skinstudio.ee\/lv\/wp-json\/wp\/v2\/types\/product"}],"version-history":[{"count":1,"href":"https:\/\/skinstudio.ee\/lv\/wp-json\/wp\/v2\/product\/73388\/revisions"}],"predecessor-version":[{"id":73389,"href":"https:\/\/skinstudio.ee\/lv\/wp-json\/wp\/v2\/product\/73388\/revisions\/73389"}],"wp:featuredmedia":[{"embeddable":true,"href":"https:\/\/skinstudio.ee\/lv\/wp-json\/wp\/v2\/media\/39752"}],"wp:attachment":[{"href":"https:\/\/skinstudio.ee\/lv\/wp-json\/wp\/v2\/media?parent=73388"}],"wp:term":[{"taxonomy":"pwb-brand","embeddable":true,"href":"https:\/\/skinstudio.ee\/lv\/wp-json\/wp\/v2\/pwb-brand?post=73388"},{"taxonomy":"product_brand","embeddable":true,"href":"https:\/\/skinstudio.ee\/lv\/wp-json\/wp\/v2\/product_brand?post=73388"},{"taxonomy":"product_cat","embeddable":true,"href":"https:\/\/skinstudio.ee\/lv\/wp-json\/wp\/v2\/product_cat?post=73388"},{"taxonomy":"product_tag","embeddable":true,"href":"https:\/\/skinstudio.ee\/lv\/wp-json\/wp\/v2\/product_tag?post=73388"},{"taxonomy":"giftcard-category","embeddable":true,"href":"https:\/\/skinstudio.ee\/lv\/wp-json\/wp\/v2\/giftcard-category?post=73388"}],"curies":[{"name":"wp","href":"https:\/\/api.w.org\/{rel}","templated":true}]}}