{"id":73396,"date":"2025-07-21T11:47:24","date_gmt":"2025-07-21T11:47:24","guid":{"rendered":"https:\/\/skinstudio.ee\/?post_type=product&#038;p=73396"},"modified":"2026-01-21T13:57:18","modified_gmt":"2026-01-21T13:57:18","slug":"intense-eye-cream","status":"publish","type":"product","link":"https:\/\/skinstudio.ee\/lv\/catalog\/reviderm\/intense-eye-cream\/","title":{"rendered":"Intense Eye Cream"},"content":{"rendered":"<p data-start=\"129\" data-end=\"345\">Bag\u0101t\u012bgs kr\u0113ms ir efekt\u012bvs pret grumb\u0101m un stipru \u0101das sausumu ap ac\u012bm. OPC Pycnogenol\u00a9 komplekss, pateicoties sp\u0113c\u012bgai antioksidanta iedarb\u012bbai, aizsarg\u0101 \u0101du no br\u012bvo radik\u0101\u013cu ietekmes un priek\u0161laic\u012bgas noveco\u0161an\u0101s.<\/p>\n<p data-start=\"347\" data-end=\"506\">Pantenols (provitam\u012bns B5) pal\u012bdz saglab\u0101t \u0101das dabisko mitrumu un veicina lip\u012bdu atjauno\u0161anos. Pantenols ir klasisks l\u012bdzeklis, kas veicina \u0101das re\u0123ener\u0101ciju.<\/p>\n<p data-start=\"508\" data-end=\"768\">Biomim\u0113tiskais mitrino\u0161ais komplekss (dab\u012bgais mitrino\u0161ais faktors NMF) uz aminosk\u0101bju un hialuronsk\u0101bes b\u0101zes nodro\u0161ina ilgsto\u0161u izl\u012bdzino\u0161u efektu. \u0100das mitruma rezerves tiek piepild\u012btas, pateicoties mitruma notur\u0113\u0161anai \u0101das \u0161\u016bn\u0101s, un uzlabojas \u0101das turgors.<\/p>\n<p data-start=\"770\" data-end=\"855\">Palmitoil tripept\u012bds-5 stimul\u0113 kolag\u0113na sint\u0113zi un pal\u012bdz uztur\u0113t saistaudu tvirtumu.<\/p>\n<p data-start=\"857\" data-end=\"875\"><strong data-start=\"857\" data-end=\"869\">Tilpums:<\/strong> 15 ml<\/p>\n","protected":false},"excerpt":{"rendered":"<p data-start=\"1009\" data-end=\"1052\">Barojo\u0161s pretnoveco\u0161an\u0101s kr\u0113ms \u0101dai ap ac\u012bm<\/p>\n<h2 data-start=\"1054\" data-end=\"1095\"><strong data-start=\"1054\" data-end=\"1095\">\u012apa\u0161\u012bbas Reviderm &#8211; Intense Eye Cream<\/strong><\/h2>\n<p data-start=\"1097\" data-end=\"1340\">\u2714\ufe0f Palielina \u0101das tvirtumu un izl\u012bdzina grumbas<br data-start=\"1144\" data-end=\"1147\" \/>\u2714\ufe0f Dzi\u013ci baro un mitrina \u0101du<br data-start=\"1175\" data-end=\"1178\" \/>\u2714\ufe0f Stiprina acu kont\u016bru un pal\u012bdz mazin\u0101t t\u016bsku<br data-start=\"1225\" data-end=\"1228\" \/>\u2714\ufe0f Nomierina kairin\u0101jumu un jut\u012bgu \u0101du<br data-start=\"1266\" data-end=\"1269\" \/>\u2714\ufe0f Aizsarg\u0101 no priek\u0161laic\u012bgas noveco\u0161an\u0101s un \u0101r\u0113jiem stresa faktoriem<\/p>\n","protected":false},"featured_media":63950,"template":"","meta":[],"pwb-brand":[703],"product_brand":[],"product_cat":[733,745,737,749],"product_tag":[],"giftcard-category":[],"class_list":{"0":"post-73396","1":"product","2":"type-product","3":"status-publish","4":"has-post-thumbnail","6":"pwb-brand-reviderm","7":"product_cat-ada-ap-acim","8":"product_cat-jutigai-adai","9":"product_cat-mitrinasana","10":"product_cat-novecojosa-ada","12":"first","13":"instock","14":"taxable","15":"shipping-taxable","16":"purchasable","17":"product-type-simple"},"acf":[],"brands":[{"id":703,"name":"Reviderm","slug":"reviderm"}],"_links":{"self":[{"href":"https:\/\/skinstudio.ee\/lv\/wp-json\/wp\/v2\/product\/73396","targetHints":{"allow":["GET"]}}],"collection":[{"href":"https:\/\/skinstudio.ee\/lv\/wp-json\/wp\/v2\/product"}],"about":[{"href":"https:\/\/skinstudio.ee\/lv\/wp-json\/wp\/v2\/types\/product"}],"version-history":[{"count":1,"href":"https:\/\/skinstudio.ee\/lv\/wp-json\/wp\/v2\/product\/73396\/revisions"}],"predecessor-version":[{"id":73397,"href":"https:\/\/skinstudio.ee\/lv\/wp-json\/wp\/v2\/product\/73396\/revisions\/73397"}],"wp:featuredmedia":[{"embeddable":true,"href":"https:\/\/skinstudio.ee\/lv\/wp-json\/wp\/v2\/media\/63950"}],"wp:attachment":[{"href":"https:\/\/skinstudio.ee\/lv\/wp-json\/wp\/v2\/media?parent=73396"}],"wp:term":[{"taxonomy":"pwb-brand","embeddable":true,"href":"https:\/\/skinstudio.ee\/lv\/wp-json\/wp\/v2\/pwb-brand?post=73396"},{"taxonomy":"product_brand","embeddable":true,"href":"https:\/\/skinstudio.ee\/lv\/wp-json\/wp\/v2\/product_brand?post=73396"},{"taxonomy":"product_cat","embeddable":true,"href":"https:\/\/skinstudio.ee\/lv\/wp-json\/wp\/v2\/product_cat?post=73396"},{"taxonomy":"product_tag","embeddable":true,"href":"https:\/\/skinstudio.ee\/lv\/wp-json\/wp\/v2\/product_tag?post=73396"},{"taxonomy":"giftcard-category","embeddable":true,"href":"https:\/\/skinstudio.ee\/lv\/wp-json\/wp\/v2\/giftcard-category?post=73396"}],"curies":[{"name":"wp","href":"https:\/\/api.w.org\/{rel}","templated":true}]}}