{"id":73403,"date":"2025-07-21T11:29:48","date_gmt":"2025-07-21T11:29:48","guid":{"rendered":"https:\/\/skinstudio.ee\/?post_type=product&#038;p=73403"},"modified":"2026-01-21T13:57:16","modified_gmt":"2026-01-21T13:57:16","slug":"collagen-eye-pads-sensitive","status":"publish","type":"product","link":"https:\/\/skinstudio.ee\/lv\/catalog\/reviderm\/collagen-eye-pads-sensitive\/","title":{"rendered":"Collagen Eye Pads Sensitive+"},"content":{"rendered":"<p data-start=\"129\" data-end=\"439\">Kolag\u0113na pl\u0101ksteri jut\u012bgai \u0101dai ap ac\u012bm sast\u0101v no dab\u012bga \u0161\u0137\u012bsto\u0161a un ne\u0161\u0137\u012bsto\u0161a kolag\u0113na, k\u0101 ar\u012b kolag\u0113na pept\u012bdiem. Hialuronsk\u0101be pal\u012bdz aktiviz\u0113t galven\u0101s akt\u012bv\u0101s sast\u0101vda\u013cas. Pl\u0101ksteri dzi\u013ci mitrina \u0101du un stimul\u0113 re\u0123ener\u0101ciju. \u0160\u0137\u012bsto\u0161\u0101s kolag\u0113na molekulas palielina mitruma l\u012bmeni un redzami izl\u012bdzina \u0101du.<\/p>\n<p data-start=\"441\" data-end=\"522\">100% identiskums dab\u012bgajam kolag\u0113nam garant\u0113 lielisku sader\u012bbu pat ar boj\u0101tu \u0101du.<\/p>\n<p data-start=\"524\" data-end=\"543\"><strong data-start=\"524\" data-end=\"536\">Tilpums:<\/strong> 5 p\u0101ri<\/p>\n","protected":false},"excerpt":{"rendered":"<p data-start=\"744\" data-end=\"783\">Kolag\u0113na pl\u0101ksteri jut\u012bgai \u0101dai ap ac\u012bm<\/p>\n<h2 data-start=\"785\" data-end=\"837\"><strong data-start=\"785\" data-end=\"837\">\u012apa\u0161\u012bbas Reviderm &#8211; Collagen Eye Pads Sensitive+<\/strong><\/h2>\n<p data-start=\"839\" data-end=\"987\">\u2714\ufe0f Nomierina \u0101du un mazina kairin\u0101jumu<br data-start=\"877\" data-end=\"880\" \/>\u2714\ufe0f Samazina t\u016bsku un tum\u0161os lokus<br data-start=\"913\" data-end=\"916\" \/>\u2714\ufe0f Intens\u012bvi mitrina un stiprina \u0101du<br data-start=\"952\" data-end=\"955\" \/>\u2714\ufe0f Izl\u012bdzina smalk\u0101s grumbi\u0146as<\/p>\n","protected":false},"featured_media":63955,"template":"","meta":[],"pwb-brand":[703],"product_brand":[],"product_cat":[733,737,749],"product_tag":[],"giftcard-category":[],"class_list":{"0":"post-73403","1":"product","2":"type-product","3":"status-publish","4":"has-post-thumbnail","6":"pwb-brand-reviderm","7":"product_cat-ada-ap-acim","8":"product_cat-mitrinasana","9":"product_cat-novecojosa-ada","11":"first","12":"instock","13":"taxable","14":"shipping-taxable","15":"purchasable","16":"product-type-simple"},"acf":[],"brands":[{"id":703,"name":"Reviderm","slug":"reviderm"}],"_links":{"self":[{"href":"https:\/\/skinstudio.ee\/lv\/wp-json\/wp\/v2\/product\/73403","targetHints":{"allow":["GET"]}}],"collection":[{"href":"https:\/\/skinstudio.ee\/lv\/wp-json\/wp\/v2\/product"}],"about":[{"href":"https:\/\/skinstudio.ee\/lv\/wp-json\/wp\/v2\/types\/product"}],"version-history":[{"count":1,"href":"https:\/\/skinstudio.ee\/lv\/wp-json\/wp\/v2\/product\/73403\/revisions"}],"predecessor-version":[{"id":73404,"href":"https:\/\/skinstudio.ee\/lv\/wp-json\/wp\/v2\/product\/73403\/revisions\/73404"}],"wp:featuredmedia":[{"embeddable":true,"href":"https:\/\/skinstudio.ee\/lv\/wp-json\/wp\/v2\/media\/63955"}],"wp:attachment":[{"href":"https:\/\/skinstudio.ee\/lv\/wp-json\/wp\/v2\/media?parent=73403"}],"wp:term":[{"taxonomy":"pwb-brand","embeddable":true,"href":"https:\/\/skinstudio.ee\/lv\/wp-json\/wp\/v2\/pwb-brand?post=73403"},{"taxonomy":"product_brand","embeddable":true,"href":"https:\/\/skinstudio.ee\/lv\/wp-json\/wp\/v2\/product_brand?post=73403"},{"taxonomy":"product_cat","embeddable":true,"href":"https:\/\/skinstudio.ee\/lv\/wp-json\/wp\/v2\/product_cat?post=73403"},{"taxonomy":"product_tag","embeddable":true,"href":"https:\/\/skinstudio.ee\/lv\/wp-json\/wp\/v2\/product_tag?post=73403"},{"taxonomy":"giftcard-category","embeddable":true,"href":"https:\/\/skinstudio.ee\/lv\/wp-json\/wp\/v2\/giftcard-category?post=73403"}],"curies":[{"name":"wp","href":"https:\/\/api.w.org\/{rel}","templated":true}]}}