{"id":73410,"date":"2025-07-21T11:20:36","date_gmt":"2025-07-21T11:20:36","guid":{"rendered":"https:\/\/skinstudio.ee\/?post_type=product&#038;p=73410"},"modified":"2026-01-21T13:57:18","modified_gmt":"2026-01-21T13:57:18","slug":"lip-perfection-plumper","status":"publish","type":"product","link":"https:\/\/skinstudio.ee\/lv\/catalog\/reviderm\/lip-perfection-plumper\/","title":{"rendered":"Lip Perfection Plumper"},"content":{"rendered":"<p data-start=\"129\" data-end=\"387\">Koncentr\u0113ts kopjo\u0161s balzams l\u016bpu \u0101das iek\u0161\u0113j\u0101s un \u0101r\u0113j\u0101s tekst\u016bras uzlabo\u0161anai, atjauno l\u016bpu apjomu un pie\u0161\u0137ir t\u0101m maigumu. Tas stimul\u0113 \u0101das pa\u0161as hialuronsk\u0101bes veido\u0161anos un matriksa molekulu atjauno\u0161anos, stiprina saistaudus starp epidermu un dermu (DEJ).<\/p>\n<p data-start=\"389\" data-end=\"477\">Pateicoties da\u017e\u0101diem hialuronsk\u0101bes veidiem, tiek nodro\u0161in\u0101ts notur\u012bgs mitrino\u0161s efekts.<\/p>\n<p data-start=\"479\" data-end=\"609\">Biomim\u0113tisko (\u0101dai identisko) akt\u012bvo sast\u0101vda\u013cu kombin\u0101cija stimul\u0113 kolag\u0113na sint\u0113zi un nodro\u0161ina ilgsto\u0161u pretnoveco\u0161an\u0101s efektu.<\/p>\n<p data-start=\"611\" data-end=\"629\"><strong data-start=\"611\" data-end=\"623\">Tilpums:<\/strong> 15 ml<\/p>\n","protected":false},"excerpt":{"rendered":"<p data-start=\"746\" data-end=\"797\">Barojo\u0161s balzams l\u016bp\u0101m ar apjomu palielino\u0161u efektu<\/p>\n<h2 data-start=\"799\" data-end=\"845\"><strong data-start=\"799\" data-end=\"845\">\u012apa\u0161\u012bbas Reviderm &#8211; Lip Perfection Plumper<\/strong><\/h2>\n<p data-start=\"847\" data-end=\"1082\">\u2714\ufe0f Mitrina un baro l\u016bpu \u0101du<br data-start=\"874\" data-end=\"877\" \/>\u2714\ufe0f Nodro\u0161ina redzamu apjoma palielin\u0101\u0161anas efektu<br data-start=\"926\" data-end=\"929\" \/>\u2714\ufe0f Izl\u012bdzina s\u012bkas plaisi\u0146as un sausumu<br data-start=\"968\" data-end=\"971\" \/>\u2714\ufe0f Uzlabo l\u016bpu kont\u016bru un padara t\u0101s tvirt\u0101kas<br data-start=\"1017\" data-end=\"1020\" \/>\u2714\ufe0f Aizsarg\u0101 no \u0101r\u0113j\u0101s ietekmes un priek\u0161laic\u012bgas noveco\u0161an\u0101s<\/p>\n","protected":false},"featured_media":63960,"template":"","meta":[],"pwb-brand":[703],"product_brand":[],"product_cat":[759],"product_tag":[],"giftcard-category":[],"class_list":{"0":"post-73410","1":"product","2":"type-product","3":"status-publish","4":"has-post-thumbnail","6":"pwb-brand-reviderm","7":"product_cat-lupu-kopsana","9":"first","10":"instock","11":"taxable","12":"shipping-taxable","13":"purchasable","14":"product-type-simple"},"acf":[],"brands":[{"id":703,"name":"Reviderm","slug":"reviderm"}],"_links":{"self":[{"href":"https:\/\/skinstudio.ee\/lv\/wp-json\/wp\/v2\/product\/73410","targetHints":{"allow":["GET"]}}],"collection":[{"href":"https:\/\/skinstudio.ee\/lv\/wp-json\/wp\/v2\/product"}],"about":[{"href":"https:\/\/skinstudio.ee\/lv\/wp-json\/wp\/v2\/types\/product"}],"version-history":[{"count":1,"href":"https:\/\/skinstudio.ee\/lv\/wp-json\/wp\/v2\/product\/73410\/revisions"}],"predecessor-version":[{"id":73411,"href":"https:\/\/skinstudio.ee\/lv\/wp-json\/wp\/v2\/product\/73410\/revisions\/73411"}],"wp:featuredmedia":[{"embeddable":true,"href":"https:\/\/skinstudio.ee\/lv\/wp-json\/wp\/v2\/media\/63960"}],"wp:attachment":[{"href":"https:\/\/skinstudio.ee\/lv\/wp-json\/wp\/v2\/media?parent=73410"}],"wp:term":[{"taxonomy":"pwb-brand","embeddable":true,"href":"https:\/\/skinstudio.ee\/lv\/wp-json\/wp\/v2\/pwb-brand?post=73410"},{"taxonomy":"product_brand","embeddable":true,"href":"https:\/\/skinstudio.ee\/lv\/wp-json\/wp\/v2\/product_brand?post=73410"},{"taxonomy":"product_cat","embeddable":true,"href":"https:\/\/skinstudio.ee\/lv\/wp-json\/wp\/v2\/product_cat?post=73410"},{"taxonomy":"product_tag","embeddable":true,"href":"https:\/\/skinstudio.ee\/lv\/wp-json\/wp\/v2\/product_tag?post=73410"},{"taxonomy":"giftcard-category","embeddable":true,"href":"https:\/\/skinstudio.ee\/lv\/wp-json\/wp\/v2\/giftcard-category?post=73410"}],"curies":[{"name":"wp","href":"https:\/\/api.w.org\/{rel}","templated":true}]}}