{"id":73417,"date":"2025-07-21T11:10:54","date_gmt":"2025-07-21T11:10:54","guid":{"rendered":"https:\/\/skinstudio.ee\/?post_type=product&#038;p=73417"},"modified":"2026-01-21T13:57:18","modified_gmt":"2026-01-21T13:57:18","slug":"eye-lip-improve","status":"publish","type":"product","link":"https:\/\/skinstudio.ee\/lv\/catalog\/reviderm\/eye-lip-improve\/","title":{"rendered":"Eye &#038; Lip Improve"},"content":{"rendered":"<p data-start=\"128\" data-end=\"450\">Stiprino\u0161s kopjo\u0161s kr\u0113ms \u0101dai ap ac\u012bm un l\u016bp\u0101m. Univers\u0101ls l\u012bdzeklis, ko var lietot gan k\u0101 masku, gan ikdienas kop\u0161anai \u013coti saus\u0101m zon\u0101m ap ac\u012bm un l\u016bp\u0101m. Tr\u012bsk\u0101r\u0161s kolag\u0113na aktivators, kas izgatavots no augsto tehnolo\u0123iju pept\u012bdiem, stimul\u0113 kolag\u0113na veido\u0161anos, piepilda audus, izl\u012bdzina un stiprina acu un l\u016bpu kont\u016bru.<\/p>\n<p data-start=\"452\" data-end=\"470\"><strong data-start=\"452\" data-end=\"464\">Tilpums:<\/strong> 30 ml<\/p>\n","protected":false},"excerpt":{"rendered":"<p data-start=\"658\" data-end=\"685\">Kr\u0113ms \u0101dai ap ac\u012bm un l\u016bp\u0101m<\/p>\n<h2 data-start=\"687\" data-end=\"728\"><strong data-start=\"687\" data-end=\"728\">\u012apa\u0161\u012bbas Reviderm &#8211; Eye &amp; Lip Improve<\/strong><\/h2>\n<p data-start=\"730\" data-end=\"1012\">\u2714\ufe0f Samazina grumbas un stiprina \u0101du acu un l\u016bpu zon\u0101<br data-start=\"782\" data-end=\"785\" \/>\u2714\ufe0f Stimul\u0113 kolag\u0113na sint\u0113zi un palielina elast\u012bbu<br data-start=\"834\" data-end=\"837\" \/>\u2714\ufe0f Nomierina jut\u012bgu \u0101du un mazina kairin\u0101jumu<br data-start=\"882\" data-end=\"885\" \/>\u2714\ufe0f Uzlabo mikrocirkul\u0101ciju un pie\u0161\u0137ir \u0101dai svaigu izskatu<br data-start=\"942\" data-end=\"945\" \/>\u2714\ufe0f Aizsarg\u0101 no br\u012bvajiem radik\u0101\u013ciem un priek\u0161laic\u012bgas noveco\u0161an\u0101s<\/p>\n","protected":false},"featured_media":63965,"template":"","meta":[],"pwb-brand":[703],"product_brand":[],"product_cat":[733,759,737,749,739],"product_tag":[],"giftcard-category":[],"class_list":{"0":"post-73417","1":"product","2":"type-product","3":"status-publish","4":"has-post-thumbnail","6":"pwb-brand-reviderm","7":"product_cat-ada-ap-acim","8":"product_cat-lupu-kopsana","9":"product_cat-mitrinasana","10":"product_cat-novecojosa-ada","11":"product_cat-sausai-adai","13":"first","14":"instock","15":"taxable","16":"shipping-taxable","17":"purchasable","18":"product-type-simple"},"acf":[],"brands":[{"id":703,"name":"Reviderm","slug":"reviderm"}],"_links":{"self":[{"href":"https:\/\/skinstudio.ee\/lv\/wp-json\/wp\/v2\/product\/73417","targetHints":{"allow":["GET"]}}],"collection":[{"href":"https:\/\/skinstudio.ee\/lv\/wp-json\/wp\/v2\/product"}],"about":[{"href":"https:\/\/skinstudio.ee\/lv\/wp-json\/wp\/v2\/types\/product"}],"version-history":[{"count":1,"href":"https:\/\/skinstudio.ee\/lv\/wp-json\/wp\/v2\/product\/73417\/revisions"}],"predecessor-version":[{"id":73418,"href":"https:\/\/skinstudio.ee\/lv\/wp-json\/wp\/v2\/product\/73417\/revisions\/73418"}],"wp:featuredmedia":[{"embeddable":true,"href":"https:\/\/skinstudio.ee\/lv\/wp-json\/wp\/v2\/media\/63965"}],"wp:attachment":[{"href":"https:\/\/skinstudio.ee\/lv\/wp-json\/wp\/v2\/media?parent=73417"}],"wp:term":[{"taxonomy":"pwb-brand","embeddable":true,"href":"https:\/\/skinstudio.ee\/lv\/wp-json\/wp\/v2\/pwb-brand?post=73417"},{"taxonomy":"product_brand","embeddable":true,"href":"https:\/\/skinstudio.ee\/lv\/wp-json\/wp\/v2\/product_brand?post=73417"},{"taxonomy":"product_cat","embeddable":true,"href":"https:\/\/skinstudio.ee\/lv\/wp-json\/wp\/v2\/product_cat?post=73417"},{"taxonomy":"product_tag","embeddable":true,"href":"https:\/\/skinstudio.ee\/lv\/wp-json\/wp\/v2\/product_tag?post=73417"},{"taxonomy":"giftcard-category","embeddable":true,"href":"https:\/\/skinstudio.ee\/lv\/wp-json\/wp\/v2\/giftcard-category?post=73417"}],"curies":[{"name":"wp","href":"https:\/\/api.w.org\/{rel}","templated":true}]}}