{"id":73424,"date":"2025-07-20T11:44:08","date_gmt":"2025-07-20T11:44:08","guid":{"rendered":"https:\/\/skinstudio.ee\/?post_type=product&#038;p=73424"},"modified":"2026-01-21T13:57:18","modified_gmt":"2026-01-21T13:57:18","slug":"eye-c-perfection","status":"publish","type":"product","link":"https:\/\/skinstudio.ee\/lv\/catalog\/reviderm\/eye-c-perfection\/","title":{"rendered":"Eye C Perfection"},"content":{"rendered":"<p data-start=\"120\" data-end=\"485\">C vitam\u012bns dzi\u013ci iek\u013c\u016bst \u0101d\u0101 un stimul\u0113 jauna kolag\u0113na veido\u0161anos. \u0100dai identiskie lip\u012bdi un hialuronsk\u0101be pal\u012bdz notur\u0113t mitrumu \u0101d\u0101. Mang\u0101ns un kofe\u012bns uzlabo \u0101das dabisko mikrocirkul\u0101ciju un samazina tum\u0161os lokus zem ac\u012bm. \u012apa\u0161i maiga kr\u0113ma formula ir piem\u0113rota jut\u012bgai \u0101dai. Samazin\u0101s grumbas un tum\u0161ie loki zem ac\u012bm, un \u0101dai ap ac\u012bm atgrie\u017eas dabisk\u0101 elast\u012bba.<\/p>\n<p data-start=\"487\" data-end=\"505\"><strong data-start=\"487\" data-end=\"499\">Tilpums:<\/strong> 15 ml<\/p>\n","protected":false},"excerpt":{"rendered":"<p data-start=\"563\" data-end=\"596\">Intens\u012bvs acu kr\u0113ms ar C vitam\u012bnu<\/p>\n<h2 data-start=\"598\" data-end=\"638\"><strong data-start=\"598\" data-end=\"638\">\u012apa\u0161\u012bbas Reviderm &#8211; Eye C Perfection<\/strong><\/h2>\n<p data-start=\"640\" data-end=\"924\">\u2714\ufe0f Padara \u0101du gai\u0161\u0101ku un samazina tum\u0161os lokus<br data-start=\"686\" data-end=\"689\" \/>\u2714\ufe0f Stiprina \u0101du ap ac\u012bm un pal\u012bdz mazin\u0101t t\u016bsku<br data-start=\"736\" data-end=\"739\" \/>\u2714\ufe0f Samazina grumbas un pal\u012bdz nov\u0113rst to veido\u0161anos<br data-start=\"790\" data-end=\"793\" \/>\u2714\ufe0f Uzlabo mikrocirkul\u0101ciju un palielina \u0101das tvirtumu<br data-start=\"846\" data-end=\"849\" \/>\u2714\ufe0f Piem\u012bt antioksidanta iedarb\u012bba un aizsarg\u0101 no \u0101r\u0113jiem stresa faktoriem<\/p>\n","protected":false},"featured_media":63970,"template":"","meta":[],"pwb-brand":[703],"product_brand":[],"product_cat":[733,745,749],"product_tag":[],"giftcard-category":[],"class_list":{"0":"post-73424","1":"product","2":"type-product","3":"status-publish","4":"has-post-thumbnail","6":"pwb-brand-reviderm","7":"product_cat-ada-ap-acim","8":"product_cat-jutigai-adai","9":"product_cat-novecojosa-ada","11":"first","12":"instock","13":"taxable","14":"shipping-taxable","15":"purchasable","16":"product-type-simple"},"acf":[],"brands":[{"id":703,"name":"Reviderm","slug":"reviderm"}],"_links":{"self":[{"href":"https:\/\/skinstudio.ee\/lv\/wp-json\/wp\/v2\/product\/73424","targetHints":{"allow":["GET"]}}],"collection":[{"href":"https:\/\/skinstudio.ee\/lv\/wp-json\/wp\/v2\/product"}],"about":[{"href":"https:\/\/skinstudio.ee\/lv\/wp-json\/wp\/v2\/types\/product"}],"version-history":[{"count":1,"href":"https:\/\/skinstudio.ee\/lv\/wp-json\/wp\/v2\/product\/73424\/revisions"}],"predecessor-version":[{"id":73425,"href":"https:\/\/skinstudio.ee\/lv\/wp-json\/wp\/v2\/product\/73424\/revisions\/73425"}],"wp:featuredmedia":[{"embeddable":true,"href":"https:\/\/skinstudio.ee\/lv\/wp-json\/wp\/v2\/media\/63970"}],"wp:attachment":[{"href":"https:\/\/skinstudio.ee\/lv\/wp-json\/wp\/v2\/media?parent=73424"}],"wp:term":[{"taxonomy":"pwb-brand","embeddable":true,"href":"https:\/\/skinstudio.ee\/lv\/wp-json\/wp\/v2\/pwb-brand?post=73424"},{"taxonomy":"product_brand","embeddable":true,"href":"https:\/\/skinstudio.ee\/lv\/wp-json\/wp\/v2\/product_brand?post=73424"},{"taxonomy":"product_cat","embeddable":true,"href":"https:\/\/skinstudio.ee\/lv\/wp-json\/wp\/v2\/product_cat?post=73424"},{"taxonomy":"product_tag","embeddable":true,"href":"https:\/\/skinstudio.ee\/lv\/wp-json\/wp\/v2\/product_tag?post=73424"},{"taxonomy":"giftcard-category","embeddable":true,"href":"https:\/\/skinstudio.ee\/lv\/wp-json\/wp\/v2\/giftcard-category?post=73424"}],"curies":[{"name":"wp","href":"https:\/\/api.w.org\/{rel}","templated":true}]}}