{"id":73431,"date":"2025-07-19T11:43:51","date_gmt":"2025-07-19T11:43:51","guid":{"rendered":"https:\/\/skinstudio.ee\/?post_type=product&#038;p=73431"},"modified":"2026-01-21T13:57:21","modified_gmt":"2026-01-21T13:57:21","slug":"remodelling-eye-gel","status":"publish","type":"product","link":"https:\/\/skinstudio.ee\/lv\/catalog\/reviderm\/remodelling-eye-gel\/","title":{"rendered":"Remodelling Eye Gel"},"content":{"rendered":"<p data-start=\"129\" data-end=\"274\">G\u0113ls izl\u012bdzina \u0101du un model\u0113 zonu ap ac\u012bm. Jaun\u0101s paaudzes hialuronsk\u0101be ar da\u017e\u0101du molekulmasu nodro\u0161ina sp\u0113c\u012bgu un ilgsto\u0161u mitrino\u0161u iedarb\u012bbu.<\/p>\n<p data-start=\"276\" data-end=\"419\">Dab\u012bgais mitrino\u0161ais komponents (NMF) darbojas k\u0101 mitruma magn\u0113ts, notur un saglab\u0101 mitrumu \u0101d\u0101 l\u012bdz pat 72 stund\u0101m pat pie zema gaisa mitruma.<\/p>\n<p data-start=\"421\" data-end=\"567\">Trifluoroacetil tripept\u012bds-2 stiprina jut\u012bgo \u0101du ap ac\u012bm. \u0160is biomim\u0113tiskais pept\u012bds nom\u0101c fermentus, kas no\u0101rda kolag\u0113nu, un stiprina saistaudus.<\/p>\n<p data-start=\"569\" data-end=\"635\">Nesatur lip\u012bdus. G\u0113ls \u0101tri ies\u016bcas, padarot \u0101du maigu un samtainu.<\/p>\n<p data-start=\"637\" data-end=\"655\"><strong data-start=\"637\" data-end=\"649\">Tilpums:<\/strong> 15 ml<\/p>\n","protected":false},"excerpt":{"rendered":"<p data-start=\"747\" data-end=\"785\">G\u0113ls intens\u012bvam liftingam \u0101dai ap ac\u012bm<\/p>\n<h2 data-start=\"787\" data-end=\"830\"><strong data-start=\"787\" data-end=\"830\">\u012apa\u0161\u012bbas Reviderm &#8211; Remodelling Eye Gel<\/strong><\/h2>\n<p data-start=\"832\" data-end=\"1054\">\u2714\ufe0f Nodro\u0161ina izteiktu liftinga efektu<br data-start=\"869\" data-end=\"872\" \/>\u2714\ufe0f Stiprina un savelk \u0101du ap ac\u012bm<br data-start=\"905\" data-end=\"908\" \/>\u2714\ufe0f Samazina grumbu dzi\u013cumu un \u201cv\u0101rnu k\u0101ji\u0146as\u201d<br data-start=\"953\" data-end=\"956\" \/>\u2714\ufe0f Palielina \u0101das tvirtumu un elast\u012bbu<br data-start=\"994\" data-end=\"997\" \/>\u2714\ufe0f Atsvaidzina un izl\u012bdzina \u0101du, pie\u0161\u0137irot tai mirdzumu<\/p>\n","protected":false},"featured_media":63975,"template":"","meta":[],"pwb-brand":[703],"product_brand":[],"product_cat":[733,737],"product_tag":[],"giftcard-category":[],"class_list":{"0":"post-73431","1":"product","2":"type-product","3":"status-publish","4":"has-post-thumbnail","6":"pwb-brand-reviderm","7":"product_cat-ada-ap-acim","8":"product_cat-mitrinasana","10":"first","11":"instock","12":"taxable","13":"shipping-taxable","14":"purchasable","15":"product-type-simple"},"acf":[],"brands":[{"id":703,"name":"Reviderm","slug":"reviderm"}],"_links":{"self":[{"href":"https:\/\/skinstudio.ee\/lv\/wp-json\/wp\/v2\/product\/73431","targetHints":{"allow":["GET"]}}],"collection":[{"href":"https:\/\/skinstudio.ee\/lv\/wp-json\/wp\/v2\/product"}],"about":[{"href":"https:\/\/skinstudio.ee\/lv\/wp-json\/wp\/v2\/types\/product"}],"version-history":[{"count":1,"href":"https:\/\/skinstudio.ee\/lv\/wp-json\/wp\/v2\/product\/73431\/revisions"}],"predecessor-version":[{"id":73432,"href":"https:\/\/skinstudio.ee\/lv\/wp-json\/wp\/v2\/product\/73431\/revisions\/73432"}],"wp:featuredmedia":[{"embeddable":true,"href":"https:\/\/skinstudio.ee\/lv\/wp-json\/wp\/v2\/media\/63975"}],"wp:attachment":[{"href":"https:\/\/skinstudio.ee\/lv\/wp-json\/wp\/v2\/media?parent=73431"}],"wp:term":[{"taxonomy":"pwb-brand","embeddable":true,"href":"https:\/\/skinstudio.ee\/lv\/wp-json\/wp\/v2\/pwb-brand?post=73431"},{"taxonomy":"product_brand","embeddable":true,"href":"https:\/\/skinstudio.ee\/lv\/wp-json\/wp\/v2\/product_brand?post=73431"},{"taxonomy":"product_cat","embeddable":true,"href":"https:\/\/skinstudio.ee\/lv\/wp-json\/wp\/v2\/product_cat?post=73431"},{"taxonomy":"product_tag","embeddable":true,"href":"https:\/\/skinstudio.ee\/lv\/wp-json\/wp\/v2\/product_tag?post=73431"},{"taxonomy":"giftcard-category","embeddable":true,"href":"https:\/\/skinstudio.ee\/lv\/wp-json\/wp\/v2\/giftcard-category?post=73431"}],"curies":[{"name":"wp","href":"https:\/\/api.w.org\/{rel}","templated":true}]}}