{"id":73438,"date":"2025-07-19T11:32:36","date_gmt":"2025-07-19T11:32:36","guid":{"rendered":"https:\/\/skinstudio.ee\/?post_type=product&#038;p=73438"},"modified":"2026-01-21T13:57:21","modified_gmt":"2026-01-21T13:57:21","slug":"speed-lift-ampoule","status":"publish","type":"product","link":"https:\/\/skinstudio.ee\/lv\/catalog\/reviderm\/speed-lift-ampoule\/","title":{"rendered":"Speed Lift Ampoule"},"content":{"rendered":"<p data-start=\"173\" data-end=\"719\">Speed Lift Ampule ir t\u016bl\u012bt\u0113jas iedarb\u012bbas ampulas ar biotehnolo\u0123isku liftinga faktoru, kas nodro\u0161ina \u0101das mikroliftinga efektu. Akt\u012bv\u0101s sast\u0101vda\u013cas koncentr\u0101ts ar moment\u0101nu savelko\u0161u iedarb\u012bbu \u012bpa\u0161iem dz\u012bves mirk\u013ciem. Pateicoties biotehnolo\u0123iskajam liftinga faktoram, \u0101da jau p\u0113c da\u017e\u0101m min\u016bt\u0113m k\u013c\u016bst man\u0101mi glud\u0101ka un tvirt\u0101ka. Tekst\u016bra pie\u0161\u0137ir vienm\u0113r\u012bgu, starojo\u0161u sejas toni un ir ide\u0101li piem\u0113rota lieto\u0161anai k\u0101 grima b\u0101ze. Ampula ar unik\u0101lu efektu nodro\u0161ina svaigumu, mirdzumu un t\u016bl\u012bt\u0113ju savelko\u0161u efektu, kas saglab\u0101jas visas dienas garum\u0101.<\/p>\n<p data-start=\"721\" data-end=\"772\">Speed Lift Ampule ir piem\u0113rotas visiem \u0101das tipiem.<\/p>\n<p data-start=\"774\" data-end=\"795\"><strong data-start=\"774\" data-end=\"786\">Tilpums:<\/strong> 3 x 2 ml<\/p>\n","protected":false},"excerpt":{"rendered":"<p data-start=\"1189\" data-end=\"1214\">Intens\u012bva liftinga ampula<\/p>\n<h2 data-start=\"1216\" data-end=\"1258\"><strong data-start=\"1216\" data-end=\"1258\">\u012apa\u0161\u012bbas Reviderm &#8211; Speed Lift Ampoule<\/strong><\/h2>\n<p data-start=\"1260\" data-end=\"1464\">\u2714\ufe0f Nodro\u0161ina t\u016bl\u012bt\u0113ju liftinga efektu<br data-start=\"1297\" data-end=\"1300\" \/>\u2714\ufe0f Stiprina \u0101das strukt\u016bru un palielina tvirtumu<br data-start=\"1348\" data-end=\"1351\" \/>\u2714\ufe0f Izl\u012bdzina m\u012bmisk\u0101s un dzi\u013c\u0101s grumbas<br data-start=\"1390\" data-end=\"1393\" \/>\u2714\ufe0f Mitrina un toniz\u0113 \u0101du<br data-start=\"1417\" data-end=\"1420\" \/>\u2714\ufe0f Uzlabo mikrocirkul\u0101ciju un \u0101das izskatu<\/p>\n","protected":false},"featured_media":39621,"template":"","meta":[],"pwb-brand":[703],"product_brand":[],"product_cat":[737,749,723],"product_tag":[],"giftcard-category":[],"class_list":{"0":"post-73438","1":"product","2":"type-product","3":"status-publish","4":"has-post-thumbnail","6":"pwb-brand-reviderm","7":"product_cat-mitrinasana","8":"product_cat-novecojosa-ada","9":"product_cat-serumi","11":"first","12":"instock","13":"taxable","14":"shipping-taxable","15":"purchasable","16":"product-type-simple"},"acf":[],"brands":[{"id":703,"name":"Reviderm","slug":"reviderm"}],"_links":{"self":[{"href":"https:\/\/skinstudio.ee\/lv\/wp-json\/wp\/v2\/product\/73438","targetHints":{"allow":["GET"]}}],"collection":[{"href":"https:\/\/skinstudio.ee\/lv\/wp-json\/wp\/v2\/product"}],"about":[{"href":"https:\/\/skinstudio.ee\/lv\/wp-json\/wp\/v2\/types\/product"}],"version-history":[{"count":1,"href":"https:\/\/skinstudio.ee\/lv\/wp-json\/wp\/v2\/product\/73438\/revisions"}],"predecessor-version":[{"id":73439,"href":"https:\/\/skinstudio.ee\/lv\/wp-json\/wp\/v2\/product\/73438\/revisions\/73439"}],"wp:featuredmedia":[{"embeddable":true,"href":"https:\/\/skinstudio.ee\/lv\/wp-json\/wp\/v2\/media\/39621"}],"wp:attachment":[{"href":"https:\/\/skinstudio.ee\/lv\/wp-json\/wp\/v2\/media?parent=73438"}],"wp:term":[{"taxonomy":"pwb-brand","embeddable":true,"href":"https:\/\/skinstudio.ee\/lv\/wp-json\/wp\/v2\/pwb-brand?post=73438"},{"taxonomy":"product_brand","embeddable":true,"href":"https:\/\/skinstudio.ee\/lv\/wp-json\/wp\/v2\/product_brand?post=73438"},{"taxonomy":"product_cat","embeddable":true,"href":"https:\/\/skinstudio.ee\/lv\/wp-json\/wp\/v2\/product_cat?post=73438"},{"taxonomy":"product_tag","embeddable":true,"href":"https:\/\/skinstudio.ee\/lv\/wp-json\/wp\/v2\/product_tag?post=73438"},{"taxonomy":"giftcard-category","embeddable":true,"href":"https:\/\/skinstudio.ee\/lv\/wp-json\/wp\/v2\/giftcard-category?post=73438"}],"curies":[{"name":"wp","href":"https:\/\/api.w.org\/{rel}","templated":true}]}}