{"id":73445,"date":"2025-07-19T11:23:29","date_gmt":"2025-07-19T11:23:29","guid":{"rendered":"https:\/\/skinstudio.ee\/?post_type=product&#038;p=73445"},"modified":"2026-01-21T13:57:21","modified_gmt":"2026-01-21T13:57:21","slug":"speed-glow-ampoule","status":"publish","type":"product","link":"https:\/\/skinstudio.ee\/lv\/catalog\/reviderm\/speed-glow-ampoule\/","title":{"rendered":"Speed Glow Ampoule"},"content":{"rendered":"<p data-start=\"136\" data-end=\"897\">Speed Glow Ampule ir t\u016bl\u012bt\u0113jas iedarb\u012bbas ampulas ar ener\u0123ijas kompleksu mikrocirkul\u0101cijas aktiviz\u0113\u0161anai un \u0101das atjauno\u0161anai ar mirdzuma efektu, kas \u0101tri padara sejas toni svaigu, bet \u0101du \u2013 jaunekl\u012bgu. Redzamas \u0101das vitalit\u0101tes un starojo\u0161a sejas to\u0146a pamat\u0101 ir laba asins mikrocirkul\u0101cija. Paties\u012bb\u0101 sejas tonim ir iz\u0161\u0137iro\u0161a noz\u012bme jaun\u012bbas un skaistuma uztver\u0113. Speed Glow Ampule satur kofe\u012bnu, evodijas aug\u013cu ekstraktu un malah\u012bta ekstraktu, kas stimul\u0113 fiziolo\u0123isko asinsvadu kust\u012bbas sign\u0101lce\u013cu un ietekm\u0113 asinsvadu sarau\u0161anos un atsl\u0101bin\u0101\u0161anos. \u0160ie komponenti aktiviz\u0113 mikrocirkul\u0101ciju un atjauno jaunekl\u012bgas \u0101das mirdzumu. Stimul\u0113jot sk\u0101bek\u013ca un ener\u0123ijas apmai\u0146u, skaistumkop\u0161anas produkts nodro\u0161ina svaigu, pies\u0101tin\u0101tu un ener\u0123ijas pilnu \u0101das izskatu.<\/p>\n<p data-start=\"899\" data-end=\"1057\">Speed Glow ampulas ir ide\u0101li piem\u0113rotas visiem \u0101das tipiem, \u012bpa\u0161i \u0101dai ar v\u0101ju mikrocirkul\u0101ciju un samazin\u0101tu vielmai\u0146as aktivit\u0101ti, k\u0101 ar\u012b b\u0101lam sejas tonim.<\/p>\n<p data-start=\"1059\" data-end=\"1080\"><strong data-start=\"1059\" data-end=\"1071\">Tilpums:<\/strong> 3 x 2 ml<\/p>\n","protected":false},"excerpt":{"rendered":"<p data-start=\"1474\" data-end=\"1500\">Ampula t\u016bl\u012bt\u0113jam mirdzumam<\/p>\n<h2 data-start=\"1502\" data-end=\"1544\"><strong data-start=\"1502\" data-end=\"1544\">\u012apa\u0161\u012bbas Reviderm &#8211; Speed Glow Ampoule<\/strong><\/h2>\n<p data-start=\"1546\" data-end=\"1778\">\u2714\ufe0f Pie\u0161\u0137ir \u0101dai mirdzumu un svaigu izskatu<br data-start=\"1588\" data-end=\"1591\" \/>\u2714\ufe0f Izl\u012bdzina \u0101das toni un tekst\u016bru<br data-start=\"1625\" data-end=\"1628\" \/>\u2714\ufe0f Uzlabo mikrocirkul\u0101ciju un piepilda \u0101du ar ener\u0123iju<br data-start=\"1682\" data-end=\"1685\" \/>\u2714\ufe0f \u0100tri atjauno noguru\u0161u un bl\u0101vu \u0101du<br data-start=\"1722\" data-end=\"1725\" \/>\u2714\ufe0f Ide\u0101li piem\u0113rota k\u0101 grima b\u0101ze mirdzo\u0161am fini\u0161am<\/p>\n","protected":false},"featured_media":39607,"template":"","meta":[],"pwb-brand":[703],"product_brand":[],"product_cat":[745,737,723],"product_tag":[],"giftcard-category":[],"class_list":{"0":"post-73445","1":"product","2":"type-product","3":"status-publish","4":"has-post-thumbnail","6":"pwb-brand-reviderm","7":"product_cat-jutigai-adai","8":"product_cat-mitrinasana","9":"product_cat-serumi","11":"first","12":"instock","13":"taxable","14":"shipping-taxable","15":"purchasable","16":"product-type-simple"},"acf":[],"brands":[{"id":703,"name":"Reviderm","slug":"reviderm"}],"_links":{"self":[{"href":"https:\/\/skinstudio.ee\/lv\/wp-json\/wp\/v2\/product\/73445","targetHints":{"allow":["GET"]}}],"collection":[{"href":"https:\/\/skinstudio.ee\/lv\/wp-json\/wp\/v2\/product"}],"about":[{"href":"https:\/\/skinstudio.ee\/lv\/wp-json\/wp\/v2\/types\/product"}],"version-history":[{"count":1,"href":"https:\/\/skinstudio.ee\/lv\/wp-json\/wp\/v2\/product\/73445\/revisions"}],"predecessor-version":[{"id":73446,"href":"https:\/\/skinstudio.ee\/lv\/wp-json\/wp\/v2\/product\/73445\/revisions\/73446"}],"wp:featuredmedia":[{"embeddable":true,"href":"https:\/\/skinstudio.ee\/lv\/wp-json\/wp\/v2\/media\/39607"}],"wp:attachment":[{"href":"https:\/\/skinstudio.ee\/lv\/wp-json\/wp\/v2\/media?parent=73445"}],"wp:term":[{"taxonomy":"pwb-brand","embeddable":true,"href":"https:\/\/skinstudio.ee\/lv\/wp-json\/wp\/v2\/pwb-brand?post=73445"},{"taxonomy":"product_brand","embeddable":true,"href":"https:\/\/skinstudio.ee\/lv\/wp-json\/wp\/v2\/product_brand?post=73445"},{"taxonomy":"product_cat","embeddable":true,"href":"https:\/\/skinstudio.ee\/lv\/wp-json\/wp\/v2\/product_cat?post=73445"},{"taxonomy":"product_tag","embeddable":true,"href":"https:\/\/skinstudio.ee\/lv\/wp-json\/wp\/v2\/product_tag?post=73445"},{"taxonomy":"giftcard-category","embeddable":true,"href":"https:\/\/skinstudio.ee\/lv\/wp-json\/wp\/v2\/giftcard-category?post=73445"}],"curies":[{"name":"wp","href":"https:\/\/api.w.org\/{rel}","templated":true}]}}