{"id":73454,"date":"2025-07-19T11:09:02","date_gmt":"2025-07-19T11:09:02","guid":{"rendered":"https:\/\/skinstudio.ee\/?post_type=product&#038;p=73454"},"modified":"2026-01-21T13:57:16","modified_gmt":"2026-01-21T13:57:16","slug":"b3-brightening-ampoule","status":"publish","type":"product","link":"https:\/\/skinstudio.ee\/lv\/catalog\/reviderm\/b3-brightening-ampoule\/","title":{"rendered":"B3 Brightening Ampoule"},"content":{"rendered":"<p data-start=\"136\" data-end=\"1059\">B3 Brightening Ampule ir serums \u0101das izgaismo\u0161anai un sejas to\u0146a izl\u012bdzin\u0101\u0161anai. Formulas pamat\u0101 ir jaun\u012bbas un skaistuma vitam\u012bns \u2013 B3 vitam\u012bns. Pareiz\u0101 koncentr\u0101cij\u0101 tas ne tikai uzlabo \u0161\u016bnu atjauno\u0161anos un elast\u012bbu, bet ar\u012b efekt\u012bvi samazina nevienm\u0113r\u012bgu pigment\u0101ciju un izl\u012bdzina sejas toni neatkar\u012bgi no t\u0101, kas ir problem\u0101tisk\u0101 sejas to\u0146a c\u0113lonis \u2013 pigment\u0101cijas plankumi, nepareiza pigment\u0101cija vai aps\u0101rtumi. Pateicoties antioksidanta iedarb\u012bbai, tas samazina fotoboj\u0101jumus un nov\u0113r\u0161 iekaisumus. Komponents ar\u012b uzlabo sejas toni, mazina bl\u0101vumu, nomierina iekaisumus, c\u012bn\u0101s ar akni, pal\u0113nina noveco\u0161an\u0101s procesus un palielina \u0101das elast\u012bbu. Turkl\u0101t formulas sast\u0101vs ir papildin\u0101ts ar hialuronsk\u0101bi, alanto\u012bnu un pantenolu, kas intens\u012bvi mitrina, atjauno mitruma l\u012bmeni, stimul\u0113 kolag\u0113na sint\u0113zi un atjauno \u0101das barjeru. Serums r\u016bp\u0113jas par \u0101du un iev\u0113rojami samazina ar pigment\u0101cijas trauc\u0113jumiem saist\u012btos tr\u016bkumus.<\/p>\n<p data-start=\"1061\" data-end=\"1175\">Piem\u0113rots visiem \u0101das tipiem, kuriem nepiecie\u0161ama re\u0123ener\u0101cija, \u012bpa\u0161i nobriedu\u0161ai \u0101dai ar nevienm\u0113r\u012bgu sejas toni.<\/p>\n<p data-start=\"1177\" data-end=\"1198\"><strong data-start=\"1177\" data-end=\"1189\">Tilpums:<\/strong> 3 x 2 ml<\/p>\n","protected":false},"excerpt":{"rendered":"<p data-start=\"1592\" data-end=\"1613\">Ampula ar B3 vitam\u012bnu<\/p>\n<h2 data-start=\"1615\" data-end=\"1661\"><strong data-start=\"1615\" data-end=\"1661\">\u012apa\u0161\u012bbas Reviderm &#8211; B3 Brightening Ampoule<\/strong><\/h2>\n<p data-start=\"1663\" data-end=\"1846\">\u2714\ufe0f Padara \u0101du gai\u0161\u0101ku un samazina pigment\u0101ciju<br data-start=\"1709\" data-end=\"1712\" \/>\u2714\ufe0f Izl\u012bdzina \u0101das toni un uzlabo mirdzumu<br data-start=\"1753\" data-end=\"1756\" \/>\u2714\ufe0f Stiprina \u0101das barjeru un palielina t\u0101s iztur\u012bbu<br data-start=\"1806\" data-end=\"1809\" \/>\u2714\ufe0f Samazina iekaisumus un aps\u0101rtumu<\/p>\n","protected":false},"featured_media":63980,"template":"","meta":[],"pwb-brand":[703],"product_brand":[],"product_cat":[741,749,751,723],"product_tag":[],"giftcard-category":[],"class_list":{"0":"post-73454","1":"product","2":"type-product","3":"status-publish","4":"has-post-thumbnail","6":"pwb-brand-reviderm","7":"product_cat-izsitumi","8":"product_cat-novecojosa-ada","9":"product_cat-pigmentacija","10":"product_cat-serumi","12":"first","13":"instock","14":"taxable","15":"shipping-taxable","16":"purchasable","17":"product-type-simple"},"acf":[],"brands":[{"id":703,"name":"Reviderm","slug":"reviderm"}],"_links":{"self":[{"href":"https:\/\/skinstudio.ee\/lv\/wp-json\/wp\/v2\/product\/73454","targetHints":{"allow":["GET"]}}],"collection":[{"href":"https:\/\/skinstudio.ee\/lv\/wp-json\/wp\/v2\/product"}],"about":[{"href":"https:\/\/skinstudio.ee\/lv\/wp-json\/wp\/v2\/types\/product"}],"version-history":[{"count":1,"href":"https:\/\/skinstudio.ee\/lv\/wp-json\/wp\/v2\/product\/73454\/revisions"}],"predecessor-version":[{"id":73455,"href":"https:\/\/skinstudio.ee\/lv\/wp-json\/wp\/v2\/product\/73454\/revisions\/73455"}],"wp:featuredmedia":[{"embeddable":true,"href":"https:\/\/skinstudio.ee\/lv\/wp-json\/wp\/v2\/media\/63980"}],"wp:attachment":[{"href":"https:\/\/skinstudio.ee\/lv\/wp-json\/wp\/v2\/media?parent=73454"}],"wp:term":[{"taxonomy":"pwb-brand","embeddable":true,"href":"https:\/\/skinstudio.ee\/lv\/wp-json\/wp\/v2\/pwb-brand?post=73454"},{"taxonomy":"product_brand","embeddable":true,"href":"https:\/\/skinstudio.ee\/lv\/wp-json\/wp\/v2\/product_brand?post=73454"},{"taxonomy":"product_cat","embeddable":true,"href":"https:\/\/skinstudio.ee\/lv\/wp-json\/wp\/v2\/product_cat?post=73454"},{"taxonomy":"product_tag","embeddable":true,"href":"https:\/\/skinstudio.ee\/lv\/wp-json\/wp\/v2\/product_tag?post=73454"},{"taxonomy":"giftcard-category","embeddable":true,"href":"https:\/\/skinstudio.ee\/lv\/wp-json\/wp\/v2\/giftcard-category?post=73454"}],"curies":[{"name":"wp","href":"https:\/\/api.w.org\/{rel}","templated":true}]}}