{"id":73461,"date":"2025-07-19T10:22:52","date_gmt":"2025-07-19T10:22:52","guid":{"rendered":"https:\/\/skinstudio.ee\/?post_type=product&#038;p=73461"},"modified":"2026-01-21T13:57:16","modified_gmt":"2026-01-21T13:57:16","slug":"aha-refining-ampoule","status":"publish","type":"product","link":"https:\/\/skinstudio.ee\/lv\/catalog\/reviderm\/aha-refining-ampoule\/","title":{"rendered":"AHA Refining Ampoule"},"content":{"rendered":"<p data-start=\"136\" data-end=\"951\">AHA Refining Ampoule ir kopjo\u0161a ampula \u0101das att\u012br\u012b\u0161anai un sejas to\u0146a uzlabo\u0161anai. T\u0101 p\u0101rveido \u0101du, pateicoties AHA sk\u0101bju kompleksam: glikolsk\u0101be, citronsk\u0101be, piensk\u0101be un \u0101bolsk\u0101be att\u012bra \u0101du, iz\u0161\u0137\u012bdinot atmiru\u0161\u0101s \u0161\u016bnas, izl\u012bdzina mikroreljefu un uzlabo sejas toni. Keratol\u012btisk\u0101s aug\u013csk\u0101bes stimul\u0113 \u0161\u016bnu dal\u012b\u0161anos, aktiviz\u0113 \u0101das regul\u0113jo\u0161os meh\u0101nismus un atjauno t\u0101s funkcijas. \u0160\u016bnas sa\u0146em re\u0123ener\u0101cijas impulsu, \u0101da k\u013c\u016bst glud\u0101ka. Kopum\u0101 \u0101das izskats tiek optimiz\u0113ts, bet virsma k\u013c\u016bst gluda un elast\u012bga: poras tiek att\u012br\u012btas, l\u012bnijas un s\u012bk\u0101s krunci\u0146as samazin\u0101s, tiek no\u0146emts nev\u0113lams sp\u012bdums un iev\u0113rojami samazin\u0101s melno punktu daudzums. L\u012bdzek\u013ca paaugstin\u0101tais sk\u0101bums ar pH 3,5 stabiliz\u0113 \u0101das dabisko hidrolip\u012bdu sl\u0101ni un kav\u0113 aknes bakt\u0113riju (Cutibacterium acnes) vairo\u0161anos, samazinot iekaisuma per\u0113k\u013cus.<\/p>\n<p data-start=\"953\" data-end=\"1095\">Ide\u0101li piem\u0113rots visiem \u0101das tipiem, \u012bpa\u0161i nobriedu\u0161ai \u0101dai, kurai nepiecie\u0161ama re\u0123ener\u0101cija, ar raupju virsmu un nevienm\u0113r\u012bgu \u0101das strukt\u016bru.<\/p>\n<p data-start=\"1097\" data-end=\"1118\"><strong data-start=\"1097\" data-end=\"1109\">Tilpums:<\/strong> 3 x 2 ml<\/p>\n","protected":false},"excerpt":{"rendered":"<p data-start=\"1507\" data-end=\"1538\">Nakts koncentr\u0101ts ar AHA sk\u0101b\u0113m<\/p>\n<h2 data-start=\"1540\" data-end=\"1584\"><strong data-start=\"1540\" data-end=\"1584\">\u012apa\u0161\u012bbas Reviderm &#8211; AHA Refining Ampoule<\/strong><\/h2>\n<p data-start=\"1586\" data-end=\"1820\">\u2714\ufe0f Stimul\u0113 \u0161\u016bnu atjauno\u0161anos un izl\u012bdzina mikroreljefu<br data-start=\"1640\" data-end=\"1643\" \/>\u2714\ufe0f Uzlabo sejas toni un pie\u0161\u0137ir mirdzumu<br data-start=\"1683\" data-end=\"1686\" \/>\u2714\ufe0f Izl\u012bdzina s\u012bk\u0101s krunci\u0146as<br data-start=\"1714\" data-end=\"1717\" \/>\u2714\ufe0f Samazina poras un regul\u0113 sebuma izdal\u012b\u0161anos<br data-start=\"1763\" data-end=\"1766\" \/>\u2714\ufe0f Palielina turpm\u0101ko kop\u0161anas l\u012bdzek\u013cu efektivit\u0101ti<\/p>\n","protected":false},"featured_media":39583,"template":"","meta":[],"pwb-brand":[703],"product_brand":[],"product_cat":[749,743,723],"product_tag":[],"giftcard-category":[],"class_list":{"0":"post-73461","1":"product","2":"type-product","3":"status-publish","4":"has-post-thumbnail","6":"pwb-brand-reviderm","7":"product_cat-novecojosa-ada","8":"product_cat-paplasinatas-poras","9":"product_cat-serumi","11":"first","12":"instock","13":"taxable","14":"shipping-taxable","15":"purchasable","16":"product-type-simple"},"acf":[],"brands":[{"id":703,"name":"Reviderm","slug":"reviderm"}],"_links":{"self":[{"href":"https:\/\/skinstudio.ee\/lv\/wp-json\/wp\/v2\/product\/73461","targetHints":{"allow":["GET"]}}],"collection":[{"href":"https:\/\/skinstudio.ee\/lv\/wp-json\/wp\/v2\/product"}],"about":[{"href":"https:\/\/skinstudio.ee\/lv\/wp-json\/wp\/v2\/types\/product"}],"version-history":[{"count":2,"href":"https:\/\/skinstudio.ee\/lv\/wp-json\/wp\/v2\/product\/73461\/revisions"}],"predecessor-version":[{"id":73463,"href":"https:\/\/skinstudio.ee\/lv\/wp-json\/wp\/v2\/product\/73461\/revisions\/73463"}],"wp:featuredmedia":[{"embeddable":true,"href":"https:\/\/skinstudio.ee\/lv\/wp-json\/wp\/v2\/media\/39583"}],"wp:attachment":[{"href":"https:\/\/skinstudio.ee\/lv\/wp-json\/wp\/v2\/media?parent=73461"}],"wp:term":[{"taxonomy":"pwb-brand","embeddable":true,"href":"https:\/\/skinstudio.ee\/lv\/wp-json\/wp\/v2\/pwb-brand?post=73461"},{"taxonomy":"product_brand","embeddable":true,"href":"https:\/\/skinstudio.ee\/lv\/wp-json\/wp\/v2\/product_brand?post=73461"},{"taxonomy":"product_cat","embeddable":true,"href":"https:\/\/skinstudio.ee\/lv\/wp-json\/wp\/v2\/product_cat?post=73461"},{"taxonomy":"product_tag","embeddable":true,"href":"https:\/\/skinstudio.ee\/lv\/wp-json\/wp\/v2\/product_tag?post=73461"},{"taxonomy":"giftcard-category","embeddable":true,"href":"https:\/\/skinstudio.ee\/lv\/wp-json\/wp\/v2\/giftcard-category?post=73461"}],"curies":[{"name":"wp","href":"https:\/\/api.w.org\/{rel}","templated":true}]}}