{"id":73469,"date":"2025-07-19T10:12:45","date_gmt":"2025-07-19T10:12:45","guid":{"rendered":"https:\/\/skinstudio.ee\/?post_type=product&#038;p=73469"},"modified":"2026-01-21T13:57:16","modified_gmt":"2026-01-21T13:57:16","slug":"cera-repairing-ampoule","status":"publish","type":"product","link":"https:\/\/skinstudio.ee\/lv\/catalog\/reviderm\/cera-repairing-ampoule\/","title":{"rendered":"CERA Repairing Ampoule"},"content":{"rendered":"<p data-start=\"136\" data-end=\"862\">Cera Repairing Ampule ir ampulas ar keram\u012bdiem \u0101das barjeras funkcijas atjauno\u0161anai, lip\u012bdu sint\u0113zes uztur\u0113\u0161anai, \u0101das rezistences palielin\u0101\u0161anai un saspringuma un lob\u012b\u0161an\u0101s saj\u016btas mazin\u0101\u0161anai. \u0100das aizsardz\u012bba pret bakt\u0113rij\u0101m, v\u012brusiem vai s\u0113n\u012bt\u0113m ir \u012bpa\u0161i svar\u012bga, jo \u012bpa\u0161i boj\u0101tas \u0101das un \u0101das slim\u012bbu gad\u012bjum\u0101. Keram\u012bdu komplekss no \u0101dai identiskiem (biomim\u0113tiskiem) lip\u012bdiem stabiliz\u0113 \u0101das barjeru un samazina transepiderm\u0101lo \u016bdens zudumu (TEWL). Keram\u012bdi, piem\u0113ram, sfingolip\u012bdi un fosfolip\u012bdi, ir galven\u0101s dabisk\u0101s lip\u012bdu barjeras sast\u0101vda\u013cas un ir nepiecie\u0161ami vesel\u012bgai \u0101dai. Tie stiprina aizsargfunkcijas un atjauno lip\u012bdu barjeru p\u0113c boj\u0101jumiem. Vienlaikus \u0161ie komponenti nov\u0113r\u0161 eksog\u0113no kairin\u0101t\u0101ju iek\u013c\u016b\u0161anu \u0101d\u0101.<\/p>\n<p data-start=\"864\" data-end=\"1018\">Cera Repairing Ampule ir piem\u0113rotas visiem \u0101das tipiem, \u012bpa\u0161i \u0101dai ar pirmaj\u0101m noveco\u0161an\u0101s paz\u012bm\u0113m, ar boj\u0101tu barjeru un nepiecie\u0161am\u012bbu p\u0113c re\u0123ener\u0101cijas.<\/p>\n<p data-start=\"1020\" data-end=\"1041\"><strong data-start=\"1020\" data-end=\"1032\">Tilpums:<\/strong> 7 x 2 ml<\/p>\n","protected":false},"excerpt":{"rendered":"<p data-start=\"1435\" data-end=\"1467\">Atjaunojo\u0161a ampula ar keram\u012bdiem<\/p>\n<h2 data-start=\"1469\" data-end=\"1515\"><strong data-start=\"1469\" data-end=\"1515\">\u012apa\u0161\u012bbas Reviderm &#8211; CERA Repairing Ampoule<\/strong><\/h2>\n<p data-start=\"1517\" data-end=\"1748\">\u2714\ufe0f Stiprina un atjauno \u0101das aizsargbarjeru<br data-start=\"1559\" data-end=\"1562\" \/>\u2714\ufe0f Nov\u0113r\u0161 mitruma zudumu un dehidrat\u0101ciju<br data-start=\"1603\" data-end=\"1606\" \/>\u2714\ufe0f Nomierina kairin\u0101tu un jut\u012bgu \u0101du<br data-start=\"1642\" data-end=\"1645\" \/>\u2714\ufe0f Palielina iztur\u012bbu pret \u0101r\u0113jiem kairin\u0101t\u0101jiem<br data-start=\"1693\" data-end=\"1696\" \/>\u2714\ufe0f Piem\u0113rota sausai, stres\u0113tai un nov\u0101jin\u0101tai \u0101dai<\/p>\n","protected":false},"featured_media":39572,"template":"","meta":[],"pwb-brand":[703],"product_brand":[],"product_cat":[737,749,723],"product_tag":[],"giftcard-category":[],"class_list":{"0":"post-73469","1":"product","2":"type-product","3":"status-publish","4":"has-post-thumbnail","6":"pwb-brand-reviderm","7":"product_cat-mitrinasana","8":"product_cat-novecojosa-ada","9":"product_cat-serumi","11":"first","12":"instock","13":"taxable","14":"shipping-taxable","15":"purchasable","16":"product-type-simple"},"acf":[],"brands":[{"id":703,"name":"Reviderm","slug":"reviderm"}],"_links":{"self":[{"href":"https:\/\/skinstudio.ee\/lv\/wp-json\/wp\/v2\/product\/73469","targetHints":{"allow":["GET"]}}],"collection":[{"href":"https:\/\/skinstudio.ee\/lv\/wp-json\/wp\/v2\/product"}],"about":[{"href":"https:\/\/skinstudio.ee\/lv\/wp-json\/wp\/v2\/types\/product"}],"version-history":[{"count":1,"href":"https:\/\/skinstudio.ee\/lv\/wp-json\/wp\/v2\/product\/73469\/revisions"}],"predecessor-version":[{"id":73470,"href":"https:\/\/skinstudio.ee\/lv\/wp-json\/wp\/v2\/product\/73469\/revisions\/73470"}],"wp:featuredmedia":[{"embeddable":true,"href":"https:\/\/skinstudio.ee\/lv\/wp-json\/wp\/v2\/media\/39572"}],"wp:attachment":[{"href":"https:\/\/skinstudio.ee\/lv\/wp-json\/wp\/v2\/media?parent=73469"}],"wp:term":[{"taxonomy":"pwb-brand","embeddable":true,"href":"https:\/\/skinstudio.ee\/lv\/wp-json\/wp\/v2\/pwb-brand?post=73469"},{"taxonomy":"product_brand","embeddable":true,"href":"https:\/\/skinstudio.ee\/lv\/wp-json\/wp\/v2\/product_brand?post=73469"},{"taxonomy":"product_cat","embeddable":true,"href":"https:\/\/skinstudio.ee\/lv\/wp-json\/wp\/v2\/product_cat?post=73469"},{"taxonomy":"product_tag","embeddable":true,"href":"https:\/\/skinstudio.ee\/lv\/wp-json\/wp\/v2\/product_tag?post=73469"},{"taxonomy":"giftcard-category","embeddable":true,"href":"https:\/\/skinstudio.ee\/lv\/wp-json\/wp\/v2\/giftcard-category?post=73469"}],"curies":[{"name":"wp","href":"https:\/\/api.w.org\/{rel}","templated":true}]}}