{"id":73479,"date":"2025-07-19T10:04:12","date_gmt":"2025-07-19T10:04:12","guid":{"rendered":"https:\/\/skinstudio.ee\/?post_type=product&#038;p=73479"},"modified":"2026-01-21T13:57:20","modified_gmt":"2026-01-21T13:57:20","slug":"peptide-tightening-ampoule","status":"publish","type":"product","link":"https:\/\/skinstudio.ee\/lv\/catalog\/reviderm\/peptide-tightening-ampoule\/","title":{"rendered":"Peptide Tightening Ampoule"},"content":{"rendered":"<p data-start=\"136\" data-end=\"870\">Peptide Tightening Ampoule ir ampulas ar pept\u012bdu kompleksu kolag\u0113na sint\u0113zes stimul\u0113\u0161anai, \u0101das tvirtuma un elast\u012bbas palielin\u0101\u0161anai, k\u0101 ar\u012b grumbu korekcijai. Komplekss apvieno 4 re\u0123ener\u0113jo\u0161us augsto tehnolo\u0123iju pept\u012bdus \u0101das atjauno\u0161anai un restrukturiz\u0101cijai visos l\u012bme\u0146os. Palmitoil tetrapept\u012bds-72 saglab\u0101 jaun\u012bbu un elast\u012bbu, palielina \u0101das bl\u012bvumu un tvirtumu. \u0100da k\u013c\u016bst stingr\u0101ka, un redzamo noveco\u0161an\u0101s paz\u012bmju par\u0101d\u012b\u0161an\u0101s pal\u0113nin\u0101s. Palmitoil tripept\u012bds-1 un palmitoil tetrapept\u012bds-7 uzlabo \u0101das dabiskos re\u0123ener\u0101cijas meh\u0101nismus. Tie aktiviz\u0113 fibroblastus, pastiprina kolag\u0113na atjauno\u0161anos un uzlabo elast\u012bbu, kompens\u0113 saistaudu \u0161\u0137iedraino strukt\u016bru defic\u012btu, k\u0101 rezult\u0101t\u0101 samazin\u0101s grumbu dzi\u013cums un uzlabojas \u0101das reljefs.<\/p>\n<p data-start=\"872\" data-end=\"1028\">Piem\u0113rots visiem \u0101das tipiem, \u012bpa\u0161i \u0101dai, kurai nepiecie\u0161ama re\u0123ener\u0101cija, un nobriedu\u0161ai \u0101dai ar samazin\u0101tu elast\u012bbu l\u012bdz pat elastozes paz\u012bm\u0113m un grumb\u0101m.<\/p>\n<p data-start=\"1030\" data-end=\"1051\"><strong data-start=\"1030\" data-end=\"1042\">Tilpums:<\/strong> 7 x 2 ml<\/p>\n","protected":false},"excerpt":{"rendered":"<p data-start=\"1445\" data-end=\"1473\">Liftinga ampula ar pept\u012bdiem<\/p>\n<h2 data-start=\"1475\" data-end=\"1514\"><strong data-start=\"1475\" data-end=\"1514\">\u012apa\u0161\u012bbas Reviderm &#8211; Peptide Tightening Ampoule<\/strong><\/h2>\n<p data-start=\"1516\" data-end=\"1748\">\u2714\ufe0f Stiprina \u0101das strukt\u016bru un palielina t\u0101s bl\u012bvumu<br data-start=\"1567\" data-end=\"1570\" \/>\u2714\ufe0f Stimul\u0113 kolag\u0113na un elast\u012bna sint\u0113zi<br data-start=\"1609\" data-end=\"1612\" \/>\u2714\ufe0f Izl\u012bdzina m\u012bmisk\u0101s un vecuma grumbas<br data-start=\"1651\" data-end=\"1654\" \/>\u2714\ufe0f Palielina \u0101das tvirtumu un elast\u012bbu<br data-start=\"1692\" data-end=\"1695\" \/>\u2714\ufe0f Nodro\u0161ina pretnoveco\u0161an\u0101s efektu bez kairin\u0101juma<\/p>\n","protected":false},"featured_media":63985,"template":"","meta":[],"pwb-brand":[703],"product_brand":[],"product_cat":[737,749,723],"product_tag":[],"giftcard-category":[],"class_list":{"0":"post-73479","1":"product","2":"type-product","3":"status-publish","4":"has-post-thumbnail","6":"pwb-brand-reviderm","7":"product_cat-mitrinasana","8":"product_cat-novecojosa-ada","9":"product_cat-serumi","11":"first","12":"instock","13":"taxable","14":"shipping-taxable","15":"purchasable","16":"product-type-simple"},"acf":[],"brands":[{"id":703,"name":"Reviderm","slug":"reviderm"}],"_links":{"self":[{"href":"https:\/\/skinstudio.ee\/lv\/wp-json\/wp\/v2\/product\/73479","targetHints":{"allow":["GET"]}}],"collection":[{"href":"https:\/\/skinstudio.ee\/lv\/wp-json\/wp\/v2\/product"}],"about":[{"href":"https:\/\/skinstudio.ee\/lv\/wp-json\/wp\/v2\/types\/product"}],"version-history":[{"count":3,"href":"https:\/\/skinstudio.ee\/lv\/wp-json\/wp\/v2\/product\/73479\/revisions"}],"predecessor-version":[{"id":73482,"href":"https:\/\/skinstudio.ee\/lv\/wp-json\/wp\/v2\/product\/73479\/revisions\/73482"}],"wp:featuredmedia":[{"embeddable":true,"href":"https:\/\/skinstudio.ee\/lv\/wp-json\/wp\/v2\/media\/63985"}],"wp:attachment":[{"href":"https:\/\/skinstudio.ee\/lv\/wp-json\/wp\/v2\/media?parent=73479"}],"wp:term":[{"taxonomy":"pwb-brand","embeddable":true,"href":"https:\/\/skinstudio.ee\/lv\/wp-json\/wp\/v2\/pwb-brand?post=73479"},{"taxonomy":"product_brand","embeddable":true,"href":"https:\/\/skinstudio.ee\/lv\/wp-json\/wp\/v2\/product_brand?post=73479"},{"taxonomy":"product_cat","embeddable":true,"href":"https:\/\/skinstudio.ee\/lv\/wp-json\/wp\/v2\/product_cat?post=73479"},{"taxonomy":"product_tag","embeddable":true,"href":"https:\/\/skinstudio.ee\/lv\/wp-json\/wp\/v2\/product_tag?post=73479"},{"taxonomy":"giftcard-category","embeddable":true,"href":"https:\/\/skinstudio.ee\/lv\/wp-json\/wp\/v2\/giftcard-category?post=73479"}],"curies":[{"name":"wp","href":"https:\/\/api.w.org\/{rel}","templated":true}]}}