{"id":73489,"date":"2025-07-19T09:33:17","date_gmt":"2025-07-19T09:33:17","guid":{"rendered":"https:\/\/skinstudio.ee\/?post_type=product&#038;p=73489"},"modified":"2026-01-21T13:57:18","modified_gmt":"2026-01-21T13:57:18","slug":"hyal-plumping-ampoule","status":"publish","type":"product","link":"https:\/\/skinstudio.ee\/lv\/catalog\/reviderm\/hyal-plumping-ampoule\/","title":{"rendered":"HYAL Plumping Ampoule"},"content":{"rendered":"<p data-start=\"126\" data-end=\"902\">Hyal Plumping Ampoule ir ampulas ar hialuronsk\u0101bi intens\u012bvai \u0101das mitrin\u0101\u0161anai ar ilgsto\u0161u iedarb\u012bbu, kas nov\u0113r\u0161 grumbas, ko izraisa dehidrat\u0101cija. Inovat\u012bv\u0101 nes\u0113jsist\u0113ma, kas sast\u0101v no \u0161\u0137\u0113rssaist\u012btas hialuronsk\u0101bes, nep\u0101rtraukti izdala mitrumu \u0101dai vair\u0101ku stundu garum\u0101 un darbojas k\u0101 ilgnotur\u012bgs pild\u012bt\u0101js. Tr\u012bsdimensiju hialuronsk\u0101bes t\u012bkls nodro\u0161ina intens\u012bvu mitrin\u0101\u0161anu un saista mitrumu, palielinot elast\u012bbu un samazinot smalk\u0101s l\u012bnijas un grumbi\u0146as. P\u0113c uzkl\u0101\u0161anas \u0101das pa\u0161a hialuronid\u0101ze (enz\u012bmi) pak\u0101peniski no\u0101rda \u0161o t\u012bklu, veidojot \u012bs\u0101kas hialuronsk\u0101bes \u0137\u0113des un atbr\u012bvojot t\u0101s laika gait\u0101 (pak\u0101peniskas izdal\u012b\u0161an\u0101s efekts). T\u0101d\u0113j\u0101di mitrums tiek past\u0101v\u012bgi notur\u0113ts, tiek nov\u0113rsts pa\u0161a \u0101das \u016bdens zudums, un \u0101da tiek aizsarg\u0101ta ar\u012b no \u0101r\u0113jiem vides pies\u0101r\u0146ot\u0101jiem.<\/p>\n<p data-start=\"904\" data-end=\"1050\">Piem\u0113rots visiem \u0101das tipiem, \u012bpa\u0161i \u0101dai, kurai nepiecie\u0161ama re\u0123ener\u0101cija, un nobriedu\u0161ai \u0101dai ar mitruma tr\u016bkumu, sausumu un noslieci uz milij\u0101m.<\/p>\n<p data-start=\"1052\" data-end=\"1073\"><strong data-start=\"1052\" data-end=\"1064\">Tilpums:<\/strong> 3 x 2 ml<\/p>\n","protected":false},"excerpt":{"rendered":"<p data-start=\"1467\" data-end=\"1509\">Ampulas ar hialuronsk\u0101bi \u0101das mitrin\u0101\u0161anai<\/p>\n<h2 data-start=\"1511\" data-end=\"1556\"><strong data-start=\"1511\" data-end=\"1556\">\u012apa\u0161\u012bbas Reviderm &#8211; HYAL Plumping Ampoule<\/strong><\/h2>\n<p data-start=\"1558\" data-end=\"1778\">\u2714\ufe0f Nodro\u0161ina dzi\u013cu un ilgsto\u0161u \u0101das mitrin\u0101\u0161anu<br data-start=\"1605\" data-end=\"1608\" \/>\u2714\ufe0f Vizu\u0101li izl\u012bdzina smalk\u0101s grumbi\u0146as<br data-start=\"1646\" data-end=\"1649\" \/>\u2714\ufe0f Palielina \u0101das tvirtumu un elast\u012bbu<br data-start=\"1687\" data-end=\"1690\" \/>\u2714\ufe0f Atjauno epidermas apjomu un bl\u012bvumu<br data-start=\"1728\" data-end=\"1731\" \/>\u2714\ufe0f Padara \u0101du svaigu, piepild\u012btu un starojo\u0161u<\/p>\n","protected":false},"featured_media":39543,"template":"","meta":[],"pwb-brand":[703],"product_brand":[],"product_cat":[737,749,739,723],"product_tag":[],"giftcard-category":[],"class_list":{"0":"post-73489","1":"product","2":"type-product","3":"status-publish","4":"has-post-thumbnail","6":"pwb-brand-reviderm","7":"product_cat-mitrinasana","8":"product_cat-novecojosa-ada","9":"product_cat-sausai-adai","10":"product_cat-serumi","12":"first","13":"instock","14":"taxable","15":"shipping-taxable","16":"purchasable","17":"product-type-simple"},"acf":[],"brands":[{"id":703,"name":"Reviderm","slug":"reviderm"}],"_links":{"self":[{"href":"https:\/\/skinstudio.ee\/lv\/wp-json\/wp\/v2\/product\/73489","targetHints":{"allow":["GET"]}}],"collection":[{"href":"https:\/\/skinstudio.ee\/lv\/wp-json\/wp\/v2\/product"}],"about":[{"href":"https:\/\/skinstudio.ee\/lv\/wp-json\/wp\/v2\/types\/product"}],"version-history":[{"count":1,"href":"https:\/\/skinstudio.ee\/lv\/wp-json\/wp\/v2\/product\/73489\/revisions"}],"predecessor-version":[{"id":73490,"href":"https:\/\/skinstudio.ee\/lv\/wp-json\/wp\/v2\/product\/73489\/revisions\/73490"}],"wp:featuredmedia":[{"embeddable":true,"href":"https:\/\/skinstudio.ee\/lv\/wp-json\/wp\/v2\/media\/39543"}],"wp:attachment":[{"href":"https:\/\/skinstudio.ee\/lv\/wp-json\/wp\/v2\/media?parent=73489"}],"wp:term":[{"taxonomy":"pwb-brand","embeddable":true,"href":"https:\/\/skinstudio.ee\/lv\/wp-json\/wp\/v2\/pwb-brand?post=73489"},{"taxonomy":"product_brand","embeddable":true,"href":"https:\/\/skinstudio.ee\/lv\/wp-json\/wp\/v2\/product_brand?post=73489"},{"taxonomy":"product_cat","embeddable":true,"href":"https:\/\/skinstudio.ee\/lv\/wp-json\/wp\/v2\/product_cat?post=73489"},{"taxonomy":"product_tag","embeddable":true,"href":"https:\/\/skinstudio.ee\/lv\/wp-json\/wp\/v2\/product_tag?post=73489"},{"taxonomy":"giftcard-category","embeddable":true,"href":"https:\/\/skinstudio.ee\/lv\/wp-json\/wp\/v2\/giftcard-category?post=73489"}],"curies":[{"name":"wp","href":"https:\/\/api.w.org\/{rel}","templated":true}]}}