{"id":73497,"date":"2025-07-19T09:23:49","date_gmt":"2025-07-19T09:23:49","guid":{"rendered":"https:\/\/skinstudio.ee\/?post_type=product&#038;p=73497"},"modified":"2026-01-21T13:57:16","modified_gmt":"2026-01-21T13:57:16","slug":"c-revitalizing-ampoule","status":"publish","type":"product","link":"https:\/\/skinstudio.ee\/lv\/catalog\/reviderm\/c-revitalizing-ampoule\/","title":{"rendered":"C Revitalizing Ampoule"},"content":{"rendered":"<p data-start=\"126\" data-end=\"918\">C Revitalizing Ampoule ir kopjo\u0161a ampula \u0101das atjauno\u0161anai un revitaliz\u0101cijai. Formulas pamat\u0101 ir sp\u0113c\u012bgs antioksidants \u2013 e\u013c\u013c\u0101 iz\u0161\u0137\u012bdin\u0101ts C vitam\u012bns. Bez\u016bdens C vitam\u012bna e\u013c\u013ca tiek izmantota k\u0101 intens\u012bvs l\u012bdzeklis \u0101das atdz\u012bvin\u0101\u0161anai un re\u0123ener\u0101cijai. Inovat\u012bv\u0101 jut\u012bg\u0101 vitam\u012bna apstr\u0101de nodro\u0161ina maksim\u0101lu stabilit\u0101ti, izcilu iek\u013c\u016b\u0161anu un biopieejam\u012bbu, k\u0101 ar\u012b \u013cauj \u0101dai labi panest \u013coti augstu C vitam\u012bna koncentr\u0101ciju. Atjaunojo\u0161\u0101 C Revitalizing Ampule aktiviz\u0113 kolag\u0113na re\u0123ener\u0101ciju un akt\u012bvi kav\u0113 ar vecumu saist\u012bto degrad\u0101ciju. K\u0101 sp\u0113c\u012bgs antioksidants C vitam\u012bns aizsarg\u0101 \u0161\u016bnas no br\u012bvo radik\u0101\u013cu kait\u012bg\u0101s ietekmes uz \u0101du. Pozit\u012bv\u0101 ietekme uz vielmai\u0146u atbalsta \u0161\u016bnu dz\u012bvotsp\u0113ju. Inhib\u0113jot tirozin\u0101zi (enz\u012bmu, kas aktiviz\u0113 melan\u012bnu), C vitam\u012bns ar\u012b efekt\u012bvi iedarbojas pret pigment\u0101ciju.<\/p>\n<p data-start=\"920\" data-end=\"1096\">Ide\u0101li piem\u0113rots norm\u0101lai un sausai \u0101dai, \u012bpa\u0161i nobriedu\u0161ai \u0101dai, kurai nepiecie\u0161ama re\u0123ener\u0101cija, ar samazin\u0101tu elast\u012bbu l\u012bdz pat elastozes paz\u012bm\u0113m un nevienm\u0113r\u012bgu sejas toni.<\/p>\n<p data-start=\"1098\" data-end=\"1119\"><strong data-start=\"1098\" data-end=\"1110\">Tilpums:<\/strong> 3 x 2 ml<\/p>\n","protected":false},"excerpt":{"rendered":"<p data-start=\"1508\" data-end=\"1542\">Antioksidanta ampula ar C vitam\u012bnu<\/p>\n<h2 data-start=\"1544\" data-end=\"1590\"><strong data-start=\"1544\" data-end=\"1590\">\u012apa\u0161\u012bbas Reviderm &#8211; C Revitalizing Ampoule<\/strong><\/h2>\n<p data-start=\"1592\" data-end=\"1876\">\u2714\ufe0f Aizsarg\u0101 pret priek\u0161laic\u012bgu \u0101das noveco\u0161anos<br data-start=\"1639\" data-end=\"1642\" \/>\u2714\ufe0f Piem\u012bt izteikta revitaliz\u0113jo\u0161a un atjaunojo\u0161a iedarb\u012bba<br data-start=\"1700\" data-end=\"1703\" \/>\u2714\ufe0f Sp\u0113c\u012bgs antioksidants: aizsarg\u0101 \u0161\u016bnas no oksidat\u012bv\u0101 stresa<br data-start=\"1764\" data-end=\"1767\" \/>\u2714\ufe0f Atbalsta \u0161\u016bnu aktivit\u0101ti un dz\u012bvotsp\u0113ju<br data-start=\"1809\" data-end=\"1812\" \/>\u2714\ufe0f Stimul\u0113 kolag\u0113na sint\u0113zi, stiprina un uzlabo sejas kont\u016bras<\/p>\n","protected":false},"featured_media":39532,"template":"","meta":[],"pwb-brand":[703],"product_brand":[],"product_cat":[729,737,749,751,739,723],"product_tag":[],"giftcard-category":[],"class_list":{"0":"post-73497","1":"product","2":"type-product","3":"status-publish","4":"has-post-thumbnail","6":"pwb-brand-reviderm","7":"product_cat-c-vitamins","8":"product_cat-mitrinasana","9":"product_cat-novecojosa-ada","10":"product_cat-pigmentacija-lv","11":"product_cat-sausai-adai","12":"product_cat-serumi","14":"first","15":"instock","16":"taxable","17":"shipping-taxable","18":"purchasable","19":"product-type-simple"},"acf":[],"brands":[{"id":703,"name":"Reviderm","slug":"reviderm"}],"_links":{"self":[{"href":"https:\/\/skinstudio.ee\/lv\/wp-json\/wp\/v2\/product\/73497","targetHints":{"allow":["GET"]}}],"collection":[{"href":"https:\/\/skinstudio.ee\/lv\/wp-json\/wp\/v2\/product"}],"about":[{"href":"https:\/\/skinstudio.ee\/lv\/wp-json\/wp\/v2\/types\/product"}],"version-history":[{"count":1,"href":"https:\/\/skinstudio.ee\/lv\/wp-json\/wp\/v2\/product\/73497\/revisions"}],"predecessor-version":[{"id":73498,"href":"https:\/\/skinstudio.ee\/lv\/wp-json\/wp\/v2\/product\/73497\/revisions\/73498"}],"wp:featuredmedia":[{"embeddable":true,"href":"https:\/\/skinstudio.ee\/lv\/wp-json\/wp\/v2\/media\/39532"}],"wp:attachment":[{"href":"https:\/\/skinstudio.ee\/lv\/wp-json\/wp\/v2\/media?parent=73497"}],"wp:term":[{"taxonomy":"pwb-brand","embeddable":true,"href":"https:\/\/skinstudio.ee\/lv\/wp-json\/wp\/v2\/pwb-brand?post=73497"},{"taxonomy":"product_brand","embeddable":true,"href":"https:\/\/skinstudio.ee\/lv\/wp-json\/wp\/v2\/product_brand?post=73497"},{"taxonomy":"product_cat","embeddable":true,"href":"https:\/\/skinstudio.ee\/lv\/wp-json\/wp\/v2\/product_cat?post=73497"},{"taxonomy":"product_tag","embeddable":true,"href":"https:\/\/skinstudio.ee\/lv\/wp-json\/wp\/v2\/product_tag?post=73497"},{"taxonomy":"giftcard-category","embeddable":true,"href":"https:\/\/skinstudio.ee\/lv\/wp-json\/wp\/v2\/giftcard-category?post=73497"}],"curies":[{"name":"wp","href":"https:\/\/api.w.org\/{rel}","templated":true}]}}