{"id":73504,"date":"2025-07-19T09:14:05","date_gmt":"2025-07-19T09:14:05","guid":{"rendered":"https:\/\/skinstudio.ee\/?post_type=product&#038;p=73504"},"modified":"2026-01-21T13:57:20","modified_gmt":"2026-01-21T13:57:20","slug":"pro-microbiome-aged-skin","status":"publish","type":"product","link":"https:\/\/skinstudio.ee\/lv\/catalog\/reviderm\/pro-microbiome-aged-skin\/","title":{"rendered":"Pro Microbiome Aged Skin"},"content":{"rendered":"<p data-start=\"132\" data-end=\"401\">Unik\u0101lais mikrobiotiskais komplekss I.N.L ir izstr\u0101d\u0101ts \u012bpa\u0161i nobriedu\u0161as \u0101das vajadz\u012bb\u0101m. Tas apvieno prebiotikas, probiotikas, postbiotikas un t\u0101 sauktos \u201ckomunik\u0101cijas hakerus\u201d \u2014 vielas, kas regul\u0113 mikrofloras l\u012bdzsvaru un aizsarg\u0101 \u0101du no priek\u0161laic\u012bgas noveco\u0161an\u0101s.<\/p>\n<p data-start=\"403\" data-end=\"478\"><strong data-start=\"403\" data-end=\"418\">I (Inul\u012bns)<\/strong> \u2014 prebiotika, kas kalpo k\u0101 bar\u012bba labv\u0113l\u012bgaj\u0101m bakt\u0113rij\u0101m<\/p>\n<p data-start=\"480\" data-end=\"564\"><strong data-start=\"480\" data-end=\"492\">N (Noni)<\/strong> \u2014 cilmes \u0161\u016bnu ekstrakts, kas nov\u0113r\u0161 kait\u012bgu mikrobu pl\u0113vju veido\u0161anos<\/p>\n<p data-start=\"566\" data-end=\"653\"><strong data-start=\"566\" data-end=\"595\">L (Laktobakt\u0113riju liz\u0101ts)<\/strong> \u2014 probiotika, kas stiprina un stabiliz\u0113 \u0101das mikrobiomu<\/p>\n<p data-start=\"655\" data-end=\"784\"><strong data-start=\"655\" data-end=\"675\">Bacillus Ferment<\/strong> \u2014 postbiotika, kas pastiprina \u0101das aizsardz\u012bbu, izl\u012bdzina grumbas un veicina pa\u0161a antioksidantu veido\u0161anos<\/p>\n<p data-start=\"786\" data-end=\"972\">\u0160is komplekss atjauno mikrobiolo\u0123isko l\u012bdzsvaru, samazina iekaisumu, atbalsta antioksidantu aizsardz\u012bbu un stiprina \u0101das strukt\u016bru. Rezult\u0101t\u0101 \u0101da k\u013c\u016bst iztur\u012bg\u0101ka, glud\u0101ka un vesel\u012bg\u0101ka.<\/p>\n<p data-start=\"974\" data-end=\"992\"><strong data-start=\"974\" data-end=\"986\">Tilpums:<\/strong> 30 ml<\/p>\n","protected":false},"excerpt":{"rendered":"<p data-start=\"1300\" data-end=\"1338\">Koncentr\u0101ts ar mikrobiotisko kompleksu<\/p>\n<h2 data-start=\"1340\" data-end=\"1388\"><strong data-start=\"1340\" data-end=\"1388\">\u012apa\u0161\u012bbas Reviderm &#8211; Pro Microbiome Aged Skin<\/strong><\/h2>\n<p data-start=\"1390\" data-end=\"1698\">\u2714\ufe0f Atbalsta vesel\u012bgu nobriedu\u0161as \u0101das mikrofloru<br data-start=\"1438\" data-end=\"1441\" \/>\u2714\ufe0f Stimul\u0113 kolag\u0113na sint\u0113zi un palielina \u0101das tvirtumu<br data-start=\"1495\" data-end=\"1498\" \/>\u2714\ufe0f Samazina iekaisumu un palielina \u0101das iztur\u012bbu pret stresu<br data-start=\"1558\" data-end=\"1561\" \/>\u2714\ufe0f Uzlabo barjerfunkcijas un samazina transepiderm\u0101lo mitruma zudumu<br data-start=\"1629\" data-end=\"1632\" \/>\u2714\ufe0f Izl\u012bdzina grumbas un pie\u0161\u0137ir \u0101dai svaigu, l\u012bdzsvarotu izskatu<\/p>\n","protected":false},"featured_media":39507,"template":"","meta":[],"pwb-brand":[703],"product_brand":[],"product_cat":[737,749,723],"product_tag":[],"giftcard-category":[],"class_list":{"0":"post-73504","1":"product","2":"type-product","3":"status-publish","4":"has-post-thumbnail","6":"pwb-brand-reviderm","7":"product_cat-mitrinasana","8":"product_cat-novecojosa-ada","9":"product_cat-serumi","11":"first","12":"instock","13":"taxable","14":"shipping-taxable","15":"purchasable","16":"product-type-simple"},"acf":[],"brands":[{"id":703,"name":"Reviderm","slug":"reviderm"}],"_links":{"self":[{"href":"https:\/\/skinstudio.ee\/lv\/wp-json\/wp\/v2\/product\/73504","targetHints":{"allow":["GET"]}}],"collection":[{"href":"https:\/\/skinstudio.ee\/lv\/wp-json\/wp\/v2\/product"}],"about":[{"href":"https:\/\/skinstudio.ee\/lv\/wp-json\/wp\/v2\/types\/product"}],"version-history":[{"count":1,"href":"https:\/\/skinstudio.ee\/lv\/wp-json\/wp\/v2\/product\/73504\/revisions"}],"predecessor-version":[{"id":73505,"href":"https:\/\/skinstudio.ee\/lv\/wp-json\/wp\/v2\/product\/73504\/revisions\/73505"}],"wp:featuredmedia":[{"embeddable":true,"href":"https:\/\/skinstudio.ee\/lv\/wp-json\/wp\/v2\/media\/39507"}],"wp:attachment":[{"href":"https:\/\/skinstudio.ee\/lv\/wp-json\/wp\/v2\/media?parent=73504"}],"wp:term":[{"taxonomy":"pwb-brand","embeddable":true,"href":"https:\/\/skinstudio.ee\/lv\/wp-json\/wp\/v2\/pwb-brand?post=73504"},{"taxonomy":"product_brand","embeddable":true,"href":"https:\/\/skinstudio.ee\/lv\/wp-json\/wp\/v2\/product_brand?post=73504"},{"taxonomy":"product_cat","embeddable":true,"href":"https:\/\/skinstudio.ee\/lv\/wp-json\/wp\/v2\/product_cat?post=73504"},{"taxonomy":"product_tag","embeddable":true,"href":"https:\/\/skinstudio.ee\/lv\/wp-json\/wp\/v2\/product_tag?post=73504"},{"taxonomy":"giftcard-category","embeddable":true,"href":"https:\/\/skinstudio.ee\/lv\/wp-json\/wp\/v2\/giftcard-category?post=73504"}],"curies":[{"name":"wp","href":"https:\/\/api.w.org\/{rel}","templated":true}]}}