{"id":73511,"date":"2025-07-19T09:13:45","date_gmt":"2025-07-19T09:13:45","guid":{"rendered":"https:\/\/skinstudio.ee\/?post_type=product&#038;p=73511"},"modified":"2026-01-21T13:57:20","modified_gmt":"2026-01-21T13:57:20","slug":"pro-microbiome-oily-skin","status":"publish","type":"product","link":"https:\/\/skinstudio.ee\/lv\/catalog\/reviderm\/pro-microbiome-oily-skin\/","title":{"rendered":"Pro Microbiome Oily Skin"},"content":{"rendered":"<p data-start=\"186\" data-end=\"364\">Unik\u0101lais mikrobiotiskais komplekss <strong data-start=\"222\" data-end=\"231\">N.I.L<\/strong> ir izstr\u0101d\u0101ts \u012bpa\u0161i taukainai un kombin\u0113tai \u0101dai. Tas atjauno mikrofloras l\u012bdzsvaru, regul\u0113 sebuma izdal\u012b\u0161anos un nov\u0113r\u0161 iekaisumus.<\/p>\n<p data-start=\"366\" data-end=\"517\"><strong data-start=\"366\" data-end=\"378\">N (Noni)<\/strong> \u2014 cilmes \u0161\u016bnu ekstrakts, darbojas k\u0101 \u201ckomunik\u0101cijas hakeris\u201d: kav\u0113 mikrobu pl\u0113vju veido\u0161anos un samazina patog\u0113no bakt\u0113riju agresivit\u0101ti<\/p>\n<p data-start=\"519\" data-end=\"610\"><strong data-start=\"519\" data-end=\"534\">I (Inul\u012bns)<\/strong> \u2014 prebiotika, kas baro labv\u0113l\u012bg\u0101s bakt\u0113rijas un uztur vesel\u012bgu mikrofloru<\/p>\n<p data-start=\"612\" data-end=\"699\"><strong data-start=\"612\" data-end=\"641\">L (Laktobakt\u0113riju liz\u0101ts)<\/strong> \u2014 probiotika, kas stiprina un stabiliz\u0113 \u0101das mikrobiomu<\/p>\n<p data-start=\"701\" data-end=\"857\"><strong data-start=\"701\" data-end=\"717\">Azela\u012bnsk\u0101be<\/strong> nosl\u0113dz kompleksa darb\u012bbu k\u0101 postbiotika:<br data-start=\"759\" data-end=\"762\" \/>t\u0101 normaliz\u0113 sebuma izdal\u012b\u0161anos, samazina iekaisumus, izgaismo postakni un nov\u0113r\u0161 pigment\u0101ciju.<\/p>\n<p data-start=\"859\" data-end=\"1029\">Pateicoties daudzfaktoru pieejai, komplekss pal\u012bdz samazin\u0101t taukaino sp\u012bdumu, att\u012bra \u0101du, samazina iekaisuma elementu risku un padara \u0101das toni vienm\u0113r\u012bg\u0101ku un svaig\u0101ku.<\/p>\n<p data-start=\"1031\" data-end=\"1049\"><strong data-start=\"1031\" data-end=\"1043\">Tilpums:<\/strong> 30 ml<\/p>\n","protected":false},"excerpt":{"rendered":"<p data-start=\"1357\" data-end=\"1410\">Koncentr\u0101ts ar mikrobiotisko kompleksu taukainai \u0101dai<\/p>\n<h2 data-start=\"1412\" data-end=\"1460\"><strong data-start=\"1412\" data-end=\"1460\">\u012apa\u0161\u012bbas Reviderm &#8211; Pro Microbiome Oily Skin<\/strong><\/h2>\n<p data-start=\"1462\" data-end=\"1744\">\u2714\ufe0f Normaliz\u0113 taukainas \u0101das mikrobiotu un samazina iekaisumus<br data-start=\"1523\" data-end=\"1526\" \/>\u2714\ufe0f Regul\u0113 sebuma izdal\u012b\u0161anos un samazina taukaino sp\u012bdumu<br data-start=\"1583\" data-end=\"1586\" \/>\u2714\ufe0f Stiprina aizsargbarjeru un uzlabo \u0101das iztur\u012bbu<br data-start=\"1636\" data-end=\"1639\" \/>\u2714\ufe0f Samazina biopl\u0113vju un patog\u0113n\u0101s mikrofloras veido\u0161anos<br data-start=\"1696\" data-end=\"1699\" \/>\u2714\ufe0f Nomierina un l\u012bdzsvaro problem\u0101tisku \u0101du<\/p>\n","protected":false},"featured_media":39521,"template":"","meta":[],"pwb-brand":[703],"product_brand":[],"product_cat":[741,723,747],"product_tag":[],"giftcard-category":[],"class_list":{"0":"post-73511","1":"product","2":"type-product","3":"status-publish","4":"has-post-thumbnail","6":"pwb-brand-reviderm","7":"product_cat-izsitumi","8":"product_cat-serumi","9":"product_cat-taukainai-adai","11":"first","12":"outofstock","13":"taxable","14":"shipping-taxable","15":"purchasable","16":"product-type-simple"},"acf":[],"brands":[{"id":703,"name":"Reviderm","slug":"reviderm"}],"_links":{"self":[{"href":"https:\/\/skinstudio.ee\/lv\/wp-json\/wp\/v2\/product\/73511","targetHints":{"allow":["GET"]}}],"collection":[{"href":"https:\/\/skinstudio.ee\/lv\/wp-json\/wp\/v2\/product"}],"about":[{"href":"https:\/\/skinstudio.ee\/lv\/wp-json\/wp\/v2\/types\/product"}],"version-history":[{"count":1,"href":"https:\/\/skinstudio.ee\/lv\/wp-json\/wp\/v2\/product\/73511\/revisions"}],"predecessor-version":[{"id":73512,"href":"https:\/\/skinstudio.ee\/lv\/wp-json\/wp\/v2\/product\/73511\/revisions\/73512"}],"wp:featuredmedia":[{"embeddable":true,"href":"https:\/\/skinstudio.ee\/lv\/wp-json\/wp\/v2\/media\/39521"}],"wp:attachment":[{"href":"https:\/\/skinstudio.ee\/lv\/wp-json\/wp\/v2\/media?parent=73511"}],"wp:term":[{"taxonomy":"pwb-brand","embeddable":true,"href":"https:\/\/skinstudio.ee\/lv\/wp-json\/wp\/v2\/pwb-brand?post=73511"},{"taxonomy":"product_brand","embeddable":true,"href":"https:\/\/skinstudio.ee\/lv\/wp-json\/wp\/v2\/product_brand?post=73511"},{"taxonomy":"product_cat","embeddable":true,"href":"https:\/\/skinstudio.ee\/lv\/wp-json\/wp\/v2\/product_cat?post=73511"},{"taxonomy":"product_tag","embeddable":true,"href":"https:\/\/skinstudio.ee\/lv\/wp-json\/wp\/v2\/product_tag?post=73511"},{"taxonomy":"giftcard-category","embeddable":true,"href":"https:\/\/skinstudio.ee\/lv\/wp-json\/wp\/v2\/giftcard-category?post=73511"}],"curies":[{"name":"wp","href":"https:\/\/api.w.org\/{rel}","templated":true}]}}